{"id":120562,"date":"2021-12-13T00:00:00","date_gmt":"2021-12-12T23:00:00","guid":{"rendered":"https:\/\/gpl-love.com\/fr\/produit\/yith-remy-food-et-restaurant-wordpress-theme\/"},"modified":"2026-03-20T23:53:52","modified_gmt":"2026-03-20T22:53:52","slug":"yith-remy-food-et-restaurant-wordpress-theme","status":"publish","type":"product","link":"https:\/\/gpl-love.com\/fr\/produit\/yith-remy-food-et-restaurant-wordpress-theme\/","title":{"rendered":"YITH Remy Food et Restaurant WordPress Theme 1.2.3"},"content":{"rendered":"<h3>YITH Remy Food et Restaurant WordPress Theme Traits<\/h3>\n<p>Yith Remy Food and Restaurant WordPress Th\u00e8me est un th\u00e8me incroyablement polyvalent et riche en fonctionnalit\u00e9s m\u00e9ticuleusement con\u00e7u pour r\u00e9pondre sp\u00e9cifiquement aux besoins des entreprises alimentaires et des restaurants. Exploitant la puissance et la flexibilit\u00e9 de la c\u00e9l\u00e8bre plate-forme WordPress, ce th\u00e8me offre une pl\u00e9thore de fonctionnalit\u00e9s avanc\u00e9es et d&rsquo;options de personnalisation qui vous permettent de fa\u00e7onner un site Web extraordinaire qui pr\u00e9sente parfaitement l&rsquo;essence de votre entreprise. B\u00e9n\u00e9ficiant d&rsquo;un design \u00e9l\u00e9gant et contemporain, d&rsquo;une typographie impressionnante et d&rsquo;une disposition personnalisable, Yith Remy sert de vaisseau parfait pour pr\u00e9senter votre menu d\u00e9licieux, des services exceptionnels et des promotions attrayantes. De plus, ce th\u00e8me est pleinement r\u00e9actif, garantissant que votre site Web d\u00e9gagera l&rsquo;excellence et maintiendra son attrait visuel sur tous les appareils. Quelle que soit l&rsquo;\u00e9chelle de votre restaurant, que ce soit petit ou grand, le th\u00e8me WordPress de la nourriture et du restaurant Yith Remy s&rsquo;av\u00e8re \u00eatre un choix exceptionnel qui catapultra sans aucun doute votre entreprise \u00e0 un succ\u00e8s colossal et vous permettra de captiver un public plus large.<\/p>\n<ul>\n<li>Design enti\u00e8rement r\u00e9actif et convivial<\/li>\n<li>Plusieurs dispositions de page d&rsquo;accueil au choix<\/li>\n<li>Sections d&rsquo;en-t\u00eate et de pied de page personnalisables<\/li>\n<li>Int\u00e9gration avec des plugins de r\u00e9servation et de r\u00e9servation populaires<\/li>\n<li>Syst\u00e8me de commande en ligne int\u00e9gr\u00e9 avec des options de paiement<\/li>\n<li>Pages de menu avec diff\u00e9rentes mises en page et options<\/li>\n<li>Sections de t\u00e9moignage et d&rsquo;examen pour les commentaires des clients<\/li>\n<li>Int\u00e9gration avec les plateformes de m\u00e9dias sociaux pour un partage facile<\/li>\n<li>Traduction et multilingue pr\u00eat \u00e0 l&rsquo;usage global<\/li>\n<li>Mises \u00e0 jour r\u00e9guli\u00e8res et soutien des d\u00e9veloppeurs de th\u00e8mes.<\/li>\n<\/ul>\n","protected":false},"excerpt":{"rendered":"<p>Yith Remy Food and Restaurant WordPress Th\u00e8me, r\u00e9put\u00e9 pour son professionnalisme et sa sophistication, poss\u00e8de un design exquis qui est sur mesure pour les sites Web centr\u00e9s sur la nourriture et les restaurants. Ce th\u00e8me, avec sa multitude d&rsquo;options de personnalisation, permet aux utilisateurs de fa\u00e7onner une pr\u00e9sence en ligne visuellement frappante qui incarne parfaitement leur marque et met en valeur leur menu d\u00e9licieux. Offrant de nombreux choix de mise en page, des sch\u00e9mas de couleurs et des polices personnalisables, ainsi qu&rsquo;un \u00e9diteur de glisser-d\u00e9poser navigable sans effort, Yith Remy simplifie le processus de fa\u00e7on de fa\u00e7onner un site Web \u00e0 la fois esth\u00e9tiquement agr\u00e9able et tr\u00e8s fonctionnel. En outre, il est \u00e9quip\u00e9 de pages pr\u00e9-con\u00e7ues d\u00e9di\u00e9es aux menus, aux t\u00e9moignages et aux galeries, garantissant que les utilisateurs ont tous les outils n\u00e9cessaires \u00e0 leur disposition. De plus, ce th\u00e8me est enti\u00e8rement r\u00e9actif, garantissant que votre site Web d\u00e9gagera de magnificence quel que soit l&rsquo;appareil \u00e0 partir de laquelle il est accessible.<\/p>\n","protected":false},"featured_media":146425,"comment_status":"open","ping_status":"open","template":"","meta":[],"product_brand":[2487],"product_cat":[1606,1212,1213],"product_tag":[1437],"class_list":{"0":"post-120562","1":"product","2":"type-product","3":"status-publish","4":"has-post-thumbnail","6":"product_brand-yith","7":"product_cat-restauration-et-restaurant","8":"product_cat-themes","9":"product_cat-wordpress-themes","10":"product_tag-yith","11":"member-discount","12":"discount-restricted","14":"first","15":"instock","16":"sale","17":"downloadable","18":"virtual","19":"sold-individually","20":"purchasable","21":"product-type-simple"},"_links":{"self":[{"href":"https:\/\/gpl-love.com\/fr\/wp-json\/wp\/v2\/product\/120562","targetHints":{"allow":["GET"]}}],"collection":[{"href":"https:\/\/gpl-love.com\/fr\/wp-json\/wp\/v2\/product"}],"about":[{"href":"https:\/\/gpl-love.com\/fr\/wp-json\/wp\/v2\/types\/product"}],"replies":[{"embeddable":true,"href":"https:\/\/gpl-love.com\/fr\/wp-json\/wp\/v2\/comments?post=120562"}],"wp:featuredmedia":[{"embeddable":true,"href":"https:\/\/gpl-love.com\/fr\/wp-json\/wp\/v2\/media\/146425"}],"wp:attachment":[{"href":"https:\/\/gpl-love.com\/fr\/wp-json\/wp\/v2\/media?parent=120562"}],"wp:term":[{"taxonomy":"product_brand","embeddable":true,"href":"https:\/\/gpl-love.com\/fr\/wp-json\/wp\/v2\/product_brand?post=120562"},{"taxonomy":"product_cat","embeddable":true,"href":"https:\/\/gpl-love.com\/fr\/wp-json\/wp\/v2\/product_cat?post=120562"},{"taxonomy":"product_tag","embeddable":true,"href":"https:\/\/gpl-love.com\/fr\/wp-json\/wp\/v2\/product_tag?post=120562"}],"curies":[{"name":"wp","href":"https:\/\/api.w.org\/{rel}","templated":true}]}}