{"id":120560,"date":"2024-08-21T00:00:00","date_gmt":"2024-08-20T22:00:00","guid":{"rendered":"https:\/\/gpl-love.com\/fr\/produit\/email-address-encoder-premium\/"},"modified":"2026-03-20T23:03:52","modified_gmt":"2026-03-20T22:03:52","slug":"email-address-encoder-premium","status":"publish","type":"product","link":"https:\/\/gpl-love.com\/fr\/produit\/email-address-encoder-premium\/","title":{"rendered":"Email Address Encoder Premium 0.3.11"},"content":{"rendered":"<h3>Email Address Encoder Premium Traits<\/h3>\n<p>Adresse e-mail Encodeur Premium, un outil de sauvegarde de la messagerie \u00e9lectronique tr\u00e8s efficace et convivial, offre la capacit\u00e9 de crypter les adresses e-mail de votre site Web, emp\u00eachant ainsi les spammeurs de les extraire. Cet outil remarquable s&rsquo;int\u00e8gre de mani\u00e8re transparente dans le code de votre site Web, en codant automatiquement toutes les adresses e-mail, en les rendant ind\u00e9chiffrables aux bots malveillants, tout en permettant simultan\u00e9ment \u00e0 vos visiteurs de cliquer sans effort dessus et de lancer une correspondance par e-mail avec vous. B\u00e9n\u00e9ficiant d&rsquo;attributs avanc\u00e9s tels que les pr\u00e9f\u00e9rences de codage personnalis\u00e9es et la compatibilit\u00e9 polyvalente sur plusieurs plates-formes, l&rsquo;adresse e-mail Encoder Premium sert de solution id\u00e9ale pour fortifier votre site Web contre l&rsquo;invasion insidieuse du spam e-mail, garantissant la pr\u00e9servation de l&rsquo;int\u00e9grit\u00e9 et de l&rsquo;impr\u00e9cision de votre communication.<\/p>\n<ul>\n<li>S\u00e9curise les adresses e-mail des robots de r\u00e9colte de messagerie<\/li>\n<li>Encode les adresses e-mail d&rsquo;une mani\u00e8re qui pr\u00e9serve leurs fonctionnalit\u00e9s sur les pages Web<\/li>\n<li>Utilise des algorithmes avanc\u00e9s pour obscurcir les adresses e-mail sans compromettre leur accessibilit\u00e9 aux utilisateurs humains<\/li>\n<li>Prot\u00e8ge la confidentialit\u00e9 des utilisateurs et emp\u00eache le spam<\/li>\n<li>Facile \u00e0 installer et \u00e0 utiliser sur diff\u00e9rentes plates-formes (WordPress, Joomla, Drupal, etc.)<\/li>\n<li>Fournit des options de personnalisation pour r\u00e9pondre aux besoins et aux pr\u00e9f\u00e9rences individuelles<\/li>\n<li>Tr\u00e8s compatible avec diff\u00e9rents clients et navigateurs de messagerie<\/li>\n<li>Prend en charge plusieurs m\u00e9thodes d&rsquo;encodage (ASCII, Unicode, JavaScript, etc.)<\/li>\n<li>Fournit une documentation compl\u00e8te et un soutien pour assurer des performances optimales<\/li>\n<li>Abordable et plein de valeur avec des fonctionnalit\u00e9s premium<\/li>\n<\/ul>\n","protected":false},"excerpt":{"rendered":"<p>L&rsquo;adresse e-mail Encoder Premium, un outil tr\u00e8s indispensable, sert le but vital de prot\u00e9ger votre adresse e-mail contre des robots de spam malveillants. En utilisant une technologie de chiffrement de pointe, cet outil remarquablement puissant crypte efficacement votre adresse e-mail, ce qui le rend imperm\u00e9able aux yeux indiscrets des robots de spam, garantissant ainsi la propret\u00e9 vierge et l&rsquo;absence de spam dans votre bo\u00eete de r\u00e9ception. B\u00e9n\u00e9ficiant d&rsquo;un processus d&rsquo;installation remarquablement convivial et d&rsquo;une compatibilit\u00e9 transparente avec tous les principaux clients de messagerie, le codeur d&rsquo;adresse e-mail Premium n&rsquo;exerce aucun impact pr\u00e9judiciable sur la fonctionnalit\u00e9 de votre adresse e-mail. Prot\u00e9gez votre adresse e-mail estim\u00e9e et offrez des adieux \u00e0 la nuisance vivace du spam en adoptant la protection in\u00e9gal\u00e9e offerte par la prime de l&rsquo;encodeur de l&rsquo;adresse e-mail.<\/p>\n","protected":false},"featured_media":143737,"comment_status":"open","ping_status":"open","template":"","meta":[],"product_brand":[2536],"product_cat":[1187,1181,1186],"product_tag":[2291],"class_list":{"0":"post-120560","1":"product","2":"type-product","3":"status-publish","4":"has-post-thumbnail","6":"product_brand-encoder","7":"product_cat-administration-wordpress-plugins","8":"product_cat-plugins","9":"product_cat-wordpress-plugins","10":"product_tag-encoder","11":"member-discount","12":"discount-restricted","14":"first","15":"instock","16":"sale","17":"downloadable","18":"virtual","19":"sold-individually","20":"purchasable","21":"product-type-simple"},"_links":{"self":[{"href":"https:\/\/gpl-love.com\/fr\/wp-json\/wp\/v2\/product\/120560","targetHints":{"allow":["GET"]}}],"collection":[{"href":"https:\/\/gpl-love.com\/fr\/wp-json\/wp\/v2\/product"}],"about":[{"href":"https:\/\/gpl-love.com\/fr\/wp-json\/wp\/v2\/types\/product"}],"replies":[{"embeddable":true,"href":"https:\/\/gpl-love.com\/fr\/wp-json\/wp\/v2\/comments?post=120560"}],"wp:featuredmedia":[{"embeddable":true,"href":"https:\/\/gpl-love.com\/fr\/wp-json\/wp\/v2\/media\/143737"}],"wp:attachment":[{"href":"https:\/\/gpl-love.com\/fr\/wp-json\/wp\/v2\/media?parent=120560"}],"wp:term":[{"taxonomy":"product_brand","embeddable":true,"href":"https:\/\/gpl-love.com\/fr\/wp-json\/wp\/v2\/product_brand?post=120560"},{"taxonomy":"product_cat","embeddable":true,"href":"https:\/\/gpl-love.com\/fr\/wp-json\/wp\/v2\/product_cat?post=120560"},{"taxonomy":"product_tag","embeddable":true,"href":"https:\/\/gpl-love.com\/fr\/wp-json\/wp\/v2\/product_tag?post=120560"}],"curies":[{"name":"wp","href":"https:\/\/api.w.org\/{rel}","templated":true}]}}