{"id":120558,"date":"2024-08-10T00:00:00","date_gmt":"2024-08-09T22:00:00","guid":{"rendered":"https:\/\/gpl-love.com\/fr\/produit\/wpforms-form-locker\/"},"modified":"2026-03-20T23:51:25","modified_gmt":"2026-03-20T22:51:25","slug":"wpforms-form-locker","status":"publish","type":"product","link":"https:\/\/gpl-love.com\/fr\/produit\/wpforms-form-locker\/","title":{"rendered":"WPForms Form Locker 2.8.0"},"content":{"rendered":"<h3>WPForms Form Locker Traits<\/h3>\n<p>WPFORMS Form Locker est un outil incroyablement robuste et puissant qui offre aux propri\u00e9taires de sites Web la capacit\u00e9 in\u00e9gal\u00e9e de restreindre et de r\u00e9guler l&rsquo;acc\u00e8s \u00e0 des formulaires sp\u00e9cifiques qui sont h\u00e9berg\u00e9s sur leur site Web. En offrant ce plugin inestimable, les utilisateurs sont capables de g\u00e9n\u00e9rer et d&rsquo;impl\u00e9menter sans effort et efficacement des formulaires de connexion uniques et personnalis\u00e9s ou des formulaires prot\u00e9g\u00e9s par mot de passe qui sont exclusivement accessibles par des personnes qui ont obtenu une autorisation explicite. La mise en \u0153uvre de ce plugin renforce non seulement les mesures de s\u00e9curit\u00e9 globales de votre site Web, mais elle garantit \u00e9galement que toutes les informations sensibles restent uniquement \u00e0 la port\u00e9e de ceux qui poss\u00e8dent les autorisations appropri\u00e9es. En outre, la beaut\u00e9 de WPForms Form Locker r\u00e9side dans sa conception et ses fonctionnalit\u00e9s conviviales, car elle \u00e9limine le besoin de connaissances ou d&rsquo;expertise de codage avanc\u00e9. Afin de profiter des immenses avantages de cet outil exceptionnel, tout ce que vous avez \u00e0 faire est d&rsquo;installer de mani\u00e8re transparente le plugin, de cr\u00e9er les formulaires souhait\u00e9s et restreints et de proc\u00e9der \u00e0 la cr\u00e9ation des personnes approuv\u00e9es qui leur sont accord\u00e9s. En utilisant efficacement cet outil in\u00e9gal\u00e9, vous pouvez prot\u00e9ger et prot\u00e9ger vos donn\u00e9es inestimables, inculquant ainsi un profond sentiment de tranquillit\u00e9 et de s\u00e9r\u00e9nit\u00e9 dans le c\u0153ur et l&rsquo;esprit de vos utilisateurs estim\u00e9s.<\/p>\n<ul>\n<li>Verrouiller en toute s\u00e9curit\u00e9 les WPFORM en utilisant la protection de mot de passe<\/li>\n<li>Contr\u00f4ler qui peut acc\u00e9der \u00e0 certaines formulaires et aux donn\u00e9es des formulaires<\/li>\n<li>Ajoutez facilement une couche de s\u00e9curit\u00e9 suppl\u00e9mentaire \u00e0 votre site Web<\/li>\n<li>Prot\u00e9ger les informations sensibles contre l&rsquo;acc\u00e8s non autoris\u00e9<\/li>\n<li>Emp\u00eacher les soumissions de spam en restreignant l&rsquo;acc\u00e8s au formulaire<\/li>\n<li>Personnalisez le formulaire de connexion et la messagerie pour s&rsquo;adapter \u00e0 votre marque<\/li>\n<li>Installation rapide et facile avec des instructions \u00e9tape par \u00e9tape<\/li>\n<li>Compatible avec toutes les grandes versions WPFORMS<\/li>\n<li>Assistance client 24\/7 disponible pour toutes les questions ou probl\u00e8mes<\/li>\n<\/ul>\n","protected":false},"excerpt":{"rendered":"<p>WPForms Form Locker est un plugin WordPress tr\u00e8s robuste et efficace qui a \u00e9t\u00e9 m\u00e9ticuleusement con\u00e7u pour r\u00e9pondre aux besoins des utilisateurs qui souhaitent imposer des restrictions \u00e0 l&rsquo;acc\u00e8s \u00e0 des formulaires sp\u00e9cifiques sur leurs sites Web. Ce plugin permet aux utilisateurs de fortifier leurs formulaires avec une couche de s\u00e9curit\u00e9 suppl\u00e9mentaire, contrecarrant par cons\u00e9quent tout acc\u00e8s potentiel non autoris\u00e9 \u00e0 des informations vitales et confidentielles. En configurant des mots de passe, des r\u00f4les utilisateur et d&rsquo;autres param\u00e8tres de contr\u00f4le d&rsquo;acc\u00e8s complexes, les utilisateurs peuvent v\u00e9rifier un syst\u00e8me de protection complet. La configuration et le casier du formulaire de fonctionnement sont un jeu d&rsquo;enfant, gr\u00e2ce \u00e0 son interface conviviale et \u00e0 son int\u00e9gration transparente avec WPFORMS, un g\u00e9n\u00e9rateur de formulaire renomm\u00e9 pour WordPress. Si la sauvegarde de vos donn\u00e9es et la pr\u00e9servation de l&rsquo;int\u00e9grit\u00e9 de vos formulaires sont d&rsquo;une importance capitale, alors le casier du formulaire WPFORMS est sans \u00e9quivoque la solution par excellence pour votre site Web.<\/p>\n","protected":false},"featured_media":146258,"comment_status":"open","ping_status":"open","template":"","meta":[],"product_brand":[2724],"product_cat":[1189,1181,1186],"product_tag":[1415],"class_list":{"0":"post-120558","1":"product","2":"type-product","3":"status-publish","4":"has-post-thumbnail","6":"product_brand-wp-forms","7":"product_cat-personnalisation","8":"product_cat-plugins","9":"product_cat-wordpress-plugins","10":"product_tag-wp-forms","11":"member-discount","12":"discount-restricted","14":"first","15":"instock","16":"sale","17":"downloadable","18":"virtual","19":"sold-individually","20":"purchasable","21":"product-type-simple"},"_links":{"self":[{"href":"https:\/\/gpl-love.com\/fr\/wp-json\/wp\/v2\/product\/120558","targetHints":{"allow":["GET"]}}],"collection":[{"href":"https:\/\/gpl-love.com\/fr\/wp-json\/wp\/v2\/product"}],"about":[{"href":"https:\/\/gpl-love.com\/fr\/wp-json\/wp\/v2\/types\/product"}],"replies":[{"embeddable":true,"href":"https:\/\/gpl-love.com\/fr\/wp-json\/wp\/v2\/comments?post=120558"}],"wp:featuredmedia":[{"embeddable":true,"href":"https:\/\/gpl-love.com\/fr\/wp-json\/wp\/v2\/media\/146258"}],"wp:attachment":[{"href":"https:\/\/gpl-love.com\/fr\/wp-json\/wp\/v2\/media?parent=120558"}],"wp:term":[{"taxonomy":"product_brand","embeddable":true,"href":"https:\/\/gpl-love.com\/fr\/wp-json\/wp\/v2\/product_brand?post=120558"},{"taxonomy":"product_cat","embeddable":true,"href":"https:\/\/gpl-love.com\/fr\/wp-json\/wp\/v2\/product_cat?post=120558"},{"taxonomy":"product_tag","embeddable":true,"href":"https:\/\/gpl-love.com\/fr\/wp-json\/wp\/v2\/product_tag?post=120558"}],"curies":[{"name":"wp","href":"https:\/\/api.w.org\/{rel}","templated":true}]}}