{"id":120554,"date":"2025-06-06T00:00:00","date_gmt":"2025-06-05T22:00:00","guid":{"rendered":"https:\/\/gpl-love.com\/fr\/produit\/mainwp-pro-reports\/"},"modified":"2026-03-28T23:30:44","modified_gmt":"2026-03-28T22:30:44","slug":"mainwp-pro-reports","status":"publish","type":"product","link":"https:\/\/gpl-love.com\/fr\/produit\/mainwp-pro-reports\/","title":{"rendered":"MainWP Pro Reports 5.1"},"content":{"rendered":"<h3>MainWP Pro Reports Traits<\/h3>\n<p>Mainwp Pro Reports, un outil incroyablement robuste, offre aux utilisateurs une m\u00e9thode simple et tr\u00e8s efficace pour g\u00e9n\u00e9rer des rapports approfondis pour leurs sites Web WordPress. Ce plugin exceptionnel permet aux utilisateurs de g\u00e9n\u00e9rer rapidement des rapports englobant un large \u00e9ventail d&rsquo;aspects critiques, y compris des probl\u00e8mes de s\u00e9curit\u00e9 et de pr\u00e9cieuses donn\u00e9es Google Analytics. Par cons\u00e9quent, il sert d&rsquo;atout indispensable pour tous les propri\u00e9taires de sites Web et gestionnaires. Que votre objectif soit de surveiller \u00e9troitement les performances de votre site, de suivre les menaces potentielles de la s\u00e9curit\u00e9 ou d&rsquo;am\u00e9liorer votre compr\u00e9hension de votre public cible, les rapports Mainwp Pro fournissent toutes les fonctionnalit\u00e9s n\u00e9cessaires pour faciliter la prise de d\u00e9cision bien inform\u00e9e et assurer le fonctionnement transparent de votre fonction site Internet. Ainsi, si vous \u00eates \u00e0 la recherche d&rsquo;une solution de reporting fiable et conviviale, les rapports Mainwp Pro sont sans aucun doute le choix id\u00e9al pour vous.<\/p>\n<ul>\n<li>Outil de rapport complet pour la gestion des sites Web.<\/li>\n<li>S&rsquo;int\u00e8gre \u00e0 Mainwp Pro, le premier plugin de gestion WordPress.<\/li>\n<li>G\u00e9n\u00e8re des rapports d\u00e9taill\u00e9s et personnalisables sur les performances du site Web, la s\u00e9curit\u00e9, le contenu, etc.<\/li>\n<li>Fournit un tableau de bord centralis\u00e9 aux utilisateurs pour afficher et g\u00e9rer tous les rapports.<\/li>\n<li>Exportable vers PDF ou CSV pour un partage et une analyse faciles.<\/li>\n<li>Offre une vari\u00e9t\u00e9 de mod\u00e8les de rapports pour les cas d&rsquo;utilisation courants, tels que les rapports clients ou les audits du site.<\/li>\n<li>Permet aux utilisateurs de cr\u00e9er des rapports personnalis\u00e9s avec un g\u00e9n\u00e9rateur de rapports glisser-d\u00e9poser.<\/li>\n<li>Comprend des options d&rsquo;automatisation pour la planification et l&rsquo;envoi de rapports aux clients ou aux membres de l&rsquo;\u00e9quipe.<\/li>\n<li>Prend en charge les rapports multi-sites pour les utilisateurs g\u00e9rant plusieurs sites WordPress.<\/li>\n<li>Continuellement mis \u00e0 jour pour inclure de nouvelles fonctionnalit\u00e9s et am\u00e9liorations.<\/li>\n<li>Fournit un excellent support client via l&rsquo;\u00e9quipe d\u00e9di\u00e9e de MainWP.<\/li>\n<\/ul>\n","protected":false},"excerpt":{"rendered":"<p>Les rapports Mainwp Pro, un outil incroyablement robuste et efficace, ont \u00e9t\u00e9 m\u00e9ticuleusement con\u00e7us pour r\u00e9pondre aux besoins des propri\u00e9taires de sites Web et des d\u00e9veloppeurs qui aspirent \u00e0 des rapports complets et approfondis qui offrent des informations pr\u00e9cieuses sur le fonctionnement complexe de leurs sites WordPress bien-aim\u00e9s. \u00c9quip\u00e9 de cet outil exceptionnel, vous avez la possibilit\u00e9 de fa\u00e7onner des rapports sur mesure qui s&rsquo;\u00e9tendent sur un \u00e9ventail d&rsquo;aspects critiques concernant les performances globales de votre site, englobant les mises \u00e0 jour, les sauvegardes, la s\u00e9curit\u00e9 et un assortiment d&rsquo;autres facteurs pivots. Ces rapports m\u00e9ticuleusement fabriqu\u00e9s sont non seulement un jeu d&rsquo;enfant \u00e0 g\u00e9n\u00e9rer mais aussi un plaisir absolu \u00e0 parcourir, facilitant ainsi la surveillance transparente des performances de votre site Web estim\u00e9 et vous permettant de prendre des d\u00e9cisions bien inform\u00e9es en fonction de la richesse de donn\u00e9es inestimables et m\u00e9ticuleusement organis\u00e9es qui sont facilement \u00e0 votre disposition. Que vous soyez un d\u00e9veloppeur solitaire ou un surveillant astucieux de plusieurs sites Web, la v\u00e9rit\u00e9 ind\u00e9niable demeure que MainWP Pro Reports est un outil indispensable et non n\u00e9gociable qui contribuera sans aucun doute \u00e0 l&rsquo;optimisation optimale de vos sites WordPress ch\u00e9ris.<\/p>\n","protected":false},"featured_media":144438,"comment_status":"open","ping_status":"open","template":"","meta":[],"product_brand":[2587],"product_cat":[1187,1181,1186],"product_tag":[1299],"class_list":{"0":"post-120554","1":"product","2":"type-product","3":"status-publish","4":"has-post-thumbnail","6":"product_brand-main-wp","7":"product_cat-administration-wordpress-plugins","8":"product_cat-plugins","9":"product_cat-wordpress-plugins","10":"product_tag-main-wp","11":"member-discount","12":"discount-restricted","14":"first","15":"instock","16":"sale","17":"downloadable","18":"virtual","19":"sold-individually","20":"purchasable","21":"product-type-simple"},"_links":{"self":[{"href":"https:\/\/gpl-love.com\/fr\/wp-json\/wp\/v2\/product\/120554","targetHints":{"allow":["GET"]}}],"collection":[{"href":"https:\/\/gpl-love.com\/fr\/wp-json\/wp\/v2\/product"}],"about":[{"href":"https:\/\/gpl-love.com\/fr\/wp-json\/wp\/v2\/types\/product"}],"replies":[{"embeddable":true,"href":"https:\/\/gpl-love.com\/fr\/wp-json\/wp\/v2\/comments?post=120554"}],"wp:featuredmedia":[{"embeddable":true,"href":"https:\/\/gpl-love.com\/fr\/wp-json\/wp\/v2\/media\/144438"}],"wp:attachment":[{"href":"https:\/\/gpl-love.com\/fr\/wp-json\/wp\/v2\/media?parent=120554"}],"wp:term":[{"taxonomy":"product_brand","embeddable":true,"href":"https:\/\/gpl-love.com\/fr\/wp-json\/wp\/v2\/product_brand?post=120554"},{"taxonomy":"product_cat","embeddable":true,"href":"https:\/\/gpl-love.com\/fr\/wp-json\/wp\/v2\/product_cat?post=120554"},{"taxonomy":"product_tag","embeddable":true,"href":"https:\/\/gpl-love.com\/fr\/wp-json\/wp\/v2\/product_tag?post=120554"}],"curies":[{"name":"wp","href":"https:\/\/api.w.org\/{rel}","templated":true}]}}