{"id":120552,"date":"2021-12-13T00:00:00","date_gmt":"2021-12-12T23:00:00","guid":{"rendered":"https:\/\/gpl-love.com\/fr\/produit\/easy-digital-downloads-featured-downloads\/"},"modified":"2026-03-20T23:02:03","modified_gmt":"2026-03-20T22:02:03","slug":"easy-digital-downloads-featured-downloads","status":"publish","type":"product","link":"https:\/\/gpl-love.com\/fr\/produit\/easy-digital-downloads-featured-downloads\/","title":{"rendered":"Easy Digital Downloads Featured Downloads 1.0.5"},"content":{"rendered":"<h3>Easy Digital Downloads Featured Downloads Traits<\/h3>\n<p>Les t\u00e9l\u00e9chargements num\u00e9riques faciles en vedette sont un outil tr\u00e8s efficace et efficace qui fournit une aide immense aux propri\u00e9taires de sites Web dans la promotion et la pr\u00e9sentation de leurs produits num\u00e9riques les plus recherch\u00e9s. Ce plugin remarquable accorde aux utilisateurs la capacit\u00e9 de g\u00e9rer et de compiler une liste exclusive de t\u00e9l\u00e9chargements en vedette, qui peuvent \u00eatre facilement pr\u00e9sent\u00e9s sur la page d&rsquo;accueil ou toute page souhait\u00e9e de leur site Web. La polyvalence de ce plugin permet une personnalisation sans effort de ces t\u00e9l\u00e9chargements en vedette gr\u00e2ce \u00e0 l&rsquo;inclusion d&rsquo;images personnalis\u00e9es, de descriptions compl\u00e8tes et de d\u00e9tails de prix pr\u00e9cis. De plus, les propri\u00e9taires de sites Web peuvent \u00e9galement am\u00e9liorer la visibilit\u00e9 de leurs t\u00e9l\u00e9chargements en vedette en incorporant un widget dans la barre lat\u00e9rale de leur site Web. Sans aucun doute, ce plugin exceptionnel sert de choix optimal pour les propri\u00e9taires de sites Web aspirant \u00e0 accentuer leurs produits num\u00e9riques les plus vendus et \u00e0 augmenter leurs chiffres de vente globaux. L&rsquo;interface utilisateur transparente et les options de personnalisation remarquablement adaptables offertes par les t\u00e9l\u00e9chargements num\u00e9riques faciles en vedette en font un outil indispensable et essentiel pour chaque entreprise en ligne sp\u00e9cialis\u00e9e dans la vente de produits num\u00e9riques.<\/p>\n<ul>\n<li>Affiche une liste de t\u00e9l\u00e9chargements en vedette sur votre magasin de t\u00e9l\u00e9chargements num\u00e9riques faciles<\/li>\n<li>Vous permet d&rsquo;attribuer des produits en vedette en quelques clics<\/li>\n<li>Peut \u00eatre facilement personnalis\u00e9 pour correspondre \u00e0 la marque et au style de votre magasin<\/li>\n<li>Offre un excellent moyen de mettre en \u00e9vidence vos produits les plus populaires ou les plus r\u00e9cents<\/li>\n<li>Aide \u00e0 augmenter les ventes en attirant l&rsquo;attention sur des produits sp\u00e9cifiques<\/li>\n<li>Fonctionne de mani\u00e8re transparente avec des t\u00e9l\u00e9chargements num\u00e9riques faciles et ne n\u00e9cessite aucun logiciel ou connaissance de programmation suppl\u00e9mentaire<\/li>\n<li>Fournit une conception r\u00e9active qui a fi\u00e8re allure sur tous les appareils et tailles d&rsquo;\u00e9cran<\/li>\n<li>Vous donne un contr\u00f4le total sur les produits en vedette et lorsqu&rsquo;ils apparaissent dans votre magasin<\/li>\n<li>Augmente l&rsquo;engagement des clients en leur pr\u00e9sentant un contenu visuellement attrayant et attirant l&rsquo;attention.<\/li>\n<\/ul>\n","protected":false},"excerpt":{"rendered":"<p>Les t\u00e9l\u00e9chargements num\u00e9riques faciles en vedette en vedette des t\u00e9l\u00e9chargements se r\u00e9v\u00e8lent \u00eatre un outil tr\u00e8s avantageux, car il accentue efficacement vos produits num\u00e9riques les plus vendus et exceptionnellement populaires. En vous accordant la possibilit\u00e9 de pr\u00e9senter des t\u00e9l\u00e9chargements choisis comme \u00e9l\u00e9ments pro\u00e9minents sur votre site Web, il vous accorde la flexibilit\u00e9 pour personnaliser le nombre d&rsquo;articles en vedette et leurs commandes d&rsquo;affichage respectives. Avec ce module compl\u00e9mentaire inestimable \u00e0 votre disposition, les clients peuvent tomber sans effort sur vos produits les mieux not\u00e9s, favorisant finalement une propension accrue \u00e0 l&rsquo;augmentation des taux de ventes et de conversion sur votre site Web estim\u00e9.<\/p>\n","protected":false},"featured_media":143620,"comment_status":"open","ping_status":"open","template":"","meta":[],"product_brand":[2523],"product_cat":[1182,1223,1181],"product_tag":[1255],"class_list":{"0":"post-120552","1":"product","2":"type-product","3":"status-publish","4":"has-post-thumbnail","6":"product_brand-easy-digital-downloads","7":"product_cat-commerce-electronique-plugins","8":"product_cat-personnalisation-commerce-electronique-plugins","9":"product_cat-plugins","10":"product_tag-easy-digital-downloads","11":"member-discount","12":"discount-restricted","14":"first","15":"instock","16":"sale","17":"downloadable","18":"virtual","19":"sold-individually","20":"purchasable","21":"product-type-simple"},"_links":{"self":[{"href":"https:\/\/gpl-love.com\/fr\/wp-json\/wp\/v2\/product\/120552","targetHints":{"allow":["GET"]}}],"collection":[{"href":"https:\/\/gpl-love.com\/fr\/wp-json\/wp\/v2\/product"}],"about":[{"href":"https:\/\/gpl-love.com\/fr\/wp-json\/wp\/v2\/types\/product"}],"replies":[{"embeddable":true,"href":"https:\/\/gpl-love.com\/fr\/wp-json\/wp\/v2\/comments?post=120552"}],"wp:featuredmedia":[{"embeddable":true,"href":"https:\/\/gpl-love.com\/fr\/wp-json\/wp\/v2\/media\/143620"}],"wp:attachment":[{"href":"https:\/\/gpl-love.com\/fr\/wp-json\/wp\/v2\/media?parent=120552"}],"wp:term":[{"taxonomy":"product_brand","embeddable":true,"href":"https:\/\/gpl-love.com\/fr\/wp-json\/wp\/v2\/product_brand?post=120552"},{"taxonomy":"product_cat","embeddable":true,"href":"https:\/\/gpl-love.com\/fr\/wp-json\/wp\/v2\/product_cat?post=120552"},{"taxonomy":"product_tag","embeddable":true,"href":"https:\/\/gpl-love.com\/fr\/wp-json\/wp\/v2\/product_tag?post=120552"}],"curies":[{"name":"wp","href":"https:\/\/api.w.org\/{rel}","templated":true}]}}