{"id":120551,"date":"2023-01-30T00:00:00","date_gmt":"2023-01-29T23:00:00","guid":{"rendered":"https:\/\/gpl-love.com\/fr\/produit\/css-igniter-nico-wordpress-theme\/"},"modified":"2026-03-20T22:59:48","modified_gmt":"2026-03-20T21:59:48","slug":"css-igniter-nico-wordpress-theme","status":"publish","type":"product","link":"https:\/\/gpl-love.com\/fr\/produit\/css-igniter-nico-wordpress-theme\/","title":{"rendered":"CSS Igniter Nico WordPress Theme 2.7.1"},"content":{"rendered":"<h3>CSS Igniter Nico WordPress Theme Traits<\/h3>\n<p>Le th\u00e8me CSS Igniter Nico WordPress, avec sa nature multiforme et raffin\u00e9e, sert de solution impeccable pour ceux qui cherchent \u00e0 fa\u00e7onner un site Web visuellement frappant. B\u00e9n\u00e9ficiant d&rsquo;une esth\u00e9tique rationalis\u00e9e et contemporaine, ce th\u00e8me fournit une avenue sans effort pour la personnalisation, permettant aux utilisateurs de l&rsquo;adapter \u00e0 leurs pr\u00e9f\u00e9rences et exigences sp\u00e9cifiques. De plus, avec sa gamme diversifi\u00e9e de mod\u00e8les pr\u00e9-con\u00e7us et de dispositions de page, les individus peuvent rapidement fa\u00e7onner un site Web qui d\u00e9gage un sentiment de professionnalisme et de sophistication. De plus, la r\u00e9activit\u00e9 compl\u00e8te du th\u00e8me garantit que votre site Web sera visuellement captivant et fonctionnellement fonctionnellement sur tous les appareils. Que vous vous identifiiez en tant que blogueur, propri\u00e9taire d&rsquo;entreprise ou professionnel de la cr\u00e9ation, le th\u00e8me CSS Igniter Nico WordPress appara\u00eet indubitablement comme un choix exemplaire pour ceux qui souhaitent \u00e9riger un site Web qui se distingue de mani\u00e8re transparente du reste.<\/p>\n<ul>\n<li>Design moderne et \u00e9l\u00e9gant qui est parfait pour les blogueurs, les pigistes et les professionnels de la cr\u00e9ation<\/li>\n<li>Disposition enti\u00e8rement r\u00e9active qui a fi\u00e8re allure sur tous les appareils<\/li>\n<li>Typographie personnalisable et options de couleurs pour correspondre \u00e0 votre marque ou \u00e0 votre style personnel<\/li>\n<li>Faites glisser et d\u00e9posez le constructeur de page d&rsquo;accueil pour cr\u00e9er facilement votre disposition id\u00e9ale<\/li>\n<li>Int\u00e9gration int\u00e9gr\u00e9e des m\u00e9dias sociaux pour vous aider \u00e0 d\u00e9velopper votre suivi et \u00e0 am\u00e9liorer l&rsquo;engagement<\/li>\n<li>SEO optimis\u00e9 pour aider votre site Web \u00e0 se classer plus haut dans les r\u00e9sultats des moteurs de recherche<\/li>\n<li>Importation de d\u00e9monstration en un clic pour mettre votre site Web en cours d&rsquo;ex\u00e9cution rapidement<\/li>\n<li>Prise en charge de plusieurs formats de publication, y compris la vid\u00e9o, l&rsquo;audio et les galeries<\/li>\n<li>Compatible avec les plugins WordPress populaires comme WooCommerce et WPFORMS<\/li>\n<li>Mises \u00e0 jour r\u00e9guli\u00e8res et acc\u00e8s \u00e0 une \u00e9quipe d&rsquo;assistance utile pour vous assurer que votre site Web fonctionne bien.<\/li>\n<\/ul>\n","protected":false},"excerpt":{"rendered":"<p>Le th\u00e8me CSS Igniter Nico WordPress est un outil incroyable pour tout d\u00e9veloppeur de site Web. Il offre un design propre, minimal et r\u00e9actif, parfait pour pr\u00e9senter votre portefeuille de mani\u00e8re professionnelle et \u00e9l\u00e9gante. Le th\u00e8me est enti\u00e8rement personnalisable, vous permettant de modifier les couleurs, les polices et les dispositions pour correspondre \u00e0 votre identit\u00e9 de marque. Pr\u00e9senter votre travail devient un jeu d&rsquo;enfant avec l&rsquo;utilisation de belles galeries lisses. Le th\u00e8me Nico WordPress est \u00e9galement livr\u00e9 avec des fonctionnalit\u00e9s de r\u00e9f\u00e9rencement avanc\u00e9es garantissant que votre site Web atteint un public plus large. Avec son interface conviviale et sa documentation compl\u00e8te, m\u00eame les d\u00e9butants trouveront plus facile \u00e0 naviguer. Le th\u00e8me est \u00e9galement compatible avec les derni\u00e8res versions WordPress, offrant une exp\u00e9rience utilisateur sans couture et ininterrompue. Alors, transformez votre site Web en un superfait de portfolio num\u00e9rique avec le th\u00e8me CSS Igniter Nico WordPress.<\/p>\n","protected":false},"featured_media":143470,"comment_status":"open","ping_status":"open","template":"","meta":[],"product_brand":[2499],"product_cat":[1242,1212,1213],"product_tag":[2187],"class_list":{"0":"post-120551","1":"product","2":"type-product","3":"status-publish","4":"has-post-thumbnail","6":"product_brand-css-igniter","7":"product_cat-creatif","8":"product_cat-themes","9":"product_cat-wordpress-themes","10":"product_tag-css-igniter","11":"member-discount","12":"discount-restricted","14":"first","15":"instock","16":"sale","17":"downloadable","18":"virtual","19":"sold-individually","20":"purchasable","21":"product-type-simple"},"_links":{"self":[{"href":"https:\/\/gpl-love.com\/fr\/wp-json\/wp\/v2\/product\/120551","targetHints":{"allow":["GET"]}}],"collection":[{"href":"https:\/\/gpl-love.com\/fr\/wp-json\/wp\/v2\/product"}],"about":[{"href":"https:\/\/gpl-love.com\/fr\/wp-json\/wp\/v2\/types\/product"}],"replies":[{"embeddable":true,"href":"https:\/\/gpl-love.com\/fr\/wp-json\/wp\/v2\/comments?post=120551"}],"wp:featuredmedia":[{"embeddable":true,"href":"https:\/\/gpl-love.com\/fr\/wp-json\/wp\/v2\/media\/143470"}],"wp:attachment":[{"href":"https:\/\/gpl-love.com\/fr\/wp-json\/wp\/v2\/media?parent=120551"}],"wp:term":[{"taxonomy":"product_brand","embeddable":true,"href":"https:\/\/gpl-love.com\/fr\/wp-json\/wp\/v2\/product_brand?post=120551"},{"taxonomy":"product_cat","embeddable":true,"href":"https:\/\/gpl-love.com\/fr\/wp-json\/wp\/v2\/product_cat?post=120551"},{"taxonomy":"product_tag","embeddable":true,"href":"https:\/\/gpl-love.com\/fr\/wp-json\/wp\/v2\/product_tag?post=120551"}],"curies":[{"name":"wp","href":"https:\/\/api.w.org\/{rel}","templated":true}]}}