{"id":120544,"date":"2022-02-28T00:00:00","date_gmt":"2022-02-27T23:00:00","guid":{"rendered":"https:\/\/gpl-love.com\/fr\/produit\/mythemeshop-newsonline-wordpress-theme\/"},"modified":"2026-04-10T18:33:04","modified_gmt":"2026-04-10T16:33:04","slug":"mythemeshop-newsonline-wordpress-theme","status":"publish","type":"product","link":"https:\/\/gpl-love.com\/fr\/produit\/mythemeshop-newsonline-wordpress-theme\/","title":{"rendered":"MyThemeShop NewsOnline WordPress Theme 1.2.9"},"content":{"rendered":"<h3>MyThemeShop NewsOnline WordPress Theme Traits<\/h3>\n<p>Le th\u00e8me WordPress de MyTheMeshop Newsonline est un th\u00e8me exceptionnellement contemporain et esth\u00e9tique, ce qui en fait un choix id\u00e9al pour les personnes cherchant \u00e0 \u00e9tablir des sites de nouvelles, des magazines en ligne ou des blogs. Ce th\u00e8me poss\u00e8de une disposition impeccablement con\u00e7ue enti\u00e8rement con\u00e7ue qui s&rsquo;adapte de mani\u00e8re transparente \u00e0 tout appareil, garantissant ainsi une exp\u00e9rience ininterrompue et conviviale. De plus, il offre une gamme d&rsquo;options puissantes qui permettent aux utilisateurs de personnaliser la disposition, les couleurs et les polices en fonction de leurs pr\u00e9f\u00e9rences, facilitant ainsi la cr\u00e9ation d&rsquo;un site Web vraiment distinctif et fabriqu\u00e9 sur mesure. En utilisant Newsonline, on peut pr\u00e9senter efficacement leur contenu dans divers formats, englobant des galeries audio, vid\u00e9o et d&rsquo;image pour un engagement et une interactivit\u00e9 am\u00e9lior\u00e9s. En outre, le th\u00e8me a \u00e9t\u00e9 m\u00e9ticuleusement optimis\u00e9 \u00e0 la fois pour les temps de chargement rapides et les fins de r\u00e9f\u00e9rencement, garantissant par la suite que les sites Web \u00e0 l&rsquo;aide peuvent charger et atteindre rapidement des classements plus \u00e9lev\u00e9s sur des moteurs de recherche importants. Dans l&rsquo;ensemble, le th\u00e8me WordPress de MyTheMeshop Newsonline repr\u00e9sente sans aucun doute une s\u00e9lection exceptionnelle pour les individus aspirant \u00e0 \u00e9tablir un site Web d&rsquo;actualit\u00e9s ou de magazine comp\u00e9tent et captivant.<\/p>\n<ul>\n<li>Design moderne, propre et intuitif<\/li>\n<li>Optimis\u00e9 pour les vitesses de page rapide et les meilleures pratiques de r\u00e9f\u00e9rencement<\/li>\n<li>Syst\u00e8me de gestion de publicit\u00e9 int\u00e9gr\u00e9 pour mon\u00e9tiser facilement votre site Web<\/li>\n<li>Widgets et raccourcis personnalis\u00e9s pour une cr\u00e9ation et une personnalisation de contenu faciles<\/li>\n<li>Panneau d&rsquo;options robuste pour une personnalisation facile du th\u00e8me sans toucher \u00e0 aucun code<\/li>\n<li>Compatibilit\u00e9 avec les plugins WordPress populaires, tels que WooCommerce et MailChimp<\/li>\n<li>Mises \u00e0 jour r\u00e9guli\u00e8res et soutien d\u00e9di\u00e9 d&rsquo;une \u00e9quipe de d\u00e9veloppeurs exp\u00e9riment\u00e9s<\/li>\n<li>Pr\u00eat pour la traduction et prend en charge les langues RTL<\/li>\n<li>Plusieurs dispositions de page d&rsquo;accueil, y compris un actualit\u00e9 de rupture et une section de publication en vedette<\/li>\n<li>Livr\u00e9 avec une option compl\u00e8te d&rsquo;importation de d\u00e9monstration pour configurer facilement votre site comme la d\u00e9mo.<\/li>\n<\/ul>\n","protected":false},"excerpt":{"rendered":"<p>Le th\u00e8me WordPress Newsonline, d\u00e9velopp\u00e9 par MyTheShop, pr\u00e9sente une r\u00e9solution globale adapt\u00e9e adapt\u00e9e aux besoins des blogueurs, des sites Web d&rsquo;information et des magazines en ligne \u00e0 la recherche d&rsquo;un design \u00e9l\u00e9gant et contemporain. Sa vaste gamme d&rsquo;options personnalisables, ses widgets conviviaux et sa mise en page adaptable garantit une exp\u00e9rience utilisateur gratifiante de mani\u00e8re transparente sur divers appareils. De plus, ce th\u00e8me exceptionnel englobe les fonctionnalit\u00e9s int\u00e9gr\u00e9es des m\u00e9dias sociaux, la gestion efficace de l&rsquo;espace publicitaire et un \u00e9ventail d&rsquo;outils d\u00e9di\u00e9s \u00e0 l&rsquo;optimisation des performances du moteur de recherche. \u00c9levez votre pr\u00e9sence en ligne et captivez un public plus large avec le pouvoir et le potentiel remarquables du th\u00e8me WordPress de Newsonline des d\u00e9veloppeurs estim\u00e9s de MyTheMeshop.<\/p>\n","protected":false},"featured_media":144678,"comment_status":"open","ping_status":"open","template":"","meta":[],"product_brand":[2601],"product_cat":[1242,1212,1213],"product_tag":[1309],"class_list":{"0":"post-120544","1":"product","2":"type-product","3":"status-publish","4":"has-post-thumbnail","6":"product_brand-my-theme-shop","7":"product_cat-creatif","8":"product_cat-themes","9":"product_cat-wordpress-themes","10":"product_tag-my-theme-shop","11":"member-discount","12":"discount-restricted","14":"first","15":"instock","16":"sale","17":"downloadable","18":"virtual","19":"sold-individually","20":"purchasable","21":"product-type-simple"},"_links":{"self":[{"href":"https:\/\/gpl-love.com\/fr\/wp-json\/wp\/v2\/product\/120544","targetHints":{"allow":["GET"]}}],"collection":[{"href":"https:\/\/gpl-love.com\/fr\/wp-json\/wp\/v2\/product"}],"about":[{"href":"https:\/\/gpl-love.com\/fr\/wp-json\/wp\/v2\/types\/product"}],"replies":[{"embeddable":true,"href":"https:\/\/gpl-love.com\/fr\/wp-json\/wp\/v2\/comments?post=120544"}],"wp:featuredmedia":[{"embeddable":true,"href":"https:\/\/gpl-love.com\/fr\/wp-json\/wp\/v2\/media\/144678"}],"wp:attachment":[{"href":"https:\/\/gpl-love.com\/fr\/wp-json\/wp\/v2\/media?parent=120544"}],"wp:term":[{"taxonomy":"product_brand","embeddable":true,"href":"https:\/\/gpl-love.com\/fr\/wp-json\/wp\/v2\/product_brand?post=120544"},{"taxonomy":"product_cat","embeddable":true,"href":"https:\/\/gpl-love.com\/fr\/wp-json\/wp\/v2\/product_cat?post=120544"},{"taxonomy":"product_tag","embeddable":true,"href":"https:\/\/gpl-love.com\/fr\/wp-json\/wp\/v2\/product_tag?post=120544"}],"curies":[{"name":"wp","href":"https:\/\/api.w.org\/{rel}","templated":true}]}}