{"id":120542,"date":"2022-03-04T00:00:00","date_gmt":"2022-03-03T23:00:00","guid":{"rendered":"https:\/\/gpl-love.com\/fr\/produit\/mythemeshop-myportfolio-wordpress-theme\/"},"modified":"2026-04-10T18:33:03","modified_gmt":"2026-04-10T16:33:03","slug":"mythemeshop-myportfolio-wordpress-theme","status":"publish","type":"product","link":"https:\/\/gpl-love.com\/fr\/produit\/mythemeshop-myportfolio-wordpress-theme\/","title":{"rendered":"MyThemeShop MyPortfolio WordPress Theme 1.3.10"},"content":{"rendered":"<h3>MyThemeShop MyPortfolio WordPress Theme Traits<\/h3>\n<p>Le th\u00e8me de Myportfolio WordPress, d\u00e9velopp\u00e9 par MyTheMeshop, se pr\u00e9sente comme la solution optimale pour les personnes cherchant \u00e0 pr\u00e9senter leur portefeuille en ligne. B\u00e9n\u00e9ficiant d&rsquo;un design \u00e9l\u00e9gant et contemporain, ce th\u00e8me accorde \u00e0 ses utilisateurs un large \u00e9ventail d&rsquo;options de personnalisation, facilitant la cr\u00e9ation d&rsquo;une apparence distinctive et professionnelle pour leurs sites Web. De plus, sa disposition r\u00e9active garantit que votre portefeuille d\u00e9gagera de l&rsquo;excellence sur tous les appareils, tandis que les outils d&rsquo;optimisation SEO int\u00e9gr\u00e9s garantissent que votre contenu sera facilement d\u00e9couvert par les moteurs de recherche. De plus, le th\u00e8me englobe un assortiment de mod\u00e8les de page, de codes short-codes et de widgets, qui sont tous \u00e0 votre disposition pour vous aider dans la cr\u00e9ation d&rsquo;un portefeuille impeccable. Que vous vous identifiiez en tant que pigiste, artiste ou photographe, Myportfolio est un choix exceptionnel pour pr\u00e9senter vos efforts artistiques sur la sph\u00e8re num\u00e9rique.<\/p>\n<ul>\n<li>Disposition de portfolio magnifiquement con\u00e7ue qui met en valeur votre travail de mani\u00e8re professionnelle<\/li>\n<li>Conception enti\u00e8rement r\u00e9active et conviviale qui s&rsquo;adapte \u00e0 toutes les tailles et appareils d&rsquo;\u00e9cran<\/li>\n<li>Options de personnalisation faciles avec un panneau d&rsquo;options de th\u00e8me intuitif<\/li>\n<li>Multipliers de page d&rsquo;accueil au choix d&rsquo;inclure un curseur, un arri\u00e8re-plan vid\u00e9o et plus<\/li>\n<li>Ic\u00f4nes de m\u00e9dias sociaux int\u00e9gr\u00e9s pour promouvoir vos profils sociaux<\/li>\n<li>Formulaire de contact int\u00e9gr\u00e9 pour permettre aux clients potentiels de contacter facilement<\/li>\n<li>Code optimis\u00e9 SEO et vitesses de chargement rapide pour un meilleur classement des moteurs de recherche<\/li>\n<li>Compatible avec des plugins populaires comme WooCommerce, des formulaires de gravit\u00e9, et plus<\/li>\n<li>Mises \u00e0 jour r\u00e9guli\u00e8res avec des corrections de bogues et de nouvelles fonctionnalit\u00e9s pour que votre site Web fonctionne bien<\/li>\n<li>Support client de premier ordre de l&rsquo;\u00e9quipe MyTheMeshop pour aider \u00e0 toute question ou probl\u00e8me.<\/li>\n<\/ul>\n","protected":false},"excerpt":{"rendered":"<p>Le th\u00e8me MytheMeshop Myportfolio WordPress est un th\u00e8me sophistiqu\u00e9 et tr\u00e8s raffin\u00e9 qui a \u00e9t\u00e9 sp\u00e9cifiquement con\u00e7u pour pr\u00e9senter efficacement votre portefeuille ou vos projets cr\u00e9atifs. B\u00e9n\u00e9ficiant d&rsquo;un large \u00e9ventail de fonctionnalit\u00e9s \u00e9tonnantes qui vous accordent la possibilit\u00e9 de personnaliser et d&rsquo;adapter votre site Web \u00e0 vos pr\u00e9f\u00e9rences pr\u00e9cises, ce th\u00e8me propose une navigation transparente et sans effort, une conception adaptable et r\u00e9active, ainsi qu&rsquo;une large gamme de possibilit\u00e9s de personnalisation. En s\u00e9lectionnant le th\u00e8me MyTheMeshop MyportFolio WordPress, vous pouvez montrer sans effort votre travail sur une plate-forme visuellement captivante et impressionnante, qui, \u00e0 son tour, augmentera et \u00e9l\u00e8vera consid\u00e9rablement votre image professionnelle.<\/p>\n","protected":false},"featured_media":144677,"comment_status":"open","ping_status":"open","template":"","meta":[],"product_brand":[2601],"product_cat":[1242,1212,1213],"product_tag":[1309],"class_list":{"0":"post-120542","1":"product","2":"type-product","3":"status-publish","4":"has-post-thumbnail","6":"product_brand-my-theme-shop","7":"product_cat-creatif","8":"product_cat-themes","9":"product_cat-wordpress-themes","10":"product_tag-my-theme-shop","11":"member-discount","12":"discount-restricted","14":"first","15":"instock","16":"sale","17":"downloadable","18":"virtual","19":"sold-individually","20":"purchasable","21":"product-type-simple"},"_links":{"self":[{"href":"https:\/\/gpl-love.com\/fr\/wp-json\/wp\/v2\/product\/120542","targetHints":{"allow":["GET"]}}],"collection":[{"href":"https:\/\/gpl-love.com\/fr\/wp-json\/wp\/v2\/product"}],"about":[{"href":"https:\/\/gpl-love.com\/fr\/wp-json\/wp\/v2\/types\/product"}],"replies":[{"embeddable":true,"href":"https:\/\/gpl-love.com\/fr\/wp-json\/wp\/v2\/comments?post=120542"}],"wp:featuredmedia":[{"embeddable":true,"href":"https:\/\/gpl-love.com\/fr\/wp-json\/wp\/v2\/media\/144677"}],"wp:attachment":[{"href":"https:\/\/gpl-love.com\/fr\/wp-json\/wp\/v2\/media?parent=120542"}],"wp:term":[{"taxonomy":"product_brand","embeddable":true,"href":"https:\/\/gpl-love.com\/fr\/wp-json\/wp\/v2\/product_brand?post=120542"},{"taxonomy":"product_cat","embeddable":true,"href":"https:\/\/gpl-love.com\/fr\/wp-json\/wp\/v2\/product_cat?post=120542"},{"taxonomy":"product_tag","embeddable":true,"href":"https:\/\/gpl-love.com\/fr\/wp-json\/wp\/v2\/product_tag?post=120542"}],"curies":[{"name":"wp","href":"https:\/\/api.w.org\/{rel}","templated":true}]}}