{"id":120540,"date":"2022-02-28T00:00:00","date_gmt":"2022-02-27T23:00:00","guid":{"rendered":"https:\/\/gpl-love.com\/fr\/produit\/mythemeshop-myblog-wordpress-theme\/"},"modified":"2026-04-10T18:33:02","modified_gmt":"2026-04-10T16:33:02","slug":"mythemeshop-myblog-wordpress-theme","status":"publish","type":"product","link":"https:\/\/gpl-love.com\/fr\/produit\/mythemeshop-myblog-wordpress-theme\/","title":{"rendered":"MyThemeShop MyBlog WordPress Theme 1.2.11"},"content":{"rendered":"<h3>MyThemeShop MyBlog WordPress Theme Traits<\/h3>\n<p>Le th\u00e8me MyBlog WordPress, d\u00e9velopp\u00e9 par MyTheShop, pr\u00e9sente une solution optimale pour les blogueurs qui souhaitent \u00e9lever \u00e0 la fois l&rsquo;attrait esth\u00e9tique et la fonctionnalit\u00e9 de leurs sites Web. Avec son design \u00e9l\u00e9gant et contemporain, associ\u00e9 \u00e0 ses fonctionnalit\u00e9s hautement personnalisables, les utilisateurs ont la possibilit\u00e9 de fa\u00e7onner sans effort un site Web distinctif et professionnel sans toute connaissance de codage pr\u00e9alable. Pour augmenter davantage l&rsquo;exp\u00e9rience utilisateur, ce th\u00e8me poss\u00e8de une r\u00e9activit\u00e9 compl\u00e8te et une optimisation de la vitesse, garantissant ainsi une rencontre sans faille et sans entrave sur tous les appareils. En outre, MyBlog fournit une pl\u00e9thore de dispositions de poste, en plus d&rsquo;int\u00e9grer les plateformes de m\u00e9dias sociaux et d&rsquo;ouvrir des outils d&rsquo;optimisation des moteurs de recherche, ce qui le rend le choix par excellence pour les blogueurs aspirant \u00e0 amplifier leur pr\u00e9sence virtuelle. Ind\u00e9pendamment de savoir si l&rsquo;on est un blogueur chevronn\u00e9 ou, MyBlog, MyBlog est assur\u00e9 de propulser leur site Web \u00e0 l&rsquo;\u00e9chelon suivant.<\/p>\n<ul>\n<li>Un th\u00e8me WordPress r\u00e9actif et visuellement attrayant con\u00e7u sp\u00e9cialement pour les blogueurs<\/li>\n<li>Options de personnalisation faciles avec un panneau de configuration convivial<\/li>\n<li>Plusieurs options de page d&rsquo;accueil et de disposition de blog \u00e0 choisir<\/li>\n<li>Syst\u00e8me de gestion de publicit\u00e9 int\u00e9gr\u00e9 pour la mon\u00e9tisation<\/li>\n<li>Int\u00e9gration des m\u00e9dias sociaux pour le partage et la promotion faciles des articles de blog<\/li>\n<li>Code optimis\u00e9 SEO pour une visibilit\u00e9 accrue dans les moteurs de recherche<\/li>\n<li>Vitesse de chargement de site Web rapide pour une meilleure exp\u00e9rience utilisateur<\/li>\n<li>Compatible avec des plugins populaires tels que WooCommerce et Contact Form 7<\/li>\n<li>Mises \u00e0 jour gratuites \u00e0 vie et soutien d\u00e9di\u00e9 de l&rsquo;\u00e9quipe MyTheMeshop<\/li>\n<li>Processus d&rsquo;installation en un clic pour la configuration sans tracas.<\/li>\n<\/ul>\n","protected":false},"excerpt":{"rendered":"<p>Le th\u00e8me MyTheMeshop MyBlog WordPress est un produit exceptionnel, avec une interface contemporaine et conviviale qui sert de choix id\u00e9al pour les blogueurs visant \u00e0 \u00e9tablir une pr\u00e9sence en ligne sophistiqu\u00e9e et raffin\u00e9e. Ce th\u00e8me permet sans effort une personnalisation transparente, permettant ainsi aux utilisateurs d&rsquo;adapter leur site Web en fonction de leurs pr\u00e9f\u00e9rences sp\u00e9cifiques. De plus, le th\u00e8me MyTheMeshop MyBlog WordPress est \u00e9quip\u00e9 d&rsquo;une gamme de fonctionnalit\u00e9s avanc\u00e9es, y compris, mais sans s&rsquo;y limiter, des dispositions multiples, des widgets personnalis\u00e9s, des boutons de partage social et une optimisation de r\u00e9f\u00e9rencement finement r\u00e9gl\u00e9e. Que l&rsquo;on soit un amateur ou un blogueur chevronn\u00e9, ce th\u00e8me est sans aucun doute inestimable pour faciliter la cr\u00e9ation d&rsquo;un site Web visuellement \u00e9tonnant et hautement fonctionnel qui non seulement captive mais engage \u00e9galement activement le public cibl\u00e9.<\/p>\n","protected":false},"featured_media":144676,"comment_status":"open","ping_status":"open","template":"","meta":[],"product_brand":[2601],"product_cat":[1220,1212,1213],"product_tag":[1309],"class_list":{"0":"post-120540","1":"product","2":"type-product","3":"status-publish","4":"has-post-thumbnail","6":"product_brand-my-theme-shop","7":"product_cat-blog-magazine","8":"product_cat-themes","9":"product_cat-wordpress-themes","10":"product_tag-my-theme-shop","11":"member-discount","12":"discount-restricted","14":"first","15":"instock","16":"sale","17":"downloadable","18":"virtual","19":"sold-individually","20":"purchasable","21":"product-type-simple"},"_links":{"self":[{"href":"https:\/\/gpl-love.com\/fr\/wp-json\/wp\/v2\/product\/120540","targetHints":{"allow":["GET"]}}],"collection":[{"href":"https:\/\/gpl-love.com\/fr\/wp-json\/wp\/v2\/product"}],"about":[{"href":"https:\/\/gpl-love.com\/fr\/wp-json\/wp\/v2\/types\/product"}],"replies":[{"embeddable":true,"href":"https:\/\/gpl-love.com\/fr\/wp-json\/wp\/v2\/comments?post=120540"}],"wp:featuredmedia":[{"embeddable":true,"href":"https:\/\/gpl-love.com\/fr\/wp-json\/wp\/v2\/media\/144676"}],"wp:attachment":[{"href":"https:\/\/gpl-love.com\/fr\/wp-json\/wp\/v2\/media?parent=120540"}],"wp:term":[{"taxonomy":"product_brand","embeddable":true,"href":"https:\/\/gpl-love.com\/fr\/wp-json\/wp\/v2\/product_brand?post=120540"},{"taxonomy":"product_cat","embeddable":true,"href":"https:\/\/gpl-love.com\/fr\/wp-json\/wp\/v2\/product_cat?post=120540"},{"taxonomy":"product_tag","embeddable":true,"href":"https:\/\/gpl-love.com\/fr\/wp-json\/wp\/v2\/product_tag?post=120540"}],"curies":[{"name":"wp","href":"https:\/\/api.w.org\/{rel}","templated":true}]}}