{"id":120538,"date":"2021-12-12T00:00:00","date_gmt":"2021-12-11T23:00:00","guid":{"rendered":"https:\/\/gpl-love.com\/fr\/produit\/mythemeshop-monospace-wordpress-theme\/"},"modified":"2026-03-20T23:26:59","modified_gmt":"2026-03-20T22:26:59","slug":"mythemeshop-monospace-wordpress-theme","status":"publish","type":"product","link":"https:\/\/gpl-love.com\/fr\/produit\/mythemeshop-monospace-wordpress-theme\/","title":{"rendered":"MyThemeShop Monospace WordPress Theme 1.91"},"content":{"rendered":"<h3>MyThemeShop Monospace WordPress Theme Traits<\/h3>\n<p>Le th\u00e8me WordPress de MyTheShop Monospace se pr\u00e9sente comme une alternative minimaliste et contemporaine pour les individus \u00e0 la recherche d&rsquo;une disposition \u00e9pur\u00e9e et simple. Avec sa page d&rsquo;accueil flexible, les utilisateurs ont la commodit\u00e9 de montrer leur contenu et leurs visuels de mani\u00e8re experte polie et \u00e0 la mode. Non seulement ce th\u00e8me privil\u00e9gie les temps de chargement rapides, mais il garantit \u00e9galement un classement louable des moteurs de recherche, gracieuset\u00e9 de ses capacit\u00e9s d&rsquo;optimisation des moteurs de recherche (SEO). De plus, une pl\u00e9thore de caract\u00e9ristiques pratiques est \u00e0 la disposition, y compris un syst\u00e8me d&rsquo;examen int\u00e9gr\u00e9, une int\u00e9gration transparente avec les plateformes de m\u00e9dias sociaux et une conception r\u00e9active qui d\u00e9gage de l&rsquo;\u00e9clat sur n&rsquo;importe quel appareil. Que vous vous trouviez dans les domaines des blogs, du freelance ou de la gestion d&rsquo;une entreprise \u00e0 petite \u00e9chelle, le th\u00e8me de MytheMeshop Monospace s&rsquo;av\u00e8re comme un excellent choix pour ceux qui appr\u00e9cient les vertus de la simplicit\u00e9 et du raffinement dans le domaine de la conception du site Web.<\/p>\n<ul>\n<li>Design propre et minimaliste, parfait pour les blogueurs et les \u00e9crivains<\/li>\n<li>Enti\u00e8rement r\u00e9actif et adapt\u00e9 aux mobiles, garantir que votre site Web a fi\u00e8re allure sur tous les appareils<\/li>\n<li>Sch\u00e9mas de couleurs personnalisables et options de typographie, vous donnant un contr\u00f4le complet sur l&rsquo;apparence visuelle de votre site Web<\/li>\n<li>Int\u00e9gration int\u00e9gr\u00e9e des m\u00e9dias sociaux, ce qui permet \u00e0 vos lecteurs de partager facilement votre contenu<\/li>\n<li>Fonctionnalit\u00e9s conviviales de r\u00e9f\u00e9rence<\/li>\n<li>Installation en un clic et options de personnalisation facile \u00e0 utiliser, vous faisant gagner du temps et des tracas<\/li>\n<li>Pr\u00eat pour la traduction, vous permettant d&rsquo;atteindre un public mondial<\/li>\n<li>Support client d\u00e9di\u00e9 de MyTheMeshop, en vous assurant d&rsquo;obtenir l&rsquo;aide dont vous avez besoin lorsque vous en avez besoin.<\/li>\n<\/ul>\n","protected":false},"excerpt":{"rendered":"<p>Le th\u00e8me WordPress Monospace de MytheMeshop est un mod\u00e8le visuellement attrayant et contemporain qui est parfaitement adapt\u00e9 aux individus dans la sph\u00e8re de blogs et d&rsquo;\u00e9criture qui souhaitent une esth\u00e9tique minimaliste. Sa typographie \u00e9pur\u00e9e et son grand espace blanc cr\u00e9ent un environnement o\u00f9 votre contenu occupe le devant de la sc\u00e8ne, tandis que sa conception adaptative garantit une exp\u00e9rience visuelle exceptionnelle sur divers appareils. Ce th\u00e8me offre une multitude de possibilit\u00e9s de personnalisation, englobant des widgets personnalis\u00e9s, une gamme illimit\u00e9e de choix de couleurs et une pl\u00e9thore d&rsquo;options de mise en page, vous permettant de fa\u00e7onner un site Web remarquable qui se distingue des masses. De plus, il arrive avec une documentation \u00e9tendue et des services de soutien exceptionnels pour assurer un parcours transparent et sans stress dans le d\u00e9veloppement de votre site Web.<\/p>\n","protected":false},"featured_media":144675,"comment_status":"open","ping_status":"open","template":"","meta":[],"product_brand":[2601],"product_cat":[1242,1212,1213],"product_tag":[1309],"class_list":{"0":"post-120538","1":"product","2":"type-product","3":"status-publish","4":"has-post-thumbnail","6":"product_brand-my-theme-shop","7":"product_cat-creatif","8":"product_cat-themes","9":"product_cat-wordpress-themes","10":"product_tag-my-theme-shop","11":"member-discount","12":"discount-restricted","14":"first","15":"instock","16":"sale","17":"downloadable","18":"virtual","19":"sold-individually","20":"purchasable","21":"product-type-simple"},"_links":{"self":[{"href":"https:\/\/gpl-love.com\/fr\/wp-json\/wp\/v2\/product\/120538","targetHints":{"allow":["GET"]}}],"collection":[{"href":"https:\/\/gpl-love.com\/fr\/wp-json\/wp\/v2\/product"}],"about":[{"href":"https:\/\/gpl-love.com\/fr\/wp-json\/wp\/v2\/types\/product"}],"replies":[{"embeddable":true,"href":"https:\/\/gpl-love.com\/fr\/wp-json\/wp\/v2\/comments?post=120538"}],"wp:featuredmedia":[{"embeddable":true,"href":"https:\/\/gpl-love.com\/fr\/wp-json\/wp\/v2\/media\/144675"}],"wp:attachment":[{"href":"https:\/\/gpl-love.com\/fr\/wp-json\/wp\/v2\/media?parent=120538"}],"wp:term":[{"taxonomy":"product_brand","embeddable":true,"href":"https:\/\/gpl-love.com\/fr\/wp-json\/wp\/v2\/product_brand?post=120538"},{"taxonomy":"product_cat","embeddable":true,"href":"https:\/\/gpl-love.com\/fr\/wp-json\/wp\/v2\/product_cat?post=120538"},{"taxonomy":"product_tag","embeddable":true,"href":"https:\/\/gpl-love.com\/fr\/wp-json\/wp\/v2\/product_tag?post=120538"}],"curies":[{"name":"wp","href":"https:\/\/api.w.org\/{rel}","templated":true}]}}