{"id":120536,"date":"2022-03-22T00:00:00","date_gmt":"2022-03-21T23:00:00","guid":{"rendered":"https:\/\/gpl-love.com\/fr\/produit\/mythemeshop-moneyflow-wordpress-theme\/"},"modified":"2026-04-10T18:33:01","modified_gmt":"2026-04-10T16:33:01","slug":"mythemeshop-moneyflow-wordpress-theme","status":"publish","type":"product","link":"https:\/\/gpl-love.com\/fr\/produit\/mythemeshop-moneyflow-wordpress-theme\/","title":{"rendered":"MyThemeShop MoneyFlow WordPress Theme 1.2.11"},"content":{"rendered":"<h3>MyThemeShop MoneyFlow WordPress Theme Traits<\/h3>\n<p>Le th\u00e8me WordPress MyTheMeshop Moneyflow est un th\u00e8me incroyablement robuste et multiforme, m\u00e9ticuleusement con\u00e7u dans le seul but d&rsquo;optimiser la mon\u00e9tisation du site Web. Ce th\u00e8me extraordinaire poss\u00e8de une vaste gamme de fonctionnalit\u00e9s indispensables, m\u00e9ticuleusement con\u00e7ues pour am\u00e9liorer exponentiellement vos revenus en ligne. Parmi ses offres exceptionnelles figurent ses innombrables options de placement d&rsquo;annonces, m\u00e9ticuleusement organis\u00e9es pour amplifier de mani\u00e8re transparente la g\u00e9n\u00e9ration de revenus. De plus, ce th\u00e8me extraordinaire poss\u00e8de un syst\u00e8me de gestion de publicit\u00e9 de pointe, ing\u00e9nieusement con\u00e7u pour rationaliser et optimiser sans effort vos espaces publicitaires. De plus, le th\u00e8me WordPress de MyTheMeshop Flow WordPress s&rsquo;int\u00e8gre parfaitement aux r\u00e9seaux publicitaires les plus populaires, \u00e9largissant ainsi exponentiellement votre potentiel de gain. En outre, ce th\u00e8me remarquable est pleinement r\u00e9actif et m\u00e9ticuleusement d\u00e9velopp\u00e9 pour garantir un attrait visuel impeccable sur tous les appareils. Avec sa gamme remarquable d&rsquo;options personnalisables de mani\u00e8re transparente et son interface remarquablement conviviale, le th\u00e8me WordPress MyTheMeshop Flow WordPress se d\u00e9marque sans vergogne comme le choix par excellence pour tous ceux qui cherchent \u00e0 maximiser leurs revenus en ligne.<\/p>\n<ul>\n<li>Conception moderne et professionnelle pour les sites Web de finance et d&rsquo;entreprise<\/li>\n<li>Disposition enti\u00e8rement r\u00e9active et adapt\u00e9e aux mobiles<\/li>\n<li>Page d&rsquo;accueil personnalisable avec widgets glisser-d\u00e9poser<\/li>\n<li>Panneau d&rsquo;options avanc\u00e9 pour une personnalisation facile des couleurs, des polices et de la disposition<\/li>\n<li>Syst\u00e8me de gestion de publicit\u00e9 int\u00e9gr\u00e9 pour mon\u00e9tiser facilement votre site Web<\/li>\n<li>Plusieurs dispositions de publication et formats pour afficher diff\u00e9rents types de contenu<\/li>\n<li>Widgets personnalis\u00e9s pour afficher des publications populaires, des liens de m\u00e9dias sociaux et plus<\/li>\n<li>Int\u00e9gration facile avec des plugins populaires comme WooCommerce et le formulaire de contact 7<\/li>\n<li>Optimis\u00e9 pour la vitesse et le r\u00e9f\u00e9rencement pour am\u00e9liorer les performances du site Web et le classement<\/li>\n<li>Mises \u00e0 jour \u00e0 vie et soutien d\u00e9di\u00e9 de l&rsquo;\u00e9quipe MyTheMeshop.<\/li>\n<\/ul>\n","protected":false},"excerpt":{"rendered":"<p>Le th\u00e8me WordPress de Moneyflow de MyTheShop est un th\u00e8me extr\u00eamement polyvalent et convivial qui a \u00e9t\u00e9 sp\u00e9cialement con\u00e7u pour r\u00e9pondre aux besoins des blogueurs et des entrepreneurs en ligne qui cherchent \u00e0 mon\u00e9tiser leurs sites Web. Offrant un assortiment de dispositions visuellement captivantes et un \u00e9ventail de fonctionnalit\u00e9s puissantes, ce th\u00e8me vous permet d&rsquo;int\u00e9grer sans effort des annonces, des liens d&rsquo;affiliation et du contenu sponsoris\u00e9 dans votre plateforme. De plus, il vous offre une abondance d&rsquo;options de personnalisation, vous accordant la possibilit\u00e9 de choisir parmi de nombreux sch\u00e9mas de couleurs, polices et placements de widgets, vous accordant ainsi une autorit\u00e9 compl\u00e8te sur l&rsquo;esth\u00e9tique et l&rsquo;ambiance de votre site Web. Que vous soyez un novice dans le domaine ou un professionnel chevronn\u00e9 visant \u00e0 porter votre entreprise en ligne \u00e0 des hauteurs plus importantes, le th\u00e8me WordPress de MyTheMeshop WordPress est \u00e9quip\u00e9 de tous les outils et ressources essentiels n\u00e9cessaires pour cr\u00e9er un site Web visuellement magnifique et lucratif.<\/p>\n","protected":false},"featured_media":144674,"comment_status":"open","ping_status":"open","template":"","meta":[],"product_brand":[2601],"product_cat":[1242,1212,1213],"product_tag":[1309],"class_list":{"0":"post-120536","1":"product","2":"type-product","3":"status-publish","4":"has-post-thumbnail","6":"product_brand-my-theme-shop","7":"product_cat-creatif","8":"product_cat-themes","9":"product_cat-wordpress-themes","10":"product_tag-my-theme-shop","11":"member-discount","12":"discount-restricted","14":"first","15":"instock","16":"sale","17":"downloadable","18":"virtual","19":"sold-individually","20":"purchasable","21":"product-type-simple"},"_links":{"self":[{"href":"https:\/\/gpl-love.com\/fr\/wp-json\/wp\/v2\/product\/120536","targetHints":{"allow":["GET"]}}],"collection":[{"href":"https:\/\/gpl-love.com\/fr\/wp-json\/wp\/v2\/product"}],"about":[{"href":"https:\/\/gpl-love.com\/fr\/wp-json\/wp\/v2\/types\/product"}],"replies":[{"embeddable":true,"href":"https:\/\/gpl-love.com\/fr\/wp-json\/wp\/v2\/comments?post=120536"}],"wp:featuredmedia":[{"embeddable":true,"href":"https:\/\/gpl-love.com\/fr\/wp-json\/wp\/v2\/media\/144674"}],"wp:attachment":[{"href":"https:\/\/gpl-love.com\/fr\/wp-json\/wp\/v2\/media?parent=120536"}],"wp:term":[{"taxonomy":"product_brand","embeddable":true,"href":"https:\/\/gpl-love.com\/fr\/wp-json\/wp\/v2\/product_brand?post=120536"},{"taxonomy":"product_cat","embeddable":true,"href":"https:\/\/gpl-love.com\/fr\/wp-json\/wp\/v2\/product_cat?post=120536"},{"taxonomy":"product_tag","embeddable":true,"href":"https:\/\/gpl-love.com\/fr\/wp-json\/wp\/v2\/product_tag?post=120536"}],"curies":[{"name":"wp","href":"https:\/\/api.w.org\/{rel}","templated":true}]}}