{"id":120534,"date":"2022-03-06T00:00:00","date_gmt":"2022-03-05T23:00:00","guid":{"rendered":"https:\/\/gpl-love.com\/fr\/produit\/mythemeshop-mobileapp-wordpress-theme\/"},"modified":"2026-04-10T18:33:00","modified_gmt":"2026-04-10T16:33:00","slug":"mythemeshop-mobileapp-wordpress-theme","status":"publish","type":"product","link":"https:\/\/gpl-love.com\/fr\/produit\/mythemeshop-mobileapp-wordpress-theme\/","title":{"rendered":"MyThemeShop Mobileapp WordPress Theme 1.1.6"},"content":{"rendered":"<h3>MyThemeShop Mobileapp WordPress Theme Traits<\/h3>\n<p>Le th\u00e8me WordPress de MyTheMeshop MobileApp se pr\u00e9sente comme une option polyvalente et conviviale pour les personnes qui recherchent un site Web qui pr\u00e9sente leur application mobile. Ce th\u00e8me a \u00e9t\u00e9 m\u00e9ticuleusement con\u00e7u pour \u00eatre pleinement r\u00e9actif et offre une vaste gamme d&rsquo;options de personnalisation, permettant ainsi aux utilisateurs d&rsquo;\u00e9laborer sans effort un site d&rsquo;aspect professionnel qui poss\u00e8de un flair unique et se d\u00e9marque sans effort au milieu de la vaste mer de contenu Web. B\u00e9n\u00e9ficiant d&rsquo;un r\u00e9pertoire impressionnant de fonctionnalit\u00e9s telles que des widgets personnalisables, une int\u00e9gration transparente avec diverses plateformes de m\u00e9dias sociaux et une gamme compl\u00e8te d&rsquo;options de th\u00e8me qui sont \u00e0 la fois robustes et puissantes, ce th\u00e8me appara\u00eet sans aucun doute comme un choix exceptionnel pour les individus qui assurent de manifester un site Web qui se pr\u00e9sente qui se pr\u00e9sente qui se manifeste pour manifester un site Web qui se manifeste que le site Web est sans aucun doute est non seulement fonctionnel mais aussi visuellement captivant. Que vous vous trouviez au milieu des affres de lancer une toute nouvelle application mobile ou que vous vous trouviez simplement dans un th\u00e8me WordPress qui incarne la puissance, la facilit\u00e9 d&rsquo;utilisation et la polyvale pas d\u00e9\u00e7u.<\/p>\n<ul>\n<li>Conception enti\u00e8rement r\u00e9active, optimis\u00e9e pour tous les appareils mobiles<\/li>\n<li>Disposition propre et moderne, parfait pour pr\u00e9senter votre contenu<\/li>\n<li>Temps de chargement rapide pour une exp\u00e9rience utilisateur sans couture<\/li>\n<li>Page d&rsquo;accueil personnalisable avec sections de glisser-d\u00e9poser<\/li>\n<li>Sch\u00e9mas de couleurs et options de police illimit\u00e9s<\/li>\n<li>Ic\u00f4nes de m\u00e9dias sociaux int\u00e9gr\u00e9s pour un partage facile<\/li>\n<li>Optimisation de SEO int\u00e9gr\u00e9e pour une visibilit\u00e9 accrue sur les moteurs de recherche<\/li>\n<li>Int\u00e9gration WooCommerce pour une int\u00e9gration facile du commerce de commerce \u00e9lectronique<\/li>\n<li>Documentation compl\u00e8te et \u00e9quipe de soutien d\u00e9di\u00e9e \u00e0 l&rsquo;aide<\/li>\n<li>Prix \u200b\u200babordable avec un paiement unique pour l&rsquo;acc\u00e8s \u00e0 vie.<\/li>\n<\/ul>\n","protected":false},"excerpt":{"rendered":"<p>Le th\u00e8me WordPress MyTheMeshop MobileApp est une solution exceptionnelle qui s&rsquo;adresse \u00e0 la cr\u00e9ation d&rsquo;un site Web d&rsquo;application mobile exceptionnellement magnifique. Avec son design \u00e9l\u00e9gant et contemporain, ce th\u00e8me sert de quintessence de la perfection en ce qui concerne l&rsquo;affichage et l&rsquo;exposition de votre application mobile et toutes ses fonctionnalit\u00e9s remarquables \u00e0 la client\u00e8le potentielle. De plus, ce th\u00e8me poss\u00e8de l&rsquo;attribut remarquable d&rsquo;\u00eatre pleinement r\u00e9actif, ce qui signifie essentiellement qu&rsquo;il d\u00e9gage sans effort une aura visuellement attrayante sur tous les types d&rsquo;appareils, englobant m\u00eame les t\u00e9l\u00e9phones mobiles et les tablettes. En outre, il est important de noter que ce th\u00e8me s&rsquo;accompagne d&rsquo;un processus de personnalisation sans effort qui permet une couture transparente de votre site Web conform\u00e9ment \u00e0 vos exigences et pr\u00e9f\u00e9rences sp\u00e9cifiques. Que vous vous identifiiez comme un d\u00e9veloppeur d&rsquo;applications mobiles, un marketing ou m\u00eame un entrepreneur, le th\u00e8me MyTheMeshop MobileApp WordPress est sans aucun doute le choix ultime de l&rsquo;exposition de votre application mobile et la g\u00e9n\u00e9ration subs\u00e9quente de conversions.<\/p>\n","protected":false},"featured_media":144673,"comment_status":"open","ping_status":"open","template":"","meta":[],"product_brand":[2601],"product_cat":[1242,1212,1213],"product_tag":[1309],"class_list":{"0":"post-120534","1":"product","2":"type-product","3":"status-publish","4":"has-post-thumbnail","6":"product_brand-my-theme-shop","7":"product_cat-creatif","8":"product_cat-themes","9":"product_cat-wordpress-themes","10":"product_tag-my-theme-shop","11":"member-discount","12":"discount-restricted","14":"first","15":"instock","16":"sale","17":"downloadable","18":"virtual","19":"sold-individually","20":"purchasable","21":"product-type-simple"},"_links":{"self":[{"href":"https:\/\/gpl-love.com\/fr\/wp-json\/wp\/v2\/product\/120534","targetHints":{"allow":["GET"]}}],"collection":[{"href":"https:\/\/gpl-love.com\/fr\/wp-json\/wp\/v2\/product"}],"about":[{"href":"https:\/\/gpl-love.com\/fr\/wp-json\/wp\/v2\/types\/product"}],"replies":[{"embeddable":true,"href":"https:\/\/gpl-love.com\/fr\/wp-json\/wp\/v2\/comments?post=120534"}],"wp:featuredmedia":[{"embeddable":true,"href":"https:\/\/gpl-love.com\/fr\/wp-json\/wp\/v2\/media\/144673"}],"wp:attachment":[{"href":"https:\/\/gpl-love.com\/fr\/wp-json\/wp\/v2\/media?parent=120534"}],"wp:term":[{"taxonomy":"product_brand","embeddable":true,"href":"https:\/\/gpl-love.com\/fr\/wp-json\/wp\/v2\/product_brand?post=120534"},{"taxonomy":"product_cat","embeddable":true,"href":"https:\/\/gpl-love.com\/fr\/wp-json\/wp\/v2\/product_cat?post=120534"},{"taxonomy":"product_tag","embeddable":true,"href":"https:\/\/gpl-love.com\/fr\/wp-json\/wp\/v2\/product_tag?post=120534"}],"curies":[{"name":"wp","href":"https:\/\/api.w.org\/{rel}","templated":true}]}}