{"id":120532,"date":"2022-01-10T00:00:00","date_gmt":"2022-01-09T23:00:00","guid":{"rendered":"https:\/\/gpl-love.com\/fr\/produit\/mythemeshop-magxp-wordpress-theme\/"},"modified":"2026-03-20T23:26:56","modified_gmt":"2026-03-20T22:26:56","slug":"mythemeshop-magxp-wordpress-theme","status":"publish","type":"product","link":"https:\/\/gpl-love.com\/fr\/produit\/mythemeshop-magxp-wordpress-theme\/","title":{"rendered":"MyThemeShop MagXP WordPress Theme 3.2.12"},"content":{"rendered":"<h3>MyThemeShop MagXP WordPress Theme Traits<\/h3>\n<p>Le th\u00e8me MyTheMeshop MAGXP WordPress, r\u00e9put\u00e9 pour sa polyvalence et son abondance de fonctionnalit\u00e9s, est un th\u00e8me extraordinaire qui s&rsquo;adresse \u00e0 la cr\u00e9ation de sites Web visuellement captivants. B\u00e9n\u00e9ficiant d&rsquo;un design \u00e9l\u00e9gant et contemporain, ce th\u00e8me offre une gamme d&rsquo;options de personnalisation qui permettent aux utilisateurs de fa\u00e7onner un site Web qui d\u00e9gage l&rsquo;unicit\u00e9 et l&rsquo;individualit\u00e9. Ce qui distingue ce th\u00e8me, c&rsquo;est son inclusion d&rsquo;un panneau d&rsquo;options robuste, un outil convivial qui facilite la personnalisation sans effort de tous les aspects de votre site Web, sans la n\u00e9cessit\u00e9 de toute prouesse de codage. De plus, ce th\u00e8me est \u00e9quip\u00e9 d&rsquo;une pl\u00e9thore de mod\u00e8les pr\u00e9d\u00e9finis, de widgets et de codes short, soulignant son engagement ind\u00e9fectible \u00e0 faciliter la cr\u00e9ation transparente de diff\u00e9rents types de pages. Les caract\u00e9ristiques remarquables de ce th\u00e8me incluent son optimisation, sa r\u00e9activit\u00e9 et sa compatibilit\u00e9 d&rsquo;optimisation des moteurs de recherche avec les plugins WooCommerce, Yoast SEO et WPForms toujours populaires. En r\u00e9sum\u00e9, le th\u00e8me MyTheMeshop MAGXP WordPress est un choix exemplaire pour les personnes \u00e0 la recherche d&rsquo;un th\u00e8me flexible et formidable pour \u00e9clairer la pr\u00e9sence en ligne de leur site Web.<\/p>\n<ul>\n<li>Design moderne et visuellement attrayant<\/li>\n<li>Disposition enti\u00e8rement r\u00e9active et conviviale<\/li>\n<li>Plusieurs dispositions de page d&rsquo;accueil au choix<\/li>\n<li>Widgets personnalis\u00e9s et shortcodes pour des fonctionnalit\u00e9s suppl\u00e9mentaires<\/li>\n<li>Syst\u00e8me d&rsquo;examen int\u00e9gr\u00e9 pour pr\u00e9senter des cotes de produit ou de service<\/li>\n<li>Panneau d&rsquo;options de th\u00e8me facile \u00e0 utiliser pour la personnalisation<\/li>\n<li>Optimisation du r\u00e9f\u00e9rencement pour les classements de recherche am\u00e9lior\u00e9s<\/li>\n<li>Vitesses de chargement rapide pour une exp\u00e9rience utilisateur optimis\u00e9e<\/li>\n<li>Options de gestion des annonces pour la mon\u00e9tisation<\/li>\n<li>Compatible avec les plugins WordPress populaires pour des fonctionnalit\u00e9s ajout\u00e9es<\/li>\n<li>\u00c9quipe de support d\u00e9di\u00e9e pour obtenir de l&rsquo;aide pour toute question ou probl\u00e8me<\/li>\n<\/ul>\n","protected":false},"excerpt":{"rendered":"<p>Le th\u00e8me MyTheMeshop MAGXP WordPress est un th\u00e8me innovant et multiforme qui est m\u00e9ticuleusement con\u00e7u pour r\u00e9pondre aux divers besoins de n&rsquo;importe quel site Web. Que vous soyez le propri\u00e9taire d&rsquo;un blog, d&rsquo;un emporium de commerce \u00e9lectronique, d&rsquo;une plate-forme de style magazine ou de toute autre forme d&rsquo;entreprise en ligne, soyez assur\u00e9 que MAGXP est la solution optimale pour vous. Ce th\u00e8me exceptionnel regorge d&rsquo;un assortiment de fonctionnalit\u00e9s de pointe, comme une conception tr\u00e8s adaptable qui s&rsquo;adapte parfaitement \u00e0 divers appareils, une gamme de dispositions polyvalentes, un r\u00e9pertoire impressionnant de widgets personnalisables et l&rsquo;int\u00e9gration transparente des boutons de partage des m\u00e9dias sociaux.<\/p>\n","protected":false},"featured_media":144672,"comment_status":"open","ping_status":"open","template":"","meta":[],"product_brand":[2601],"product_cat":[1242,1212,1213],"product_tag":[1309],"class_list":{"0":"post-120532","1":"product","2":"type-product","3":"status-publish","4":"has-post-thumbnail","6":"product_brand-my-theme-shop","7":"product_cat-creatif","8":"product_cat-themes","9":"product_cat-wordpress-themes","10":"product_tag-my-theme-shop","11":"member-discount","12":"discount-restricted","14":"first","15":"instock","16":"sale","17":"downloadable","18":"virtual","19":"sold-individually","20":"purchasable","21":"product-type-simple"},"_links":{"self":[{"href":"https:\/\/gpl-love.com\/fr\/wp-json\/wp\/v2\/product\/120532","targetHints":{"allow":["GET"]}}],"collection":[{"href":"https:\/\/gpl-love.com\/fr\/wp-json\/wp\/v2\/product"}],"about":[{"href":"https:\/\/gpl-love.com\/fr\/wp-json\/wp\/v2\/types\/product"}],"replies":[{"embeddable":true,"href":"https:\/\/gpl-love.com\/fr\/wp-json\/wp\/v2\/comments?post=120532"}],"wp:featuredmedia":[{"embeddable":true,"href":"https:\/\/gpl-love.com\/fr\/wp-json\/wp\/v2\/media\/144672"}],"wp:attachment":[{"href":"https:\/\/gpl-love.com\/fr\/wp-json\/wp\/v2\/media?parent=120532"}],"wp:term":[{"taxonomy":"product_brand","embeddable":true,"href":"https:\/\/gpl-love.com\/fr\/wp-json\/wp\/v2\/product_brand?post=120532"},{"taxonomy":"product_cat","embeddable":true,"href":"https:\/\/gpl-love.com\/fr\/wp-json\/wp\/v2\/product_cat?post=120532"},{"taxonomy":"product_tag","embeddable":true,"href":"https:\/\/gpl-love.com\/fr\/wp-json\/wp\/v2\/product_tag?post=120532"}],"curies":[{"name":"wp","href":"https:\/\/api.w.org\/{rel}","templated":true}]}}