{"id":120530,"date":"2022-02-09T00:00:00","date_gmt":"2022-02-08T23:00:00","guid":{"rendered":"https:\/\/gpl-love.com\/fr\/produit\/mythemeshop-magnus-wordpress-theme\/"},"modified":"2026-04-10T18:32:58","modified_gmt":"2026-04-10T16:32:58","slug":"mythemeshop-magnus-wordpress-theme","status":"publish","type":"product","link":"https:\/\/gpl-love.com\/fr\/produit\/mythemeshop-magnus-wordpress-theme\/","title":{"rendered":"MyThemeShop Magnus WordPress Theme 1.1.4"},"content":{"rendered":"<h3>MyThemeShop Magnus WordPress Theme Traits<\/h3>\n<p>Le th\u00e8me MyTheMeshop Magnus WordPress poss\u00e8de une pl\u00e9thore d&rsquo;options de personnalisation et un haut niveau de r\u00e9activit\u00e9, ce qui en fait un choix exceptionnel pour ceux qui recherchent une exp\u00e9rience utilisateur intuitive. Son design complexe comprend de nombreuses possibilit\u00e9s de mise en page, des sch\u00e9mas de couleurs personnalisables et un \u00e9ventail de widgets et de codes shortcodes, qui contribuent tous \u00e0 la cr\u00e9ation d&rsquo;un site Web qui d\u00e9gage le professionnalisme en quelques minutes. De plus, ce th\u00e8me est compatible avec tous les navigateurs et appareils pro\u00e9minents, et il englobe une gamme diversifi\u00e9e de fonctionnalit\u00e9s telles que des widgets personnalis\u00e9s, une int\u00e9gration transparente avec les plateformes de m\u00e9dias sociaux et un syst\u00e8me de gestion de publicit\u00e9 int\u00e9gr\u00e9. De plus, il a \u00e9t\u00e9 optimis\u00e9 avec diligence pour les moteurs de recherche, garantissant ainsi que votre site Web garantira une position \u00e9lev\u00e9e dans le classement des moteurs de recherche. Compte tenu de ces attributs remarquables, il est ind\u00e9niable que le th\u00e8me MAYTheShop Magnus WordPress sert de choix exceptionnel aux blogueurs, aux entreprises et aux individus, car il leur permet de construire sans effort un site Web poli et sophistiqu\u00e9.<\/p>\n<ul>\n<li>Design professionnel et moderne parfait pour les entreprises, les startups et les blogueurs<\/li>\n<li>Enti\u00e8rement r\u00e9actif et convivial pour une visualisation optimale sur tous les appareils<\/li>\n<li>Sch\u00e9mas de couleurs personnalisables et polices pour correspondre \u00e0 votre marque et \u00e0 votre style<\/li>\n<li>Comprend plusieurs options de page d&rsquo;accueil et de disposition de blog pour la flexibilit\u00e9<\/li>\n<li>SEO optimis\u00e9 pour am\u00e9liorer le classement des moteurs de recherche<\/li>\n<li>Int\u00e9gration int\u00e9gr\u00e9e des m\u00e9dias sociaux pour vous connecter avec votre public<\/li>\n<li>Traduction pr\u00eate pour un public mondial<\/li>\n<li>Importation de d\u00e9monstration en un clic pour configurer facilement votre site Web<\/li>\n<li>Rapide et l\u00e9ger pour des performances de site Web optimales<\/li>\n<li>\u00c9quipe d&rsquo;assistance d\u00e9di\u00e9e \u00e0 toute question ou probl\u00e8me<\/li>\n<\/ul>\n","protected":false},"excerpt":{"rendered":"<p>En utilisant le th\u00e8me exceptionnel du mythemeshop Magnus WordPress, les individus sont capables de fa\u00e7onner un site Web exquis qui poss\u00e8de non seulement une allure visuelle attrayante mais aussi une fonctionnalit\u00e9 primordiale. B\u00e9n\u00e9ficiant d&rsquo;une conception de pointe, Magnus est \u00e9quip\u00e9 d&rsquo;options de personnalisation compl\u00e8tes afin de s&rsquo;aligner parfaitement sur l&rsquo;essence de sa marque. En outre, ce th\u00e8me remarquable a \u00e9t\u00e9 m\u00e9ticuleusement optimis\u00e9 pour am\u00e9liorer la rapidit\u00e9 et l&rsquo;efficacit\u00e9, garantissant ainsi que le site Web de son site Web est class\u00e9 de mani\u00e8re optimale dans les r\u00e9sultats des moteurs de recherche et offre aux utilisateurs une exp\u00e9rience en ligne transparente. En plus de ces attributs impressionnants, Magnus englobe \u00e9galement un \u00e9ventail de fonctionnalit\u00e9s avantageuses, comme un constructeur de pages de glisser-d\u00e9poser des utilisateurs, une collection diversifi\u00e9e de widgets personnalis\u00e9s, une int\u00e9gration des m\u00e9dias sociaux sans couture et une abondance d&rsquo;autres \u00e9l\u00e9ments, tous, tous dont collectivement faciliter la cr\u00e9ation sans effort d&rsquo;un site Web extr\u00eamement professionnel, tout en contournant la n\u00e9cessit\u00e9 de toute comp\u00e9tence de codage.<\/p>\n","protected":false},"featured_media":144671,"comment_status":"open","ping_status":"open","template":"","meta":[],"product_brand":[2601],"product_cat":[1242,1212,1213],"product_tag":[1309],"class_list":{"0":"post-120530","1":"product","2":"type-product","3":"status-publish","4":"has-post-thumbnail","6":"product_brand-my-theme-shop","7":"product_cat-creatif","8":"product_cat-themes","9":"product_cat-wordpress-themes","10":"product_tag-my-theme-shop","11":"member-discount","12":"discount-restricted","14":"first","15":"instock","16":"sale","17":"downloadable","18":"virtual","19":"sold-individually","20":"purchasable","21":"product-type-simple"},"_links":{"self":[{"href":"https:\/\/gpl-love.com\/fr\/wp-json\/wp\/v2\/product\/120530","targetHints":{"allow":["GET"]}}],"collection":[{"href":"https:\/\/gpl-love.com\/fr\/wp-json\/wp\/v2\/product"}],"about":[{"href":"https:\/\/gpl-love.com\/fr\/wp-json\/wp\/v2\/types\/product"}],"replies":[{"embeddable":true,"href":"https:\/\/gpl-love.com\/fr\/wp-json\/wp\/v2\/comments?post=120530"}],"wp:featuredmedia":[{"embeddable":true,"href":"https:\/\/gpl-love.com\/fr\/wp-json\/wp\/v2\/media\/144671"}],"wp:attachment":[{"href":"https:\/\/gpl-love.com\/fr\/wp-json\/wp\/v2\/media?parent=120530"}],"wp:term":[{"taxonomy":"product_brand","embeddable":true,"href":"https:\/\/gpl-love.com\/fr\/wp-json\/wp\/v2\/product_brand?post=120530"},{"taxonomy":"product_cat","embeddable":true,"href":"https:\/\/gpl-love.com\/fr\/wp-json\/wp\/v2\/product_cat?post=120530"},{"taxonomy":"product_tag","embeddable":true,"href":"https:\/\/gpl-love.com\/fr\/wp-json\/wp\/v2\/product_tag?post=120530"}],"curies":[{"name":"wp","href":"https:\/\/api.w.org\/{rel}","templated":true}]}}