{"id":120528,"date":"2021-12-12T00:00:00","date_gmt":"2021-12-11T23:00:00","guid":{"rendered":"https:\/\/gpl-love.com\/fr\/produit\/mythemeshop-lawyer-wordpress-theme\/"},"modified":"2026-03-20T23:26:53","modified_gmt":"2026-03-20T22:26:53","slug":"mythemeshop-lawyer-wordpress-theme","status":"publish","type":"product","link":"https:\/\/gpl-love.com\/fr\/produit\/mythemeshop-lawyer-wordpress-theme\/","title":{"rendered":"MyThemeShop Lawyer WordPress Theme 1.1.0"},"content":{"rendered":"<h3>MyThemeShop Lawyer WordPress Theme Traits<\/h3>\n<p>Le th\u00e8me de l&rsquo;avocat WordPress offert par MytheMeshop est un th\u00e8me exceptionnellement convivial et parfaitement intuitif qui a \u00e9t\u00e9 sp\u00e9cifiquement con\u00e7u pour r\u00e9pondre aux besoins et aux exigences des professionnels du droit. B\u00e9n\u00e9ficiant d&rsquo;un design \u00e9l\u00e9gant et contemporain, ce th\u00e8me englobe une multitude de caract\u00e9ristiques et de fonctionnalit\u00e9s impressionnantes, qui visent toutes \u00e0 vous aider \u00e0 \u00e9tablir une pr\u00e9sence en ligne tr\u00e8s poli et extr\u00eamement efficace. Les caract\u00e9ristiques distinctives de ce th\u00e8me comprennent la possibilit\u00e9 de personnaliser votre page d&rsquo;accueil en fonction de vos pr\u00e9f\u00e9rences, une conception qui est pleinement r\u00e9active sur divers appareils, un assortiment de mod\u00e8les de pages divers, des widgets personnalisables et un \u00e9ventail d&rsquo;autres attributs remarquables. Peu importe si vous op\u00e9rez en tant que praticien individuel ou dans le cadre d&rsquo;un cabinet d&rsquo;avocats plus vaste, le th\u00e8me WordPress de l&rsquo;avocat de MyTheMeshop propose une solution sans faille qui est adapt\u00e9e pour r\u00e9pondre \u00e0 toutes vos exigences en ligne. Facilitant un processus d&rsquo;installation sans effort, associ\u00e9 \u00e0 sa documentation compl\u00e8te, vous vous retrouverez rapidement op\u00e9rationnel, pr\u00eate \u00e0 montrer vos prouesses et \u00e0 s\u00e9duire un nouvel afflux de clients.<\/p>\n<ul>\n<li>Design professionnel et moderne sp\u00e9cifiquement adapt\u00e9 aux cabinets d&rsquo;avocats et aux professionnels du droit<\/li>\n<li>Personnable avec divers sch\u00e9mas de couleurs et options de mise en page pour s&rsquo;adapter \u00e0 votre marque et \u00e0 vos besoins<\/li>\n<li>Code nettoyant et optimis\u00e9 pour des temps de chargement plus rapides et un r\u00e9f\u00e9rencement am\u00e9lior\u00e9<\/li>\n<li>Comprend des pages pr\u00e9d\u00e9finies comme nous, des zones de pratique et nous contacter pour une configuration facile<\/li>\n<li>Conception r\u00e9active mobile garantissant que votre site Web a fi\u00e8re allure sur n&rsquo;importe quel appareil<\/li>\n<li>Int\u00e9gration int\u00e9gr\u00e9e des m\u00e9dias sociaux pour une promotion et un partage faciles de votre contenu<\/li>\n<li>Prend en charge les plugins WordPress populaires comme WooCommerce et Contact Form 7 pour ajouter des fonctionnalit\u00e9s<\/li>\n<li>Documentation compl\u00e8te et soutien de l&rsquo;\u00e9quipe MyTheMeshop pour aider \u00e0 toute question ou probl\u00e8me<\/li>\n<li>Mises \u00e0 jour et am\u00e9liorations r\u00e9guli\u00e8res pour assurer la compatibilit\u00e9 avec la derni\u00e8re version WordPress et les normes Web actuelles.<\/li>\n<\/ul>\n","protected":false},"excerpt":{"rendered":"<p>Le th\u00e8me WordPress de l&rsquo;avocat de MytheMeshop, un th\u00e8me WordPress de haute qualit\u00e9 m\u00e9ticuleusement con\u00e7u pour les cabinets juridiques et les avocats, se d\u00e9marque avec sa conception sophistiqu\u00e9e et raffin\u00e9e. Ce th\u00e8me est \u00e9quip\u00e9 d&rsquo;un \u00e9ventail de fonctionnalit\u00e9s impressionnantes, y compris des widgets personnalisables, des codes \u00e0 court terme et un ensemble robuste d&rsquo;options de th\u00e8me, vous permettant de fa\u00e7onner sans effort un site Web visuellement frappant qui incarne impeccablement l&rsquo;identit\u00e9 de marque unique de votre cabinet d&rsquo;avocats. De plus, le th\u00e8me WordPress de MyTheMeshop Lawyer s&rsquo;adapte de mani\u00e8re transparente \u00e0 diverses tailles d&rsquo;\u00e9cran, garantissant une exp\u00e9rience utilisateur sans faille sur tous les appareils. De plus, ce th\u00e8me est m\u00e9ticuleusement optimis\u00e9 pour l&rsquo;optimisation des moteurs de recherche (SEO) et poss\u00e8de la capacit\u00e9 d&rsquo;\u00eatre traduit sans effort, ce qui en fait un choix id\u00e9al pour les cabinets d&rsquo;avocats cherchant \u00e0 \u00e9tablir une formidable pr\u00e9sence en ligne.<\/p>\n","protected":false},"featured_media":144668,"comment_status":"open","ping_status":"open","template":"","meta":[],"product_brand":[2601],"product_cat":[1516,1212,1213],"product_tag":[1309],"class_list":{"0":"post-120528","1":"product","2":"type-product","3":"status-publish","4":"has-post-thumbnail","6":"product_brand-my-theme-shop","7":"product_cat-entreprise","8":"product_cat-themes","9":"product_cat-wordpress-themes","10":"product_tag-my-theme-shop","11":"member-discount","12":"discount-restricted","14":"first","15":"instock","16":"sale","17":"downloadable","18":"virtual","19":"sold-individually","20":"purchasable","21":"product-type-simple"},"_links":{"self":[{"href":"https:\/\/gpl-love.com\/fr\/wp-json\/wp\/v2\/product\/120528","targetHints":{"allow":["GET"]}}],"collection":[{"href":"https:\/\/gpl-love.com\/fr\/wp-json\/wp\/v2\/product"}],"about":[{"href":"https:\/\/gpl-love.com\/fr\/wp-json\/wp\/v2\/types\/product"}],"replies":[{"embeddable":true,"href":"https:\/\/gpl-love.com\/fr\/wp-json\/wp\/v2\/comments?post=120528"}],"wp:featuredmedia":[{"embeddable":true,"href":"https:\/\/gpl-love.com\/fr\/wp-json\/wp\/v2\/media\/144668"}],"wp:attachment":[{"href":"https:\/\/gpl-love.com\/fr\/wp-json\/wp\/v2\/media?parent=120528"}],"wp:term":[{"taxonomy":"product_brand","embeddable":true,"href":"https:\/\/gpl-love.com\/fr\/wp-json\/wp\/v2\/product_brand?post=120528"},{"taxonomy":"product_cat","embeddable":true,"href":"https:\/\/gpl-love.com\/fr\/wp-json\/wp\/v2\/product_cat?post=120528"},{"taxonomy":"product_tag","embeddable":true,"href":"https:\/\/gpl-love.com\/fr\/wp-json\/wp\/v2\/product_tag?post=120528"}],"curies":[{"name":"wp","href":"https:\/\/api.w.org\/{rel}","templated":true}]}}