{"id":120526,"date":"2022-03-04T00:00:00","date_gmt":"2022-03-03T23:00:00","guid":{"rendered":"https:\/\/gpl-love.com\/fr\/produit\/mythemeshop-interactive-wordpress-theme\/"},"modified":"2026-04-10T18:32:56","modified_gmt":"2026-04-10T16:32:56","slug":"mythemeshop-interactive-wordpress-theme","status":"publish","type":"product","link":"https:\/\/gpl-love.com\/fr\/produit\/mythemeshop-interactive-wordpress-theme\/","title":{"rendered":"MyThemeShop Interactive WordPress Theme 2.1.10"},"content":{"rendered":"<h3>MyThemeShop Interactive WordPress Theme Traits<\/h3>\n<p>Le th\u00e8me WordPress interactif MyTheShop, \u00e9tant un th\u00e8me de qualit\u00e9 sup\u00e9rieure, a \u00e9t\u00e9 m\u00e9ticuleusement con\u00e7u pour offrir une exp\u00e9rience extr\u00eamement interactive et engageante pour les visiteurs de votre site Web. Ce th\u00e8me poss\u00e8de une conception r\u00e9active et un \u00e9ventail d&rsquo;options de personnalisation approfondies, vous permettant de fabriquer sans effort un site Web impressionnant qui se distingue vraiment des autres. De plus, il englobe une multitude de fonctionnalit\u00e9s notables, y compris une page d&rsquo;accueil enti\u00e8rement personnalisable, diverses mises en page et m\u00eame un syst\u00e8me de r\u00e9vision int\u00e9gr\u00e9, ce qui le rend la s\u00e9lection id\u00e9ale pour les blogueurs, les entreprises et les \u00e9diteurs en ligne. De plus, le th\u00e8me WordPress interactif MyTheShop est accompagn\u00e9 d&rsquo;un panneau d&rsquo;options de th\u00e8me extr\u00eamement puissant, vous permettant de modifier sans effort l&rsquo;apparence et la fonctionnalit\u00e9 de votre site Web \u00e0 votre go\u00fbt, le tout sans avoir besoin d&rsquo;une expertise de codage. En somme, ce th\u00e8me est sans \u00e9quivoque un choix exceptionnel pour tous ceux qui cherchent \u00e0 \u00e9tablir une pr\u00e9sence en ligne professionnelle et visuellement captivante.<\/p>\n<ul>\n<li>Th\u00e8me WordPress interactif et convivial<\/li>\n<li>Builder de page de glisser-d\u00e9poser int\u00e9gr\u00e9 pour une personnalisation facile<\/li>\n<li>Conception enti\u00e8rement r\u00e9active pour une visualisation optimale sur n&rsquo;importe quel appareil<\/li>\n<li>SEO optimis\u00e9 pour un meilleur classement des moteurs de recherche<\/li>\n<li>Plusieurs options de mise en page, y compris en bo\u00eete et en pleine largeur<\/li>\n<li>Widgets personnalis\u00e9s pour des fonctionnalit\u00e9s et des options de conception suppl\u00e9mentaires<\/li>\n<li>Int\u00e9gration des m\u00e9dias sociaux pour le partage facile et le suivi<\/li>\n<li>Int\u00e9gration Google des polices pour les options de typographie illimit\u00e9e<\/li>\n<li>Importation de d\u00e9monstration en un clic pour commencer rapidement<\/li>\n<li>\u00c9quipe de support d\u00e9di\u00e9e \u00e0 toutes les questions ou probl\u00e8mes.<\/li>\n<\/ul>\n","protected":false},"excerpt":{"rendered":"<p>MytheMeshop Interactive, un th\u00e8me WordPress incroyablement polyvalent, pr\u00e9sente une pl\u00e9thore de fonctionnalit\u00e9s interactives qui captivent et absorbent vraiment vos visiteurs de site Web. Offrant une charmante gamme d&rsquo;options de conception personnalisables et de style moderne, ce th\u00e8me s&rsquo;av\u00e8re \u00eatre le choix par excellence pour les blogueurs, les magasins en ligne et tous les sites Web ax\u00e9s sur le contenu. De plus, sa page d&rsquo;accueil dynamique poss\u00e8de la capacit\u00e9 d&rsquo;incorporer de mani\u00e8re transparente des \u00e9l\u00e9ments anim\u00e9s, du contenu en vedette et l&rsquo;int\u00e9gration des m\u00e9dias sociaux, garantissant ainsi que votre public inestimable reste fascin\u00e9 et connect\u00e9. De plus, MyTheShop Interactive est fier de son optimisation impeccable pour la vitesse et le r\u00e9f\u00e9rencement, ce qui le rend un choix sans \u00e9quivoque pour am\u00e9liorer les performances globales de votre site Web. Ne perdez pas de temps et commencez \u00e0 captiver et \u00e0 hypnotiser votre public avec ce th\u00e8me WordPress in\u00e9gal, polyvalent et moderne sans plus tarder!<\/p>\n","protected":false},"featured_media":144666,"comment_status":"open","ping_status":"open","template":"","meta":[],"product_brand":[2601],"product_cat":[1242,1212,1213],"product_tag":[1309],"class_list":{"0":"post-120526","1":"product","2":"type-product","3":"status-publish","4":"has-post-thumbnail","6":"product_brand-my-theme-shop","7":"product_cat-creatif","8":"product_cat-themes","9":"product_cat-wordpress-themes","10":"product_tag-my-theme-shop","11":"member-discount","12":"discount-restricted","14":"first","15":"instock","16":"sale","17":"downloadable","18":"virtual","19":"sold-individually","20":"purchasable","21":"product-type-simple"},"_links":{"self":[{"href":"https:\/\/gpl-love.com\/fr\/wp-json\/wp\/v2\/product\/120526","targetHints":{"allow":["GET"]}}],"collection":[{"href":"https:\/\/gpl-love.com\/fr\/wp-json\/wp\/v2\/product"}],"about":[{"href":"https:\/\/gpl-love.com\/fr\/wp-json\/wp\/v2\/types\/product"}],"replies":[{"embeddable":true,"href":"https:\/\/gpl-love.com\/fr\/wp-json\/wp\/v2\/comments?post=120526"}],"wp:featuredmedia":[{"embeddable":true,"href":"https:\/\/gpl-love.com\/fr\/wp-json\/wp\/v2\/media\/144666"}],"wp:attachment":[{"href":"https:\/\/gpl-love.com\/fr\/wp-json\/wp\/v2\/media?parent=120526"}],"wp:term":[{"taxonomy":"product_brand","embeddable":true,"href":"https:\/\/gpl-love.com\/fr\/wp-json\/wp\/v2\/product_brand?post=120526"},{"taxonomy":"product_cat","embeddable":true,"href":"https:\/\/gpl-love.com\/fr\/wp-json\/wp\/v2\/product_cat?post=120526"},{"taxonomy":"product_tag","embeddable":true,"href":"https:\/\/gpl-love.com\/fr\/wp-json\/wp\/v2\/product_tag?post=120526"}],"curies":[{"name":"wp","href":"https:\/\/api.w.org\/{rel}","templated":true}]}}