{"id":120524,"date":"2021-11-25T00:00:00","date_gmt":"2021-11-24T23:00:00","guid":{"rendered":"https:\/\/gpl-love.com\/fr\/produit\/mythemeshop-apptheme-wordpress-theme\/"},"modified":"2026-03-20T23:26:27","modified_gmt":"2026-03-20T22:26:27","slug":"mythemeshop-apptheme-wordpress-theme","status":"publish","type":"product","link":"https:\/\/gpl-love.com\/fr\/produit\/mythemeshop-apptheme-wordpress-theme\/","title":{"rendered":"MyThemeShop Apptheme WordPress Theme 1.2.9"},"content":{"rendered":"<h3>MyThemeShop Apptheme WordPress Theme Traits<\/h3>\n<p>Le th\u00e8me MyTheMeshop Apptheme WordPress est une option exceptionnelle pour les personnes cherchant \u00e0 cr\u00e9er sans effort un site Web professionnel et efficace. Son interface conviviale permet une personnalisation transparente pour r\u00e9pondre \u00e0 ses besoins et pr\u00e9f\u00e9rences sp\u00e9cifiques. Le th\u00e8me poss\u00e8de une vaste gamme de fonctionnalit\u00e9s, englobant une page d&rsquo;accueil personnalisable, de nombreux mod\u00e8les de pages et un design r\u00e9actif qui garantit une apparence esth\u00e9tique sur tous les appareils. De plus, l&rsquo;optimisation du r\u00e9f\u00e9rencement du th\u00e8me assure une visibilit\u00e9 accrue dans les classements des moteurs de recherche. En r\u00e9sum\u00e9, le th\u00e8me WordPress de MyTheMeshop Apptheme pr\u00e9sente une opportunit\u00e9 extraordinaire pour quiconque d\u00e9sire \u00e9laborer un site Web visuellement \u00e9tonnant et tr\u00e8s fonctionnel qui se distingue sans effort de la concurrence.<\/p>\n<ul>\n<li>Th\u00e8me WordPress magnifiquement con\u00e7u adapt\u00e9 \u00e0 la cr\u00e9ation d&rsquo;un site Web ou d&rsquo;une application mobile \u00e9l\u00e9gant et professionnel<\/li>\n<li>Livr\u00e9 avec 6 dispositions de page d&rsquo;accueil diff\u00e9rentes au choix, chacune avec son propre style et fonctionnalit\u00e9 uniques<\/li>\n<li>Enti\u00e8rement personnalisable avec une large gamme d&rsquo;options de personnalisation, y compris les sch\u00e9mas de couleurs, les polices et les options de mise en page<\/li>\n<li>Prise en charge int\u00e9gr\u00e9e pour WooCommerce, ce qui facilite la vente de produits et services directement \u00e0 partir de votre site Web ou de votre application<\/li>\n<li>Comprend un puissant constructeur de pages visuels, qui vous permet de cr\u00e9er des dispositions et des conceptions personnalis\u00e9es sans aucune connaissance de codage<\/li>\n<li>Optimis\u00e9 pour les moteurs de recherche et les temps de chargement rapide, en vous assurant que votre site Web ou votre application est facile \u00e0 trouver et \u00e0 utiliser<\/li>\n<li>Comprend une gamme de widgets pr\u00e9d\u00e9finis et de shortcodes, ce qui facilite l&rsquo;ajout de fonctionnalit\u00e9s suppl\u00e9mentaires \u00e0 votre site Web ou application<\/li>\n<li>Une documentation compl\u00e8te et un support sont fournis, y compris des tutoriels vid\u00e9o et une \u00e9quipe d&rsquo;assistance d\u00e9di\u00e9e pour vous aider avec tous les probl\u00e8mes ou questions que vous pourriez avoir<\/li>\n<li>R\u00e9guli\u00e8rement mis \u00e0 jour avec de nouvelles fonctionnalit\u00e9s et mises \u00e0 jour de s\u00e9curit\u00e9, en vous assurant que votre site Web ou votre application reste \u00e0 jour et s\u00e9curis\u00e9<\/li>\n<li>Compatible avec tous les principaux navigateurs et appareils, en vous assurant que votre site Web ou votre application est superbe, peu importe comment vos utilisateurs y acc\u00e9dent<\/li>\n<\/ul>\n","protected":false},"excerpt":{"rendered":"<p>Le th\u00e8me de l&rsquo;Apptheme WordPress, offert par MyTheMeshop, appara\u00eet comme une s\u00e9lection id\u00e9ale pour ceux qui cherchent \u00e0 fabriquer un site Web contemporain et utilitaire pour promouvoir leur application ou logiciel mobile. Affichage d&rsquo;une conception immacul\u00e9e coupl\u00e9e \u00e0 une gamme d&rsquo;options personnalisables, ce th\u00e8me vous permet de pr\u00e9senter votre produit de mani\u00e8re in\u00e9gal\u00e9e, garantissant ainsi une exp\u00e9rience utilisateur rationalis\u00e9e et immersive pour vos visiteurs estim\u00e9s. De plus, ce th\u00e8me s&rsquo;int\u00e8gre sans effort aux plugins r\u00e9pandus, poss\u00e8de des fonctionnalit\u00e9s de personnalisation pratiques et poss\u00e8de une conception r\u00e9active qui assure une vision optimale sur divers appareils. \u00c9levez la visibilit\u00e9 de votre application estim\u00e9e en adoptant ce th\u00e8me WordPress exquis, exclusivement de MytheMeshop.<\/p>\n","protected":false},"featured_media":144641,"comment_status":"open","ping_status":"open","template":"","meta":[],"product_brand":[2601],"product_cat":[1242,1212,1213],"product_tag":[1309],"class_list":{"0":"post-120524","1":"product","2":"type-product","3":"status-publish","4":"has-post-thumbnail","6":"product_brand-my-theme-shop","7":"product_cat-creatif","8":"product_cat-themes","9":"product_cat-wordpress-themes","10":"product_tag-my-theme-shop","11":"member-discount","12":"discount-restricted","14":"first","15":"instock","16":"sale","17":"downloadable","18":"virtual","19":"sold-individually","20":"purchasable","21":"product-type-simple"},"_links":{"self":[{"href":"https:\/\/gpl-love.com\/fr\/wp-json\/wp\/v2\/product\/120524","targetHints":{"allow":["GET"]}}],"collection":[{"href":"https:\/\/gpl-love.com\/fr\/wp-json\/wp\/v2\/product"}],"about":[{"href":"https:\/\/gpl-love.com\/fr\/wp-json\/wp\/v2\/types\/product"}],"replies":[{"embeddable":true,"href":"https:\/\/gpl-love.com\/fr\/wp-json\/wp\/v2\/comments?post=120524"}],"wp:featuredmedia":[{"embeddable":true,"href":"https:\/\/gpl-love.com\/fr\/wp-json\/wp\/v2\/media\/144641"}],"wp:attachment":[{"href":"https:\/\/gpl-love.com\/fr\/wp-json\/wp\/v2\/media?parent=120524"}],"wp:term":[{"taxonomy":"product_brand","embeddable":true,"href":"https:\/\/gpl-love.com\/fr\/wp-json\/wp\/v2\/product_brand?post=120524"},{"taxonomy":"product_cat","embeddable":true,"href":"https:\/\/gpl-love.com\/fr\/wp-json\/wp\/v2\/product_cat?post=120524"},{"taxonomy":"product_tag","embeddable":true,"href":"https:\/\/gpl-love.com\/fr\/wp-json\/wp\/v2\/product_tag?post=120524"}],"curies":[{"name":"wp","href":"https:\/\/api.w.org\/{rel}","templated":true}]}}