{"id":120522,"date":"2026-03-02T00:00:00","date_gmt":"2026-03-01T23:00:00","guid":{"rendered":"https:\/\/gpl-love.com\/fr\/produit\/mainwp-wordfence\/"},"modified":"2026-03-20T23:23:34","modified_gmt":"2026-03-20T22:23:34","slug":"mainwp-wordfence","status":"publish","type":"product","link":"https:\/\/gpl-love.com\/fr\/produit\/mainwp-wordfence\/","title":{"rendered":"MainWP WordFence 5.1.1"},"content":{"rendered":"<h3>MainWP WordFence Traits<\/h3>\n<p>MainWP WordFence est un plugin de s\u00e9curit\u00e9 extraordinairement puissant qui fournit une gamme compl\u00e8te de m\u00e9canismes de protection pour votre site Web. Il poss\u00e8de une conception m\u00e9ticuleusement con\u00e7ue visant \u00e0 prot\u00e9ger votre site Web \u00e0 partir des menaces incessantes pos\u00e9es par des pirates, des logiciels malveillants et d&rsquo;autres p\u00e9rils qui se cachent en ligne. Non seulement ce plugin est extr\u00eamement facile \u00e0 installer et \u00e0 utiliser, mais il d\u00e9place \u00e9galement une gamme diversifi\u00e9e de fonctionnalit\u00e9s de pointe, y compris, mais sans s&rsquo;y limiter, la num\u00e9risation des logiciels malveillants en temps r\u00e9el, la fortification contre les attaques de force brute, un syst\u00e8me de pare-feu robuste et la capacit\u00e9 pour bloquer des adresses IP sp\u00e9cifiques. En tirant parti des capacit\u00e9s remarquables de la MAINWP WordFence, vous pouvez \u00eatre assur\u00e9 en sachant que votre site Web reste imperm\u00e9able \u00e0 toute violation de s\u00e9curit\u00e9 potentielle ou aux infiltrations non autoris\u00e9es. De plus, ce plugin tr\u00e8s estim\u00e9 vous accorde \u00e0 des mises \u00e0 jour r\u00e9guli\u00e8res et \u00e0 un soutien in\u00e9branlable, renfor\u00e7ant ainsi perp\u00e9tuellement les d\u00e9fenses de votre site Web. Incarnant la plus grande compatibilit\u00e9 avec WordPress Multisites, le MainWP Wordfence appara\u00eet comme un outil indispensable pour tous ceux qui cherchent \u00e0 assurer la plus grande s\u00e9curit\u00e9 et la s\u00e9curit\u00e9 de leurs plateformes en ligne ch\u00e8res.<\/p>\n<ul>\n<li>Protection de s\u00e9curit\u00e9 WordPress de pointe contre le plugin WordFence tr\u00e8s fiable<\/li>\n<li>Int\u00e9gr\u00e9 de mani\u00e8re transparente dans votre tableau de bord Mainwp pour une gestion facile de tous vos sites<\/li>\n<li>Analyse des logiciels malveillants complets et d\u00e9tection de menaces en temps r\u00e9el pour garder vos sites \u00e0 l&rsquo;abri des attaques<\/li>\n<li>Protection avanc\u00e9e du pare-feu avec des r\u00e8gles personnalis\u00e9es et des m\u00e9canismes de blocage pour emp\u00eacher l&rsquo;acc\u00e8s non autoris\u00e9<\/li>\n<li>Options de s\u00e9curit\u00e9 hautement configurables et param\u00e8tres avanc\u00e9s pour une personnalisation maximale<\/li>\n<li>Mises \u00e0 jour de s\u00e9curit\u00e9 automatiques et compatibilit\u00e9 sans couture avec les derni\u00e8res versions WordPress<\/li>\n<li>Afficher les journaux et analyses d&rsquo;activit\u00e9s d\u00e9taill\u00e9es pour suivre les menaces de s\u00e9curit\u00e9 et surveiller la sant\u00e9 de la s\u00e9curit\u00e9 globale de votre site<\/li>\n<li>Interface conviviale et processus d&rsquo;installation facile, m\u00eame pour les utilisateurs non techniques.<\/li>\n<\/ul>\n","protected":false},"excerpt":{"rendered":"<p>MainWP WordFence, une solution de s\u00e9curit\u00e9 tr\u00e8s robuste et fiable adapt\u00e9e sp\u00e9cifiquement aux sites Web WordPress, est un protecteur fid\u00e8le contre un \u00e9ventail de menaces potentielles, y compris, mais sans s&rsquo;y limiter, les hacks, les logiciels malveillants et les virus. Ce plugin remarquable offre \u00e0 ses utilisateurs un moyen sans effort de prot\u00e9ger leurs sites Web en leur accordant la possibilit\u00e9 de superviser efficacement l&rsquo;\u00e9tat de s\u00e9curit\u00e9 de tous leurs sites WordPress via un tableau de bord singulier, tout en recevant simultan\u00e9ment des notifications instantan\u00e9es chaque fois qu&rsquo;une forme d&rsquo;activit\u00e9 suspecte est d\u00e9tect\u00e9e. En outre, le WordFence MainWP est \u00e9quip\u00e9 d&rsquo;un assortiment de fonctionnalit\u00e9s avanc\u00e9es, englobant des go\u00fbts de protection contre le pare-feu, de la num\u00e9risation des logiciels malveillants en temps r\u00e9el et de l&rsquo;ajout d&rsquo;authentification \u00e0 deux facteurs; assurant ainsi la s\u00e9curit\u00e9 perp\u00e9tuelle de votre site Web dans son int\u00e9gralit\u00e9. Que vous soyez un n\u00e9ophyte ou un utilisateur adepte, le WordFence Mainwp s&rsquo;adresse de mani\u00e8re transparente \u00e0 tous les niveaux de comp\u00e9tence, en le rendant l&rsquo;instrument par excellence pour pr\u00e9server la plus grande s\u00e9curit\u00e9 pour votre site Web WordPress estim\u00e9.<\/p>\n","protected":false},"featured_media":144446,"comment_status":"open","ping_status":"open","template":"","meta":[],"product_brand":[2587],"product_cat":[1187,1181,1186],"product_tag":[1299],"class_list":{"0":"post-120522","1":"product","2":"type-product","3":"status-publish","4":"has-post-thumbnail","6":"product_brand-main-wp","7":"product_cat-administration-wordpress-plugins","8":"product_cat-plugins","9":"product_cat-wordpress-plugins","10":"product_tag-main-wp","11":"member-discount","12":"discount-restricted","14":"first","15":"instock","16":"sale","17":"downloadable","18":"virtual","19":"sold-individually","20":"purchasable","21":"product-type-simple"},"_links":{"self":[{"href":"https:\/\/gpl-love.com\/fr\/wp-json\/wp\/v2\/product\/120522","targetHints":{"allow":["GET"]}}],"collection":[{"href":"https:\/\/gpl-love.com\/fr\/wp-json\/wp\/v2\/product"}],"about":[{"href":"https:\/\/gpl-love.com\/fr\/wp-json\/wp\/v2\/types\/product"}],"replies":[{"embeddable":true,"href":"https:\/\/gpl-love.com\/fr\/wp-json\/wp\/v2\/comments?post=120522"}],"wp:featuredmedia":[{"embeddable":true,"href":"https:\/\/gpl-love.com\/fr\/wp-json\/wp\/v2\/media\/144446"}],"wp:attachment":[{"href":"https:\/\/gpl-love.com\/fr\/wp-json\/wp\/v2\/media?parent=120522"}],"wp:term":[{"taxonomy":"product_brand","embeddable":true,"href":"https:\/\/gpl-love.com\/fr\/wp-json\/wp\/v2\/product_brand?post=120522"},{"taxonomy":"product_cat","embeddable":true,"href":"https:\/\/gpl-love.com\/fr\/wp-json\/wp\/v2\/product_cat?post=120522"},{"taxonomy":"product_tag","embeddable":true,"href":"https:\/\/gpl-love.com\/fr\/wp-json\/wp\/v2\/product_tag?post=120522"}],"curies":[{"name":"wp","href":"https:\/\/api.w.org\/{rel}","templated":true}]}}