{"id":120520,"date":"2026-03-02T00:00:00","date_gmt":"2026-03-01T23:00:00","guid":{"rendered":"https:\/\/gpl-love.com\/fr\/produit\/mainwp-woocommerce-status\/"},"modified":"2026-03-20T23:23:33","modified_gmt":"2026-03-20T22:23:33","slug":"mainwp-woocommerce-status","status":"publish","type":"product","link":"https:\/\/gpl-love.com\/fr\/produit\/mainwp-woocommerce-status\/","title":{"rendered":"MainWP WooCommerce Status 5.0.5"},"content":{"rendered":"<h3>MainWP WooCommerce Status Traits<\/h3>\n<p>Le statut de WooCommerce MainWP est un plugin extr\u00eamement robuste qui offre une pl\u00e9thore de fonctionnalit\u00e9s puissantes visant \u00e0 rationaliser et \u00e0 am\u00e9liorer la gestion de vos magasins WooCommerce, tous id\u00e9alement situ\u00e9s dans une seule plate-forme centralis\u00e9e. Ce plugin vous donne la possibilit\u00e9 de superviser sans effort l&rsquo;\u00e9tat de vos magasins, englobant un aper\u00e7u complet des commandes, des produits et des niveaux d&rsquo;inventaire. De plus, cela vous permet de vous plonger dans des rapports complexes et complets concernant les performances de votre magasin, vous permettant de surveiller m\u00e9ticuleusement vos ventes et de suivre m\u00e9ticuleusement vos clients. En facilitant simultan\u00e9ment la gestion transparente de plusieurs magasins, le statut de WooCommerce MainWP vous fait \u00e9conomiser consid\u00e9rablement le temps et l&rsquo;effort. Que vous soyez exploit\u00e9 une boutique en ligne ou des produits de vente largement via un site Web, ce plugin se qualifie sans aucun doute comme un outil indispensable pour tout utilisateur WooCommerce. Nous vous implorons de saisir l&rsquo;opportunit\u00e9 de ressentir les avantages multiples du statut de WooCommerce Mainwp de premi\u00e8re main en l&rsquo;essayant aujourd&rsquo;hui, et assistez \u00e0 l&rsquo;am\u00e9lioration substantielle qu&rsquo;elle peut apporter dans les performances de votre magasin, aboutissant finalement \u00e0 une augmentation marqu\u00e9e de vos chiffres de vente!<\/p>\n<ul>\n<li>Fournit un moyen facile de surveiller et de g\u00e9rer l&rsquo;\u00e9tat de vos magasins WooCommerce \u00e0 partir d&rsquo;un seul tableau de bord<\/li>\n<li>Vous permet d&rsquo;afficher les informations de commande et de produit en temps r\u00e9el pour chaque magasin, y compris les ventes totales, les revenus et la valeur de commande moyenne<\/li>\n<li>Suit l&rsquo;\u00e9tat des produits, y compris les niveaux de stock et la disponibilit\u00e9, pour vous aider \u00e0 rester au courant de la gestion des stocks<\/li>\n<li>Fournit des alertes et des notifications pour tout probl\u00e8me ou modification de l&rsquo;\u00e9tat, en vous assurant que vous ayez toujours les informations les plus r\u00e9centes<\/li>\n<li>INTRESSE INT\u00c9RATEMENT avec votre tableau de bord MainWP existant, vous pouvez donc g\u00e9rer tous vos sites WordPress et vos magasins WooCommerce \u00e0 partir d&rsquo;un emplacement centralis\u00e9<\/li>\n<li>Gave le temps et \u00e9limine la n\u00e9cessit\u00e9 de se connecter \u00e0 chaque magasin individuel pour v\u00e9rifier l&rsquo;\u00e9tat ou effectuer des mises \u00e0 jour, rationaliser votre processus de gestion du commerce \u00e9lectronique.<\/li>\n<\/ul>\n","protected":false},"excerpt":{"rendered":"<p>Le statut de WooCommerce MainWP est un plugin exceptionnellement robuste qui a \u00e9t\u00e9 m\u00e9ticuleusement con\u00e7u pour fournir aux utilisateurs des mises \u00e0 jour \u00e0 jour concernant l&rsquo;\u00e9tat actuel de leur magasin WooCommerce estim\u00e9. Que vous soyez impliqu\u00e9 dans la vente de produits tangibles ou de t\u00e9l\u00e9chargements num\u00e9riques, ce plugin extraordinaire est con\u00e7u sur mesure pour r\u00e9pondre \u00e0 vos besoins en vous fournissant un outil inestimable pour rester \u00e0 la pointe de votre gestion des stocks, suivi des ventes et client demandes de renseignements. Augment\u00e9 d&rsquo;une pl\u00e9thore d&rsquo;alertes et de notifications personnalisables, ce plugin ph\u00e9nom\u00e9nal vous garantit, en tant que propri\u00e9taire de magasin consciencieux, ne vous manquerez jamais de connaissances concernant l&rsquo;\u00e9tat actuel de votre magasin, quel que soit votre lieu de travail g\u00e9ographique. Compte tenu de ces avantages convaincants, pourquoi retarder la saisie de l&rsquo;opportunit\u00e9 d&rsquo;am\u00e9liorer votre exp\u00e9rience globale WooCommerce en int\u00e9grant le statut de WooCommerce MainWP in\u00e9gal\u00e9 dans votre entreprise en ligne sans plus tarder?<\/p>\n","protected":false},"featured_media":144445,"comment_status":"open","ping_status":"open","template":"","meta":[],"product_brand":[2587],"product_cat":[1187,1181,1186],"product_tag":[1299],"class_list":{"0":"post-120520","1":"product","2":"type-product","3":"status-publish","4":"has-post-thumbnail","6":"product_brand-main-wp","7":"product_cat-administration-wordpress-plugins","8":"product_cat-plugins","9":"product_cat-wordpress-plugins","10":"product_tag-main-wp","11":"member-discount","12":"discount-restricted","14":"first","15":"instock","16":"sale","17":"downloadable","18":"virtual","19":"sold-individually","20":"purchasable","21":"product-type-simple"},"_links":{"self":[{"href":"https:\/\/gpl-love.com\/fr\/wp-json\/wp\/v2\/product\/120520","targetHints":{"allow":["GET"]}}],"collection":[{"href":"https:\/\/gpl-love.com\/fr\/wp-json\/wp\/v2\/product"}],"about":[{"href":"https:\/\/gpl-love.com\/fr\/wp-json\/wp\/v2\/types\/product"}],"replies":[{"embeddable":true,"href":"https:\/\/gpl-love.com\/fr\/wp-json\/wp\/v2\/comments?post=120520"}],"wp:featuredmedia":[{"embeddable":true,"href":"https:\/\/gpl-love.com\/fr\/wp-json\/wp\/v2\/media\/144445"}],"wp:attachment":[{"href":"https:\/\/gpl-love.com\/fr\/wp-json\/wp\/v2\/media?parent=120520"}],"wp:term":[{"taxonomy":"product_brand","embeddable":true,"href":"https:\/\/gpl-love.com\/fr\/wp-json\/wp\/v2\/product_brand?post=120520"},{"taxonomy":"product_cat","embeddable":true,"href":"https:\/\/gpl-love.com\/fr\/wp-json\/wp\/v2\/product_cat?post=120520"},{"taxonomy":"product_tag","embeddable":true,"href":"https:\/\/gpl-love.com\/fr\/wp-json\/wp\/v2\/product_tag?post=120520"}],"curies":[{"name":"wp","href":"https:\/\/api.w.org\/{rel}","templated":true}]}}