{"id":120518,"date":"2025-02-17T00:00:00","date_gmt":"2025-02-16T23:00:00","guid":{"rendered":"https:\/\/gpl-love.com\/fr\/produit\/mainwp-url-extractor\/"},"modified":"2026-03-20T23:23:32","modified_gmt":"2026-03-20T22:23:32","slug":"mainwp-url-extractor","status":"publish","type":"product","link":"https:\/\/gpl-love.com\/fr\/produit\/mainwp-url-extractor\/","title":{"rendered":"MainWP URL Extractor 5.0.1"},"content":{"rendered":"<h3>MainWP URL Extractor Traits<\/h3>\n<p>L&rsquo;extracteur URL MainWP est un outil incroyablement robuste qui extrait sans effort toutes les URL de votre tableau de bord MainWP, rationalisant le processus. Avec seulement quelques clics, vous pouvez extraire sans effort toutes les URL de vos sites enfants, vous offrant une commodit\u00e9 am\u00e9lior\u00e9e en surveillant et en g\u00e9rant efficacement votre \u00e9ventail de sites Web. Cet outil a \u00e9t\u00e9 m\u00e9ticuleusement con\u00e7u pour r\u00e9pondre aux personnes de toutes les comp\u00e9tences techniques, \u00e9liminant la n\u00e9cessit\u00e9 d&rsquo;un savoir-faire technique \u00e9tendu. En outre, il va au-del\u00e0 en vous fournissant une pr\u00e9cision et une fiabilit\u00e9 in\u00e9gal\u00e9es en termes de donn\u00e9es, en vous garantissant que vous poss\u00e9dez un acc\u00e8s sans entrave \u00e0 toutes les informations imp\u00e9ratives n\u00e9cessaires pour prendre des d\u00e9cisions bien inform\u00e9es. Il importe que vous soyez un blogueur d\u00e9di\u00e9, un sp\u00e9cialiste du marketing astucieux ou m\u00eame un propri\u00e9taire de site Web, car l&rsquo;extracteur d&rsquo;URL MainWP est une ressource vraiment inestimable qui peut rationaliser et optimiser efficacement le temps et les efforts investis dans la gestion de vos divers sites Web.<\/p>\n<ul>\n<li>L&rsquo;extracteur URL MainWP est un outil puissant pour extraire les URL de votre tableau de bord MainWP.<\/li>\n<li>Avec cet outil, vous pouvez extraire les URL de tous les sites enfants de votre r\u00e9seau MainWP en quelques clics.<\/li>\n<li>Les URL extraites peuvent \u00eatre utilis\u00e9es \u00e0 diverses fins, y compris pour la recherche SEO, la cr\u00e9ation de liens et l&rsquo;analyse de contenu.<\/li>\n<li>L&rsquo;extracteur URL MainWP est facile \u00e0 utiliser et ne n\u00e9cessite aucune connaissance technique. Installez simplement le plugin et commencez \u00e0 extraire les URL.<\/li>\n<li>L&rsquo;outil est compatible avec tous les th\u00e8mes et plugins WordPress, ce qui en fait une solution flexible et polyvalente pour les besoins de votre site Web.<\/li>\n<li>L&rsquo;extracteur URL MainWP est con\u00e7u pour \u00eatre rapide et efficace, avec la capacit\u00e9 d&rsquo;extraire des milliers d&rsquo;URL en quelques minutes.<\/li>\n<li>Le plugin est r\u00e9guli\u00e8rement mis \u00e0 jour avec de nouvelles fonctionnalit\u00e9s et des corrections de bogues pour vous assurer que vous avez toujours acc\u00e8s au meilleur outil possible.<\/li>\n<li>Avec un achat unique, vous pouvez profiter d&rsquo;une utilisation illimit\u00e9e de l&rsquo;extracteur d&rsquo;URL MainWP avec des mises \u00e0 jour et un support \u00e0 vie.<\/li>\n<\/ul>\n","protected":false},"excerpt":{"rendered":"<p>L&rsquo;extracteur URL MainWP est un outil extr\u00eamement puissant qui vous accorde la capacit\u00e9 d&rsquo;extraire sans effort les URL de votre tableau de bord Mainwp. Si vous avez besoin de l&rsquo;exportation d&rsquo;une liste compl\u00e8te de vos sites Web, ou si vous avez besoin de collecter des URL pr\u00e9cises dans le but de proc\u00e9der \u00e0 une analyse plus approfondie, cet outil exceptionnel simplifie l&rsquo;habitant tout le processus, vous fournissant ainsi des r\u00e9sultats tous les deux pr\u00e9cis et fiable. En exploitant la puissance de l&rsquo;extracteur URL MainWP, vous pouvez \u00e9conomiser efficacement votre temps et augmenter votre efficacit\u00e9 dans le domaine de la gestion des sites Web.<\/p>\n","protected":false},"featured_media":144444,"comment_status":"open","ping_status":"open","template":"","meta":[],"product_brand":[2587],"product_cat":[1187,1181,1186],"product_tag":[1299],"class_list":{"0":"post-120518","1":"product","2":"type-product","3":"status-publish","4":"has-post-thumbnail","6":"product_brand-main-wp","7":"product_cat-administration-wordpress-plugins","8":"product_cat-plugins","9":"product_cat-wordpress-plugins","10":"product_tag-main-wp","11":"member-discount","12":"discount-restricted","14":"first","15":"instock","16":"sale","17":"downloadable","18":"virtual","19":"sold-individually","20":"purchasable","21":"product-type-simple"},"_links":{"self":[{"href":"https:\/\/gpl-love.com\/fr\/wp-json\/wp\/v2\/product\/120518","targetHints":{"allow":["GET"]}}],"collection":[{"href":"https:\/\/gpl-love.com\/fr\/wp-json\/wp\/v2\/product"}],"about":[{"href":"https:\/\/gpl-love.com\/fr\/wp-json\/wp\/v2\/types\/product"}],"replies":[{"embeddable":true,"href":"https:\/\/gpl-love.com\/fr\/wp-json\/wp\/v2\/comments?post=120518"}],"wp:featuredmedia":[{"embeddable":true,"href":"https:\/\/gpl-love.com\/fr\/wp-json\/wp\/v2\/media\/144444"}],"wp:attachment":[{"href":"https:\/\/gpl-love.com\/fr\/wp-json\/wp\/v2\/media?parent=120518"}],"wp:term":[{"taxonomy":"product_brand","embeddable":true,"href":"https:\/\/gpl-love.com\/fr\/wp-json\/wp\/v2\/product_brand?post=120518"},{"taxonomy":"product_cat","embeddable":true,"href":"https:\/\/gpl-love.com\/fr\/wp-json\/wp\/v2\/product_cat?post=120518"},{"taxonomy":"product_tag","embeddable":true,"href":"https:\/\/gpl-love.com\/fr\/wp-json\/wp\/v2\/product_tag?post=120518"}],"curies":[{"name":"wp","href":"https:\/\/api.w.org\/{rel}","templated":true}]}}