{"id":120516,"date":"2023-04-11T00:00:00","date_gmt":"2023-04-10T22:00:00","guid":{"rendered":"https:\/\/gpl-love.com\/fr\/produit\/givewp-sofort-payment-gateway\/"},"modified":"2026-03-20T23:17:01","modified_gmt":"2026-03-20T22:17:01","slug":"givewp-sofort-payment-gateway","status":"publish","type":"product","link":"https:\/\/gpl-love.com\/fr\/produit\/givewp-sofort-payment-gateway\/","title":{"rendered":"GiveWP Sofort Payment Gateway 1.0"},"content":{"rendered":"<h3>GiveWP Sofort Payment Gateway Traits<\/h3>\n<p>La passerelle de paiement GiveWP Sofort, une solution de traitement de paiement de pointe, offre aux utilisateurs la commodit\u00e9 in\u00e9gal\u00e9e d&rsquo;accepter les paiements des clients de mani\u00e8re rapide et sans effort. Sp\u00e9cifiquement con\u00e7u pour s&rsquo;int\u00e9grer de mani\u00e8re transparente \u00e0 GiveWP, un plugin de don open source innovant pour WordPress, cette passerelle de paiement exceptionnelle poss\u00e8de la capacit\u00e9 extraordinaire de faciliter l&rsquo;acceptation des paiements en temps r\u00e9el et les fonds directs transf\u00e9r\u00e9s directement dans le compte bancaire d\u00e9sign\u00e9 de l&rsquo;utilisateur. Par cons\u00e9quent, cette passerelle de paiement tr\u00e8s recherch\u00e9e repr\u00e9sente une occasion in\u00e9gal\u00e9e pour les entreprises souhaitant \u00e9tendre \u00e0 leur pr\u00e9cieux client\u00e8le une alternative de paiement pr\u00eate et imprenable. De plus, la passerelle de paiement GiveWP Sofort se distingue en vertu de son processus d&rsquo;installation convivial, des options de configuration simples et des proc\u00e9dures op\u00e9rationnelles intuitives, ce qui le rend un choix exquis et judicieux pour les entreprises de toutes les amplitudes. En exploitant les capacit\u00e9s formidables de la passerelle de paiement GiveWP Sofort, les entreprises peuvent rationaliser efficacement leurs initiatives de traitement des paiements tout en augmentant simultan\u00e9ment leurs sources de revenus globales.<\/p>\n<ul>\n<li>Acceptez les paiements rapidement et en toute s\u00e9curit\u00e9 \u00e0 l&rsquo;aide du mode de paiement SOFORT<\/li>\n<li>Rationalisez votre processus de paiement pour les clients en offrant une option de paiement populaire<\/li>\n<li>Int\u00e9grez facilement la passerelle de paiement GiveWP Sofort dans votre site Web ou plateforme de commerce \u00e9lectronique existant<\/li>\n<li>Fournir aux clients une exp\u00e9rience de paiement sans couture, en r\u00e9duisant l&rsquo;abandon de la chariot et en stimulant les ventes<\/li>\n<li>B\u00e9n\u00e9ficier de fonctionnalit\u00e9s de s\u00e9curit\u00e9 avanc\u00e9es, y compris le chiffrement SSL et les mesures de protection contre la fraude<\/li>\n<li>Agasser des rapports et des analyses d\u00e9taill\u00e9s pour suivre les paiements et surveiller les performances<\/li>\n<li>Profitez des prix comp\u00e9titifs, sans frais ni frais cach\u00e9s<\/li>\n<li>Recevez le support client de premier ordre de l&rsquo;\u00e9quipe GiveWP, avec des temps de r\u00e9ponse rapides et une assistance d&rsquo;experts<\/li>\n<li>D\u00e9veloppez votre port\u00e9e mondiale en acceptant les paiements des clients des pays o\u00f9 Sofort est populaire<\/li>\n<li>Augmentez la satisfaction et la fid\u00e9lit\u00e9 des clients en offrant un mode de paiement pratique et s\u00e9curis\u00e9 pour leurs transactions.<\/li>\n<\/ul>\n","protected":false},"excerpt":{"rendered":"<p>La passerelle de paiement GiveWP Sofort, connue pour son efficacit\u00e9 et sa s\u00e9curit\u00e9 in\u00e9gal\u00e9es, sert \u00e0 la quintessence d&rsquo;une solution pour les transactions en ligne rapides et prot\u00e9g\u00e9es. En exploitant la puissance de cette passerelle de paiement de pointe, vous \u00eates autoris\u00e9 \u00e0 recevoir sans effort les paiements directement des comptes bancaires de vos clients estim\u00e9s situ\u00e9s \u00e0 travers le continent europ\u00e9en. En cons\u00e9quence directe, vous pouvez rationaliser votre processus de transaction, augmentant ainsi l&rsquo;exp\u00e9rience globale de vos pr\u00e9cieux clients. De plus, cette ressource inestimable ne vous fait pas seulement gagner du temps pr\u00e9cieux, mais att\u00e9nue \u00e9galement de mani\u00e8re significative la menace en constante \u00e9volution d&rsquo;activit\u00e9s frauduleuses. De plus, l&rsquo;int\u00e9gration transparente de la passerelle de paiement GiveWP Sofort avec votre plugin de don GiveWP simplifie encore l&rsquo;int\u00e9gralit\u00e9 de la configuration et de la gestion de vos paiements en ligne. Commencez votre voyage vers un syst\u00e8me de paiement en ligne sans souci et tr\u00e8s efficace aujourd&rsquo;hui.<\/p>\n","protected":false},"featured_media":144019,"comment_status":"open","ping_status":"open","template":"","meta":[],"product_brand":[2561],"product_cat":[1253,1181,1186],"product_tag":[2282],"class_list":{"0":"post-120516","1":"product","2":"type-product","3":"status-publish","4":"has-post-thumbnail","6":"product_brand-givewp","7":"product_cat-paiement","8":"product_cat-plugins","9":"product_cat-wordpress-plugins","10":"product_tag-givewp","11":"member-discount","12":"discount-restricted","14":"first","15":"instock","16":"sale","17":"downloadable","18":"virtual","19":"sold-individually","20":"purchasable","21":"product-type-simple"},"_links":{"self":[{"href":"https:\/\/gpl-love.com\/fr\/wp-json\/wp\/v2\/product\/120516","targetHints":{"allow":["GET"]}}],"collection":[{"href":"https:\/\/gpl-love.com\/fr\/wp-json\/wp\/v2\/product"}],"about":[{"href":"https:\/\/gpl-love.com\/fr\/wp-json\/wp\/v2\/types\/product"}],"replies":[{"embeddable":true,"href":"https:\/\/gpl-love.com\/fr\/wp-json\/wp\/v2\/comments?post=120516"}],"wp:featuredmedia":[{"embeddable":true,"href":"https:\/\/gpl-love.com\/fr\/wp-json\/wp\/v2\/media\/144019"}],"wp:attachment":[{"href":"https:\/\/gpl-love.com\/fr\/wp-json\/wp\/v2\/media?parent=120516"}],"wp:term":[{"taxonomy":"product_brand","embeddable":true,"href":"https:\/\/gpl-love.com\/fr\/wp-json\/wp\/v2\/product_brand?post=120516"},{"taxonomy":"product_cat","embeddable":true,"href":"https:\/\/gpl-love.com\/fr\/wp-json\/wp\/v2\/product_cat?post=120516"},{"taxonomy":"product_tag","embeddable":true,"href":"https:\/\/gpl-love.com\/fr\/wp-json\/wp\/v2\/product_tag?post=120516"}],"curies":[{"name":"wp","href":"https:\/\/api.w.org\/{rel}","templated":true}]}}