{"id":120514,"date":"2025-02-09T00:00:00","date_gmt":"2025-02-08T23:00:00","guid":{"rendered":"https:\/\/gpl-love.com\/fr\/produit\/givewp-razorpay-gateway\/"},"modified":"2026-03-20T23:16:59","modified_gmt":"2026-03-20T22:16:59","slug":"givewp-razorpay-gateway","status":"publish","type":"product","link":"https:\/\/gpl-love.com\/fr\/produit\/givewp-razorpay-gateway\/","title":{"rendered":"GiveWP Razorpay Gateway 2.0.3"},"content":{"rendered":"<h3>GiveWP Razorpay Gateway Traits<\/h3>\n<p>La passerelle GiveWP Razorpay est un plugin d&rsquo;int\u00e9gration de passerelle de paiement exceptionnellement pr\u00e9cieux qui accorde aux utilisateurs la possibilit\u00e9 d&rsquo;accepter en toute s\u00e9curit\u00e9 et pratiquement les paiements en ligne sur leurs pages de dons aliment\u00e9es par GiveWP. Ce plugin remarquable est \u00e9quip\u00e9 pour prendre en charge une multitude de m\u00e9thodes de paiement, englobant les cartes de cr\u00e9dit, les cartes de d\u00e9bit, les paiements UPI et les banques nettes. De plus, son installation et son utilisation sont incroyablement conviviales, avec une interface remarquablement intuitive qui rationalise efficacement le processus de paiement pour les donateurs g\u00e9n\u00e9reux. Notamment, il fournit en outre des donn\u00e9es de transaction en temps r\u00e9el et des rapports complets, ce qui permet aux utilisateurs de surveiller et de g\u00e9rer avec diligence leurs dons et leurs paiements inestimables. Embrasser la passerelle BidWP Razorpay permet finalement aux utilisateurs d&rsquo;amplifier leurs efforts de collecte de fonds et d&rsquo;optimiser leurs contributions caritatives avec une facilit\u00e9 in\u00e9gal\u00e9e et un inconv\u00e9nient minimal.<\/p>\n<ul>\n<li>Offre aux clients une exp\u00e9rience de traitement des paiements rapide et s\u00e9curis\u00e9e<\/li>\n<li>S&rsquo;int\u00e8gre facilement au plugin bidingwp pour l&rsquo;int\u00e9gration transparente<\/li>\n<li>Prend en charge plusieurs m\u00e9thodes de paiement, y compris les cartes de cr\u00e9dit et de d\u00e9bit, Netbanking et UPI<\/li>\n<li>Processus de configuration simple avec un tableau de bord convivial pour les personnalisations et les param\u00e8tres<\/li>\n<li>Fournit des mises \u00e0 jour et des rapports de transaction en temps r\u00e9el<\/li>\n<li>Frais de transaction faibles et aucun frais cach\u00e9 pour une meilleure transparence<\/li>\n<li>Fournit des fonctionnalit\u00e9s de s\u00e9curit\u00e9 am\u00e9lior\u00e9es telles que l&rsquo;authentification \u00e0 deux facteurs et le certificat SSL<\/li>\n<li>Offre le support client par e-mail et t\u00e9l\u00e9phone pour tout d\u00e9pannage ou demandes<\/li>\n<li>Compatible avec les formulaires de don givewp pour une collection facile de dons<\/li>\n<li>Con\u00e7u pour augmenter les taux de conversion et rationaliser le processus de paiement pour les donateurs.<\/li>\n<\/ul>\n","protected":false},"excerpt":{"rendered":"<p>La passerelle GiveWP Razorpay sert d&rsquo;int\u00e9gration de passerelle de paiement tr\u00e8s efficace sp\u00e9cifiquement adapt\u00e9e \u00e0 GiveWP, un plugin de dons WordPress largement acclam\u00e9 qui a gagn\u00e9 une popularit\u00e9 consid\u00e9rable. Cette int\u00e9gration offre aux utilisateurs la commodit\u00e9 in\u00e9gal\u00e9e et la plus grande s\u00e9curit\u00e9 pour accepter les dons en ligne en incorporant de mani\u00e8re transparente Razorpay, une passerelle de paiement estim\u00e9e qui est largement consid\u00e9r\u00e9e et fiable sur le march\u00e9 indien. La passerelle GiveWP Razorpay est fi\u00e8re de sa nature conviviale, avec un processus de configuration sans tracas et une utilisation sans effort que m\u00eame les novices peuvent facilement naviguer. De plus, cette int\u00e9gration va au-del\u00e0 en fournissant une vaste gamme d&rsquo;options configurables pour r\u00e9pondre aux exigences uniques, y compris, mais sans s&rsquo;y limiter, la g\u00e9n\u00e9ration de r\u00e9ception automatique et la prise en charge compl\u00e8te des dons r\u00e9currents. Ainsi, la passerelle GiveWP Razorpay est la solution par excellence pour les organisations, les organismes de bienfaisance et les individus qui sont \u00e0 la recherche d&rsquo;un syst\u00e8me de gestion de dons impeccablement coh\u00e9sif qui s&rsquo;int\u00e8gre parfaitement \u00e0 leur site Web WordPress pr\u00e9existant.<\/p>\n","protected":false},"featured_media":144017,"comment_status":"open","ping_status":"open","template":"","meta":[],"product_brand":[2561],"product_cat":[1253,1181,1186],"product_tag":[2282],"class_list":{"0":"post-120514","1":"product","2":"type-product","3":"status-publish","4":"has-post-thumbnail","6":"product_brand-givewp","7":"product_cat-paiement","8":"product_cat-plugins","9":"product_cat-wordpress-plugins","10":"product_tag-givewp","11":"member-discount","12":"discount-restricted","14":"first","15":"instock","16":"sale","17":"downloadable","18":"virtual","19":"sold-individually","20":"purchasable","21":"product-type-simple"},"_links":{"self":[{"href":"https:\/\/gpl-love.com\/fr\/wp-json\/wp\/v2\/product\/120514","targetHints":{"allow":["GET"]}}],"collection":[{"href":"https:\/\/gpl-love.com\/fr\/wp-json\/wp\/v2\/product"}],"about":[{"href":"https:\/\/gpl-love.com\/fr\/wp-json\/wp\/v2\/types\/product"}],"replies":[{"embeddable":true,"href":"https:\/\/gpl-love.com\/fr\/wp-json\/wp\/v2\/comments?post=120514"}],"wp:featuredmedia":[{"embeddable":true,"href":"https:\/\/gpl-love.com\/fr\/wp-json\/wp\/v2\/media\/144017"}],"wp:attachment":[{"href":"https:\/\/gpl-love.com\/fr\/wp-json\/wp\/v2\/media?parent=120514"}],"wp:term":[{"taxonomy":"product_brand","embeddable":true,"href":"https:\/\/gpl-love.com\/fr\/wp-json\/wp\/v2\/product_brand?post=120514"},{"taxonomy":"product_cat","embeddable":true,"href":"https:\/\/gpl-love.com\/fr\/wp-json\/wp\/v2\/product_cat?post=120514"},{"taxonomy":"product_tag","embeddable":true,"href":"https:\/\/gpl-love.com\/fr\/wp-json\/wp\/v2\/product_tag?post=120514"}],"curies":[{"name":"wp","href":"https:\/\/api.w.org\/{rel}","templated":true}]}}