{"id":120512,"date":"2024-02-14T00:00:00","date_gmt":"2024-02-13T23:00:00","guid":{"rendered":"https:\/\/gpl-love.com\/fr\/produit\/givewp-per-form-gateways\/"},"modified":"2026-03-20T23:16:59","modified_gmt":"2026-03-20T22:16:59","slug":"givewp-per-form-gateways","status":"publish","type":"product","link":"https:\/\/gpl-love.com\/fr\/produit\/givewp-per-form-gateways\/","title":{"rendered":"GiveWP Per Form Gateways 2.0.0"},"content":{"rendered":"<h3>GiveWP Per Form Gateways Traits<\/h3>\n<p>La passerelle GiveWP par formulaire est un plugin incroyablement puissant qui vous accorde la capacit\u00e9 d&rsquo;incorporer de nombreuses passerelles de paiement dans vos formulaires de don. Notamment, ce plugin \u00e9tend son soutien \u00e0 une gamme diversifi\u00e9e de passerelles de paiement, y compris des promenades \u00e9minentes telles que PayPal, Stripe, Authorize.net et divers autres. En utilisant ce plugin riche en fonctionnalit\u00e9s, vous pouvez personnaliser sans effort l&rsquo;esth\u00e9tique de vos formulaires de don et \u00e9tablir un cadre transparent pour les dons r\u00e9currents. De plus, la convivialit\u00e9 de ce plugin est vraiment louable car elle s&rsquo;int\u00e8gre parfaitement \u00e0 GiveWP, un plugin de don WordPress tr\u00e8s renomm\u00e9. Par cons\u00e9quent, en tirant parti des passerelles GiveWP par formulaire, vous \u00eates autoris\u00e9 \u00e0 am\u00e9liorer vos efforts de collecte de fonds en offrant \u00e0 vos donateurs estim\u00e9s une vaste gamme d&rsquo;alternatives de paiement.<\/p>\n<ul>\n<li>Compatibilit\u00e9: les passerelles GiveWP par formulaire sont con\u00e7ues pour \u00eatre compatibles avec une large gamme de passerelles de paiement. Cela garantit que vos clients peuvent facilement effectuer leurs transactions en utilisant leur mode de paiement pr\u00e9f\u00e9r\u00e9.<\/li>\n<li>Convivial: avec une interface intuitive, les passerelles GiveWP par formulaire sont faciles \u00e0 utiliser et \u00e0 naviguer. Que vous soyez un pro chevronn\u00e9 ou un utilisateur novice, vous pouvez configurer rapidement et facilement vos configurations de passerelle de paiement.<\/li>\n<li>Personnalisable: les passerelles GiveWP par formulaire vous permettent de configurer les passerelles de paiement par forme. Cela signifie que vous pouvez personnaliser les options de paiement pour chaque formulaire, selon vos besoins.<\/li>\n<li>S\u00e9curit\u00e9: la s\u00e9curit\u00e9 est une priorit\u00e9 absolue en ce qui concerne les passerelles de paiement. Les passerelles GiveWP par formulaire sont con\u00e7ues pour \u00eatre s\u00e9curis\u00e9es et fiables. Toutes les informations de paiement sont crypt\u00e9es pour garantir la s\u00e9curit\u00e9 des donn\u00e9es de vos clients.<\/li>\n<li>Int\u00e9gration: les passerelles GiveWP par formulaire s&rsquo;int\u00e8grent parfaitement \u00e0 GiveWP, vous n&rsquo;avez donc pas \u00e0 vous soucier des probl\u00e8mes de compatibilit\u00e9.<\/li>\n<li>Rapport: suivre vos transactions et dons est crucial pour toute entreprise ou \u00e0 but non lucratif. Les passerelles GiveWP par formulaire offrent des rapports d\u00e9taill\u00e9s, afin que vous puissiez analyser vos donn\u00e9es et prendre des d\u00e9cisions \u00e9clair\u00e9es.<\/li>\n<li>Flexibilit\u00e9: avec les passerelles GiveWP par formulaire, vous avez la flexibilit\u00e9 d&rsquo;accepter les paiements dans diff\u00e9rentes devises, selon vos besoins.<\/li>\n<li>Support: Notre \u00e9quipe d&rsquo;assistance d\u00e9di\u00e9e est disponible pour vous aider avec toutes les questions ou probl\u00e8mes que vous pourriez avoir. Nous sommes fiers de fournir un soutien r\u00e9actif de haute qualit\u00e9 \u00e0 nos utilisateurs.<\/li>\n<\/ul>\n","protected":false},"excerpt":{"rendered":"<p>En utilisant des passerelles GiveWP par formulaire, vous avez la capacit\u00e9 d&rsquo;incorporer de mani\u00e8re transparente de nombreuses passerelles de paiement dans chaque formulaire de don individuel sur votre site Web ax\u00e9 sur GiveWP. Cette solution hautement adaptable vous permet d&rsquo;adapter vos formulaires de don avec des alternatives de paiement distinctes, facilitant ainsi un processus transparent pour que les donateurs contribuent \u00e0 votre noble cause via leur mode de paiement pr\u00e9f\u00e9r\u00e9. De plus, avec l&rsquo;inclusion de mesures de s\u00e9curit\u00e9 avanc\u00e9es et de param\u00e8tres personnalisables, vous pouvez \u00eatre assur\u00e9 que vos pr\u00e9cieux dons sont sauvegard\u00e9s et g\u00e9r\u00e9s efficacement.<\/p>\n","protected":false},"featured_media":144016,"comment_status":"open","ping_status":"open","template":"","meta":[],"product_brand":[2561],"product_cat":[1253,1181,1186],"product_tag":[2282],"class_list":{"0":"post-120512","1":"product","2":"type-product","3":"status-publish","4":"has-post-thumbnail","6":"product_brand-givewp","7":"product_cat-paiement","8":"product_cat-plugins","9":"product_cat-wordpress-plugins","10":"product_tag-givewp","11":"member-discount","12":"discount-restricted","14":"first","15":"instock","16":"sale","17":"downloadable","18":"virtual","19":"sold-individually","20":"purchasable","21":"product-type-simple"},"_links":{"self":[{"href":"https:\/\/gpl-love.com\/fr\/wp-json\/wp\/v2\/product\/120512","targetHints":{"allow":["GET"]}}],"collection":[{"href":"https:\/\/gpl-love.com\/fr\/wp-json\/wp\/v2\/product"}],"about":[{"href":"https:\/\/gpl-love.com\/fr\/wp-json\/wp\/v2\/types\/product"}],"replies":[{"embeddable":true,"href":"https:\/\/gpl-love.com\/fr\/wp-json\/wp\/v2\/comments?post=120512"}],"wp:featuredmedia":[{"embeddable":true,"href":"https:\/\/gpl-love.com\/fr\/wp-json\/wp\/v2\/media\/144016"}],"wp:attachment":[{"href":"https:\/\/gpl-love.com\/fr\/wp-json\/wp\/v2\/media?parent=120512"}],"wp:term":[{"taxonomy":"product_brand","embeddable":true,"href":"https:\/\/gpl-love.com\/fr\/wp-json\/wp\/v2\/product_brand?post=120512"},{"taxonomy":"product_cat","embeddable":true,"href":"https:\/\/gpl-love.com\/fr\/wp-json\/wp\/v2\/product_cat?post=120512"},{"taxonomy":"product_tag","embeddable":true,"href":"https:\/\/gpl-love.com\/fr\/wp-json\/wp\/v2\/product_tag?post=120512"}],"curies":[{"name":"wp","href":"https:\/\/api.w.org\/{rel}","templated":true}]}}