{"id":120510,"date":"2024-02-22T00:00:00","date_gmt":"2024-02-21T23:00:00","guid":{"rendered":"https:\/\/gpl-love.com\/fr\/produit\/givewp-paytm-gateway\/"},"modified":"2026-03-20T23:16:54","modified_gmt":"2026-03-20T22:16:54","slug":"givewp-paytm-gateway","status":"publish","type":"product","link":"https:\/\/gpl-love.com\/fr\/produit\/givewp-paytm-gateway\/","title":{"rendered":"GiveWP Paytm Gateway 1.1.1"},"content":{"rendered":"<h3>GiveWP Paytm Gateway Traits<\/h3>\n<p>La passerelle GiveWP Paytm est une solution de paiement extraordinaire qui offre aux propri\u00e9taires de sites Web la possibilit\u00e9 d&rsquo;accepter les paiements via la passerelle de paiement indienne largement reconnue, Paytm. Sp\u00e9cialement con\u00e7u pour GiveWP, un plugin de don et de collecte de fonds exceptionnel pour WordPress, ce plugin permet aux utilisateurs d&rsquo;int\u00e9grer de mani\u00e8re transparente PayTM en tant qu&rsquo;option de paiement exceptionnelle pour leurs dons ou campagnes de collecte de fonds. En mettant en \u0153uvre ce plugin remarquable, les propri\u00e9taires de sites Web peuvent g\u00e9rer sans effort les paiements, acc\u00e9der aux d\u00e9tails de la transaction et g\u00e9n\u00e9rer des rapports de paiement complets. La passerelle GiveWP Paytm est fi\u00e8re d&rsquo;\u00eatre incroyablement conviviale, remarquablement fiable et exceptionnellement s\u00e9curis\u00e9e, garantissant que les transactions sont trait\u00e9es parfaitement et avec une s\u00e9curit\u00e9 plus grande. En utilisant cette passerelle de paiement extraordinaire, les propri\u00e9taires de sites Web ont la possibilit\u00e9 d&rsquo;\u00e9largir leurs options de paiement et d&rsquo;atteindre efficacement un public beaucoup plus large, renfor\u00e7ant ainsi son statut d&rsquo;outil indispensable pour tout utilisateur de GiveWP.<\/p>\n<ul>\n<li>Int\u00e9gration transparente avec le plugin BidWP<\/li>\n<li>Accepte les paiements via Paytm, un portefeuille mobile populaire en Inde<\/li>\n<li>Transactions rapides et s\u00e9curis\u00e9es avec la d\u00e9tection de fraude int\u00e9gr\u00e9e de Paytm<\/li>\n<li>Processus de configuration facile avec une documentation d\u00e9taill\u00e9e fournie<\/li>\n<li>Formulaires de don personnalisables pour correspondre \u00e0 la marque de votre site Web<\/li>\n<li>Capacit\u00e9 \u00e0 accepter des dons r\u00e9currents via Paytm<\/li>\n<li>Reportage en temps r\u00e9el et suivi des transactions via le tableau de bord de Paytm<\/li>\n<li>Assistance client disponible pour tous les probl\u00e8mes techniques ou li\u00e9s au paiement<\/li>\n<li>Permet les transactions mondiales avec la prise en charge de plusieurs devises<\/li>\n<li>Vous aide \u00e0 atteindre un public plus large en s&rsquo;adressant \u00e0 la base d&rsquo;utilisateurs de Paytm en Inde.<\/li>\n<\/ul>\n","protected":false},"excerpt":{"rendered":"<p>La passerelle GiveWP Paytm est un compl\u00e9ment extraordinaire pour les passerelles de paiement, qui permet \u00e0 vos formulaires de don GiveWP d&rsquo;accepter sans effort les paiements via Paytm, qui se trouve \u00eatre le service de portefeuille num\u00e9rique le plus important de l&rsquo;Inde. En int\u00e9grant cette passerelle, vos donateurs sont commod\u00e9ment en mesure de faire des dons en utilisant une gamme de m\u00e9thodes de paiement, notamment des portefeuilles Paytm, des comptes bancaires, des cartes de cr\u00e9dit \/ d\u00e9bit et UPI. En outre, il convient de mentionner que cette passerelle pr\u00e9sente un soutien \u00e0 toutes les principales devises, garantissant ainsi une exp\u00e9rience transactionnelle remarquablement s\u00fbre et s\u00e9curis\u00e9e gr\u00e2ce \u00e0 l&rsquo;utilisation du cryptage SSL. La fusion de GiveWP et de la passerelle PayTM facilite non seulement une exp\u00e9rience \u00e9lev\u00e9e de dons, mais inculque \u00e9galement un sentiment de confiance dans vos donateurs, am\u00e9liorant ainsi consid\u00e9rablement l&rsquo;efficacit\u00e9 de collecte de fonds.<\/p>\n","protected":false},"featured_media":144013,"comment_status":"open","ping_status":"open","template":"","meta":[],"product_brand":[2561],"product_cat":[1253,1181,1186],"product_tag":[2282],"class_list":{"0":"post-120510","1":"product","2":"type-product","3":"status-publish","4":"has-post-thumbnail","6":"product_brand-givewp","7":"product_cat-paiement","8":"product_cat-plugins","9":"product_cat-wordpress-plugins","10":"product_tag-givewp","11":"member-discount","12":"discount-restricted","14":"first","15":"instock","16":"sale","17":"downloadable","18":"virtual","19":"sold-individually","20":"purchasable","21":"product-type-simple"},"_links":{"self":[{"href":"https:\/\/gpl-love.com\/fr\/wp-json\/wp\/v2\/product\/120510","targetHints":{"allow":["GET"]}}],"collection":[{"href":"https:\/\/gpl-love.com\/fr\/wp-json\/wp\/v2\/product"}],"about":[{"href":"https:\/\/gpl-love.com\/fr\/wp-json\/wp\/v2\/types\/product"}],"replies":[{"embeddable":true,"href":"https:\/\/gpl-love.com\/fr\/wp-json\/wp\/v2\/comments?post=120510"}],"wp:featuredmedia":[{"embeddable":true,"href":"https:\/\/gpl-love.com\/fr\/wp-json\/wp\/v2\/media\/144013"}],"wp:attachment":[{"href":"https:\/\/gpl-love.com\/fr\/wp-json\/wp\/v2\/media?parent=120510"}],"wp:term":[{"taxonomy":"product_brand","embeddable":true,"href":"https:\/\/gpl-love.com\/fr\/wp-json\/wp\/v2\/product_brand?post=120510"},{"taxonomy":"product_cat","embeddable":true,"href":"https:\/\/gpl-love.com\/fr\/wp-json\/wp\/v2\/product_cat?post=120510"},{"taxonomy":"product_tag","embeddable":true,"href":"https:\/\/gpl-love.com\/fr\/wp-json\/wp\/v2\/product_tag?post=120510"}],"curies":[{"name":"wp","href":"https:\/\/api.w.org\/{rel}","templated":true}]}}