{"id":120508,"date":"2024-03-29T00:00:00","date_gmt":"2024-03-28T23:00:00","guid":{"rendered":"https:\/\/gpl-love.com\/fr\/produit\/givewp-payfast-payment-gateway\/"},"modified":"2026-03-20T23:16:52","modified_gmt":"2026-03-20T22:16:52","slug":"givewp-payfast-payment-gateway","status":"publish","type":"product","link":"https:\/\/gpl-love.com\/fr\/produit\/givewp-payfast-payment-gateway\/","title":{"rendered":"GiveWP Payfast Payment Gateway 3.0.0"},"content":{"rendered":"<h3>GiveWP Payfast Payment Gateway Traits<\/h3>\n<p>La passerelle de paiement GiveWP Payfast est un outil incroyablement robuste et tr\u00e8s efficace sp\u00e9cialement con\u00e7u pour s&rsquo;int\u00e9grer de mani\u00e8re transparente dans votre plate-forme de don GiveWP. En exploitant le pouvoir de cette remarquable passerelle de paiement, vous avez la possibilit\u00e9 remarquable d&rsquo;accepter sans effort les paiements d&rsquo;un \u00e9ventail de g\u00e9n\u00e9reux contributeurs originaires d&rsquo;Afrique du Sud et d&rsquo;autres pays africains tout aussi remarquables. Gr\u00e2ce \u00e0 un d\u00e9vouement in\u00e9branlable \u00e0 assurer la plus grande s\u00e9curit\u00e9 et la plus grande fiabilit\u00e9 tout au long de l&rsquo;exp\u00e9rience de traitement des paiements, cette passerelle de paiement remarquable s&rsquo;efforce de faciliter des transactions remarquablement lisses et transparentes, aboutissant finalement \u00e0 une exp\u00e9rience donneuse impeccablement rationalis\u00e9e et tr\u00e8s satisfaisante. En outre, cette passerelle de paiement exceptionnelle fournit un support in\u00e9branlable pour une multitude de devises et de m\u00e9thodes de paiement, y compris des cartes de cr\u00e9dit, des cartes de d\u00e9bit et un EFT instantan\u00e9. De plus, une abondance d&rsquo;options personnalisables est facilement accessible \u00e0 vous, allant des pages de paiement personnalis\u00e9es aux formulaires de don sur mesure, vous permettant ainsi d&rsquo;adapter le processus de paie organisation. Dans l&rsquo;ensemble, il devient clairement clair que la passerelle de paiement GiveWP Payfast repr\u00e9sente un choix exemplaire pour les organisations \u00e0 but non lucratif et les entit\u00e9s caritatives, car elle sert \u00e0 faciliter l&rsquo;expansion de leur base de donneurs tout en rationalisant simultan\u00e9ment leurs op\u00e9rations de traitement des paiements \u00e0 un \u00e9tendue non pr\u00e9c\u00e9dent .<\/p>\n<ul>\n<li>Permet aux propri\u00e9taires de sites Web de percevoir les paiements aupr\u00e8s des clients en utilisant la passerelle de paiement PayFast<\/li>\n<li>Fournit un moyen simple et s\u00e9curis\u00e9 de traiter les paiements directement sur votre site Web<\/li>\n<li>Compatible avec les formulaires de don de don et les pages de caisse<\/li>\n<li>Prend en charge une vari\u00e9t\u00e9 de m\u00e9thodes de paiement, y compris des cartes de cr\u00e9dit et de d\u00e9bit, le bitcoin, et plus<\/li>\n<li>Offre des notifications de transaction en temps r\u00e9el et des rapports d\u00e9taill\u00e9s pour un suivi facile des paiements<\/li>\n<li>S&rsquo;int\u00e8gre parfaitement aux fonctionnalit\u00e9s de rapport et de gestion des donateurs de GiveWP pour une solution de site Web compl\u00e8te<\/li>\n<li>Aucun codage requis pour l&rsquo;installation et la configuration.<\/li>\n<\/ul>\n","protected":false},"excerpt":{"rendered":"<p>La passerelle de paiement GiveWP Payfast est une solution de traitement de paiement tr\u00e8s fiable et imprenable qui garantit la plus grande s\u00e9curit\u00e9 et la fiabilit\u00e9 de vos dons en ligne. En int\u00e9grant de mani\u00e8re transparente dans votre formulaire de don GiveWP, cette passerelle remarquable permet aux donateurs de faire des paiements sans effort et rapidement en utilisant PayFast, un processeur de paiement estim\u00e9 et r\u00e9put\u00e9 bas\u00e9 en Afrique du Sud. Rassurez-vous, cette passerelle de paiement remarquable garantit que toutes les transactions sont fortifi\u00e9es avec une conformit\u00e9 compl\u00e8te PCI-DSS et un syst\u00e8me de protection contre la fraude imprenable. En tirant parti de l&rsquo;incroyable pouvoir de GiveWP en conjonction avec les capacit\u00e9s in\u00e9gal\u00e9es de Payfast, vous pouvez offrir \u00e0 vos donateurs ch\u00e9ris une exp\u00e9rience de don exceptionnellement fluide et sans tracas, vous permettant ainsi de d\u00e9tourner davantage l&rsquo;attention vers l&rsquo;accomplissement de vos objectifs de collecte de fonds.<\/p>\n","protected":false},"featured_media":144010,"comment_status":"open","ping_status":"open","template":"","meta":[],"product_brand":[2561],"product_cat":[1189,1181,1186],"product_tag":[2282],"class_list":{"0":"post-120508","1":"product","2":"type-product","3":"status-publish","4":"has-post-thumbnail","6":"product_brand-givewp","7":"product_cat-personnalisation","8":"product_cat-plugins","9":"product_cat-wordpress-plugins","10":"product_tag-givewp","11":"member-discount","12":"discount-restricted","14":"first","15":"instock","16":"sale","17":"downloadable","18":"virtual","19":"sold-individually","20":"purchasable","21":"product-type-simple"},"_links":{"self":[{"href":"https:\/\/gpl-love.com\/fr\/wp-json\/wp\/v2\/product\/120508","targetHints":{"allow":["GET"]}}],"collection":[{"href":"https:\/\/gpl-love.com\/fr\/wp-json\/wp\/v2\/product"}],"about":[{"href":"https:\/\/gpl-love.com\/fr\/wp-json\/wp\/v2\/types\/product"}],"replies":[{"embeddable":true,"href":"https:\/\/gpl-love.com\/fr\/wp-json\/wp\/v2\/comments?post=120508"}],"wp:featuredmedia":[{"embeddable":true,"href":"https:\/\/gpl-love.com\/fr\/wp-json\/wp\/v2\/media\/144010"}],"wp:attachment":[{"href":"https:\/\/gpl-love.com\/fr\/wp-json\/wp\/v2\/media?parent=120508"}],"wp:term":[{"taxonomy":"product_brand","embeddable":true,"href":"https:\/\/gpl-love.com\/fr\/wp-json\/wp\/v2\/product_brand?post=120508"},{"taxonomy":"product_cat","embeddable":true,"href":"https:\/\/gpl-love.com\/fr\/wp-json\/wp\/v2\/product_cat?post=120508"},{"taxonomy":"product_tag","embeddable":true,"href":"https:\/\/gpl-love.com\/fr\/wp-json\/wp\/v2\/product_tag?post=120508"}],"curies":[{"name":"wp","href":"https:\/\/api.w.org\/{rel}","templated":true}]}}