{"id":120506,"date":"2021-12-12T00:00:00","date_gmt":"2021-12-11T23:00:00","guid":{"rendered":"https:\/\/gpl-love.com\/fr\/produit\/givewp-moneris-gateway\/"},"modified":"2026-03-20T23:16:51","modified_gmt":"2026-03-20T22:16:51","slug":"givewp-moneris-gateway","status":"publish","type":"product","link":"https:\/\/gpl-love.com\/fr\/produit\/givewp-moneris-gateway\/","title":{"rendered":"GiveWP Moneris Gateway 1.1.0"},"content":{"rendered":"<h3>GiveWP Moneris Gateway Traits<\/h3>\n<p>La passerelle GiveWP Moneris est un plugin de passerelle de paiement hautement sophistiqu\u00e9 qui offre aux utilisateurs la possibilit\u00e9 d&rsquo;accepter facilement et en toute s\u00e9curit\u00e9 les paiements en ligne via Moneris, qui se trouve \u00eatre le processeur de paiement de premier ordre du Canada. En utilisant ce plugin, les utilisateurs peuvent \u00e9tablir sans effort un lien entre leurs formulaires de don GiveWP et Moneris, accordant ainsi \u00e0 leurs g\u00e9n\u00e9reux donateurs une exp\u00e9rience de don sans couture et sans tracas. Ce qui distingue le plugin Moneris Gateway, c&rsquo;est son degr\u00e9 de personnalisation exceptionnel, qui permet aux utilisateurs de configurer leurs param\u00e8tres de paiement dans le d\u00e9sir de leur c\u0153ur et de pr\u00e9senter une vari\u00e9t\u00e9 d&rsquo;options de paiement \u00e0 leurs donateurs estim\u00e9s. De plus, ce plugin poss\u00e8de des outils avanc\u00e9s de pr\u00e9vention de la fraude qui garantissent que toutes les transactions sont ex\u00e9cut\u00e9es de mani\u00e8re s\u00e9curis\u00e9e et fortifi\u00e9e. Essentiellement, la passerelle GiveWP Moneris fonctionne comme une solution tr\u00e8s fiable et remarquablement efficace pour les organisations caritatives et les organisations \u00e0 but non lucratif cherchant \u00e0 accepter les dons en ligne.<\/p>\n<ul>\n<li>S&rsquo;int\u00e8gre parfaitement au plugin de don givewp<\/li>\n<li>Accepte les paiements en ligne en toute s\u00e9curit\u00e9 et efficacement<\/li>\n<li>Offre une vari\u00e9t\u00e9 d&rsquo;options de paiement, y compris les transactions de carte de cr\u00e9dit et de d\u00e9bit<\/li>\n<li>Fournit des rapports et surveillance des transactions en temps r\u00e9el<\/li>\n<li>Permet des dons r\u00e9currents et des montants de paiement personnalisables<\/li>\n<li>Prend en charge plusieurs devises<\/li>\n<li>Fournit des mesures de d\u00e9tection de fraude et de pr\u00e9vention pour une s\u00e9curit\u00e9 suppl\u00e9mentaire<\/li>\n<li>Offre un processus d&rsquo;installation et de configuration facile<\/li>\n<li>Fournit un support client exceptionnel pour une assistance technique<\/li>\n<\/ul>\n","protected":false},"excerpt":{"rendered":"<p>La passerelle GiveWP Moneris est un plugin de passerelle de paiement exceptionnellement fiable et technologiquement avanc\u00e9 qui a \u00e9t\u00e9 m\u00e9ticuleusement con\u00e7u exclusivement pour les utilisateurs de GiveWP. Ce plugin exceptionnel offre aux utilisateurs de Givewp la capacit\u00e9 inestimable d&rsquo;accepter sans effort les paiements par carte de cr\u00e9dit, de mani\u00e8re tr\u00e8s pratique, directement via leur site Web en utilisant les services de Moneris, qui est ind\u00e9niablement en tant que leader de l&rsquo;industrie en mati\u00e8re de traitement des paiements au Canada. De plus, ce plugin poss\u00e8de une interface impressionnante conviviale, ce qui facilite la mani\u00e8re incroyablement facile pour les utilisateurs de GiveWP de traiter en toute s\u00e9curit\u00e9 non seulement les dons en ligne mais \u00e9galement divers autres types de paiements, tout en garantissant simultan\u00e9ment que les fonds sont d\u00e9pos\u00e9s rapidement et directement dans leurs comptes Moneris respectifs respectifs . De plus, ce plugin offre une large gamme d&rsquo;options de personnalisation, permettant aux utilisateurs de Givewp de l&rsquo;adapter \u00e0 leurs exigences et pr\u00e9f\u00e9rences sp\u00e9cifiques. En outre, il convient de noter que ce plugin est livr\u00e9 avec un syst\u00e8me de support client d\u00e9di\u00e9 et efficace, garantissant ainsi une assistance ininterrompue et la r\u00e9solution de toute requ\u00eate ou pr\u00e9occupation pouvant survenir. Par cons\u00e9quent, il est \u00e9vident que ce plugin de passerelle de paiement remarquable propose une solution exemplaire et globale, qui est particuli\u00e8rement bien adapt\u00e9e aux organisations \u00e0 but non lucratif, aux organismes de bienfaisance et aux organisations \u00e0 la recherche d&rsquo;une passerelle de paiement impeccable et fiable.<\/p>\n","protected":false},"featured_media":144009,"comment_status":"open","ping_status":"open","template":"","meta":[],"product_brand":[2561],"product_cat":[1253,1181,1186],"product_tag":[2282],"class_list":{"0":"post-120506","1":"product","2":"type-product","3":"status-publish","4":"has-post-thumbnail","6":"product_brand-givewp","7":"product_cat-paiement","8":"product_cat-plugins","9":"product_cat-wordpress-plugins","10":"product_tag-givewp","11":"member-discount","12":"discount-restricted","14":"first","15":"instock","16":"sale","17":"downloadable","18":"virtual","19":"sold-individually","20":"purchasable","21":"product-type-simple"},"_links":{"self":[{"href":"https:\/\/gpl-love.com\/fr\/wp-json\/wp\/v2\/product\/120506","targetHints":{"allow":["GET"]}}],"collection":[{"href":"https:\/\/gpl-love.com\/fr\/wp-json\/wp\/v2\/product"}],"about":[{"href":"https:\/\/gpl-love.com\/fr\/wp-json\/wp\/v2\/types\/product"}],"replies":[{"embeddable":true,"href":"https:\/\/gpl-love.com\/fr\/wp-json\/wp\/v2\/comments?post=120506"}],"wp:featuredmedia":[{"embeddable":true,"href":"https:\/\/gpl-love.com\/fr\/wp-json\/wp\/v2\/media\/144009"}],"wp:attachment":[{"href":"https:\/\/gpl-love.com\/fr\/wp-json\/wp\/v2\/media?parent=120506"}],"wp:term":[{"taxonomy":"product_brand","embeddable":true,"href":"https:\/\/gpl-love.com\/fr\/wp-json\/wp\/v2\/product_brand?post=120506"},{"taxonomy":"product_cat","embeddable":true,"href":"https:\/\/gpl-love.com\/fr\/wp-json\/wp\/v2\/product_cat?post=120506"},{"taxonomy":"product_tag","embeddable":true,"href":"https:\/\/gpl-love.com\/fr\/wp-json\/wp\/v2\/product_tag?post=120506"}],"curies":[{"name":"wp","href":"https:\/\/api.w.org\/{rel}","templated":true}]}}