{"id":120504,"date":"2025-05-06T00:00:00","date_gmt":"2025-05-05T22:00:00","guid":{"rendered":"https:\/\/gpl-love.com\/fr\/produit\/givewp-mollie-payment-gateway\/"},"modified":"2026-03-20T23:16:50","modified_gmt":"2026-03-20T22:16:50","slug":"givewp-mollie-payment-gateway","status":"publish","type":"product","link":"https:\/\/gpl-love.com\/fr\/produit\/givewp-mollie-payment-gateway\/","title":{"rendered":"GiveWP Mollie Payment Gateway 2.0.1"},"content":{"rendered":"<h3>GiveWP Mollie Payment Gateway Traits<\/h3>\n<p>La passerelle de paiement GiveWP Mollie est un outil exceptionnellement robuste qui est tr\u00e8s avantageux pour les personnes qui cherchent \u00e0 \u00e9tablir une exp\u00e9rience de paiement rationalis\u00e9e et tr\u00e8s s\u00e9curis\u00e9e de mani\u00e8re transparente pour leur client\u00e8le estim\u00e9e. Ce plugin exceptionnel vous accorde la capacit\u00e9 remarquable d&rsquo;accepter sans effort un vaste gamme de m\u00e9thodes de paiement provenant de divers coins du globe, englobant les cartes de cr\u00e9dit, PayPal et de nombreux autres. En outre, la passerelle de paiement Mollie profite \u00e9galement \u00e0 un niveau de protection incroyablement avanc\u00e9 contre les activit\u00e9s frauduleuses, tout en offrant simultan\u00e9ment un niveau de gestion de r\u00e9trofacturation in\u00e9gal Extr\u00eamement sauvegard\u00e9 et imperm\u00e9able \u00e0 toute intention malveillante. De plus, l&rsquo;int\u00e9gration transparente et facile de cette passerelle de paiement extraordinaire dans votre site Web ou plate-forme de commerce \u00e9lectronique pr\u00e9existant engendre un processus acc\u00e9l\u00e9r\u00e9 et rapide de commencer l&rsquo;acceptation des paiements \u00e0 un rythme sans pr\u00e9c\u00e9dent. Que vous exploitez une boutique en ligne, une organisation de bienfaisance \u00e0 but non lucratif ou que vous n\u00e9cessitiez simplement une solution de traitement de paiement extr\u00eamement fiable et digne de confiance, la passerelle de paiement Mollie GiveWP appara\u00eet comme le choix ultime et quintessentiel qui d\u00e9passera sans aucun doute toutes vos attentes et exigences.<\/p>\n<ul>\n<li>Int\u00e9gration transparente avec le plugin de dons givwp<\/li>\n<li>Accepte les paiements en ligne \u00e0 partir de plusieurs m\u00e9thodes de paiement (id\u00e9al, carte de cr\u00e9dit)<\/li>\n<li>Personnaliser facilement l&rsquo;exp\u00e9rience de paiement pour les donateurs<\/li>\n<li>Traitement de transaction s\u00e9curis\u00e9 et fiable avec les paiements Mollie<\/li>\n<li>Mises \u00e0 jour de l&rsquo;\u00e9tat de la transaction en temps r\u00e9el dans le tableau de bord GiveWP<\/li>\n<li>Aucun frais de configuration ou frais mensuels pour les nouveaux comptes<\/li>\n<li>Prix \u200b\u200btransparent avec des frais par transaction uniquement<\/li>\n<li>Options de paiement flexibles avec des paiements quotidiens ou hebdomadaires<\/li>\n<li>Prise en charge et documentation d\u00e9di\u00e9es pour les utilisateurs de passerelle de paiement Mollie GiveWP.<\/li>\n<\/ul>\n","protected":false},"excerpt":{"rendered":"<p>La passerelle de paiement GiveWP Mollie, un outil incroyablement facile \u00e0 utiliser, est con\u00e7ue pour faciliter les dons et les paiements en ligne avec la plus grande efficacit\u00e9. En incorporant cette passerelle dans le syst\u00e8me de votre organisation, vous pouvez rationaliser efficacement le processus de don, permettant aux utilisateurs de contribuer sans effort des fonds via Mollie, un fournisseur de paiement de premier plan respect\u00e9 dans toute l&rsquo;Europe. Avec des fonctionnalit\u00e9s de s\u00e9curit\u00e9 robustes et des performances toujours fiables, la passerelle de paiement Mollie GiveWP garantit que chaque transaction est effectu\u00e9e de mani\u00e8re s\u00fbre et rapide. De plus, son interface est conviviale, vous accordant \u00e0 vous et \u00e0 vos donateurs la possibilit\u00e9 de g\u00e9rer facilement les dons, de surveiller les transactions et de rester au courant de vos objectifs de collecte de fonds. Lorsque l&rsquo;on consid\u00e8re ses capacit\u00e9s globales, il devient \u00e9vident que la passerelle de paiement GiveWP Mollie est un outil indispensable pour toute organisation \u00e0 but non lucratif ou caritative cherchant \u00e0 maximiser leur impact de collecte de fonds.<\/p>\n","protected":false},"featured_media":144008,"comment_status":"open","ping_status":"open","template":"","meta":[],"product_brand":[2561],"product_cat":[1253,1181,1186],"product_tag":[2282],"class_list":{"0":"post-120504","1":"product","2":"type-product","3":"status-publish","4":"has-post-thumbnail","6":"product_brand-givewp","7":"product_cat-paiement","8":"product_cat-plugins","9":"product_cat-wordpress-plugins","10":"product_tag-givewp","11":"member-discount","12":"discount-restricted","14":"first","15":"instock","16":"sale","17":"downloadable","18":"virtual","19":"sold-individually","20":"purchasable","21":"product-type-simple"},"_links":{"self":[{"href":"https:\/\/gpl-love.com\/fr\/wp-json\/wp\/v2\/product\/120504","targetHints":{"allow":["GET"]}}],"collection":[{"href":"https:\/\/gpl-love.com\/fr\/wp-json\/wp\/v2\/product"}],"about":[{"href":"https:\/\/gpl-love.com\/fr\/wp-json\/wp\/v2\/types\/product"}],"replies":[{"embeddable":true,"href":"https:\/\/gpl-love.com\/fr\/wp-json\/wp\/v2\/comments?post=120504"}],"wp:featuredmedia":[{"embeddable":true,"href":"https:\/\/gpl-love.com\/fr\/wp-json\/wp\/v2\/media\/144008"}],"wp:attachment":[{"href":"https:\/\/gpl-love.com\/fr\/wp-json\/wp\/v2\/media?parent=120504"}],"wp:term":[{"taxonomy":"product_brand","embeddable":true,"href":"https:\/\/gpl-love.com\/fr\/wp-json\/wp\/v2\/product_brand?post=120504"},{"taxonomy":"product_cat","embeddable":true,"href":"https:\/\/gpl-love.com\/fr\/wp-json\/wp\/v2\/product_cat?post=120504"},{"taxonomy":"product_tag","embeddable":true,"href":"https:\/\/gpl-love.com\/fr\/wp-json\/wp\/v2\/product_tag?post=120504"}],"curies":[{"name":"wp","href":"https:\/\/api.w.org\/{rel}","templated":true}]}}