{"id":120502,"date":"2023-09-15T00:00:00","date_gmt":"2023-09-14T22:00:00","guid":{"rendered":"https:\/\/gpl-love.com\/fr\/produit\/givewp-iats-gateway\/"},"modified":"2026-03-20T23:16:48","modified_gmt":"2026-03-20T22:16:48","slug":"givewp-iats-gateway","status":"publish","type":"product","link":"https:\/\/gpl-love.com\/fr\/produit\/givewp-iats-gateway\/","title":{"rendered":"GiveWP iATS Gateway 1.0.6"},"content":{"rendered":"<h3>GiveWP iATS Gateway Traits<\/h3>\n<p>GiveWP IATS Gateway est une solution de traitement des paiements tr\u00e8s sophistiqu\u00e9e qui a \u00e9t\u00e9 m\u00e9ticuleusement con\u00e7ue pour r\u00e9pondre aux besoins uniques des organisations \u00e0 but non lucratif. Son int\u00e9gration transparente avec le plugin de dons GiveWP assure une exp\u00e9rience transparente et sans tracas pour accepter les dons en ligne, garantir la plus grande s\u00e9curit\u00e9 et efficacit\u00e9. La passerelle poss\u00e8de un large \u00e9ventail de m\u00e9thodes de paiement, englobant non seulement les cartes de cr\u00e9dit mais \u00e9galement les d\u00e9bits directs et les transferts de fonds \u00e9lectroniques, r\u00e9pondant aux diverses pr\u00e9f\u00e9rences des donateurs. En outre, il va au-del\u00e0 en offrant des m\u00e9canismes avanc\u00e9s de protection contre la fraude, prot\u00e9geant ainsi les organisations \u00e0 but non lucratif des menaces potentielles, tout en garantissant simultan\u00e9ment le respect des normes de l&rsquo;industrie telles que la norme de s\u00e9curit\u00e9 des donn\u00e9es de l&rsquo;industrie des cartes de paiement (PCI DSS). Avec l&rsquo;utilisation de GiveWP IATS Gateway, les organisations \u00e0 but non lucratif peuvent rationaliser et g\u00e9rer sans effort leurs transactions de don, leur permettant ainsi d&rsquo;am\u00e9liorer l&rsquo;efficacit\u00e9 de leurs efforts de collecte de fonds.<\/p>\n<ul>\n<li>Traitement des paiements s\u00e9curis\u00e9s gr\u00e2ce \u00e0 l&rsquo;int\u00e9gration GiveWP avec IATATS Gateway<\/li>\n<li>Acceptation de plusieurs m\u00e9thodes de paiement, y compris les cartes de cr\u00e9dit, PayPal et les cochets E<\/li>\n<li>Processus de configuration et de configuration simple pour une impl\u00e9mentation facile sur votre site Web<\/li>\n<li>Possibilit\u00e9 de personnaliser les formulaires de dons et les pages de paiement pour correspondre \u00e0 votre marque et \u00e0 la messagerie<\/li>\n<li>Repr\u00e9sentation en temps r\u00e9el et suivi des transactions pour une tenue de registre et une analyse pr\u00e9cises de l&rsquo;activit\u00e9 de don<\/li>\n<li>Mesures de conformit\u00e9 et de pr\u00e9vention de la fraude PCI-DSS pour garantir des paiements s\u00fbrs et fiables<\/li>\n<li>\u00c9quipe d&rsquo;assistance d\u00e9di\u00e9e disponible pour une assistance pour tout probl\u00e8me technique ou questions<\/li>\n<li>Compatibilit\u00e9 avec les autres fonctionnalit\u00e9s de collecte de fonds puissantes de GiveWP telles que les dons r\u00e9currents et la gestion des donateurs.<\/li>\n<\/ul>\n","protected":false},"excerpt":{"rendered":"<p>La passerelle GiveWP IATS est une solution de traitement des paiements en ligne innovante et sophistiqu\u00e9e sp\u00e9cialement con\u00e7ue pour r\u00e9pondre aux besoins des organisations \u00e0 but non lucratif et des organismes de bienfaisance, les permettant d&rsquo;accepter en toute s\u00e9curit\u00e9 et en toute confiance les dons de leurs g\u00e9n\u00e9reux supporters. En int\u00e9grant de mani\u00e8re transparente avec GiveWP, cette passerelle de pointe rationalise et centralise tous les aspects de vos donn\u00e9es de don, ce qui vous permet de superviser et de le g\u00e9rer sans effort dans une seule plate-forme unifi\u00e9e. En outre, les IAT, r\u00e9put\u00e9s pour son engagement in\u00e9branlable envers la fiabilit\u00e9 et l&rsquo;efficacit\u00e9, garantit que le traitement des transactions financi\u00e8res est effectu\u00e9 de mani\u00e8re transparente et avec le plus grand professionnalisme. Alors pourquoi attendre? Commencez votre voyage aujourd&rsquo;hui et t\u00e9moignez de premi\u00e8re main comment cette solution remarquable minimise consid\u00e9rablement le temps et les efforts n\u00e9cessaires pour g\u00e9rer les dons, vous lib\u00e9rer pour canaliser vos pr\u00e9cieuses ressources et \u00e9nergie pour avoir un impact tangible et positif dans le monde.<\/p>\n","protected":false},"featured_media":144005,"comment_status":"open","ping_status":"open","template":"","meta":[],"product_brand":[2561],"product_cat":[1253,1181,1186],"product_tag":[2282],"class_list":{"0":"post-120502","1":"product","2":"type-product","3":"status-publish","4":"has-post-thumbnail","6":"product_brand-givewp","7":"product_cat-paiement","8":"product_cat-plugins","9":"product_cat-wordpress-plugins","10":"product_tag-givewp","11":"member-discount","12":"discount-restricted","14":"first","15":"instock","16":"sale","17":"downloadable","18":"virtual","19":"sold-individually","20":"purchasable","21":"product-type-simple"},"_links":{"self":[{"href":"https:\/\/gpl-love.com\/fr\/wp-json\/wp\/v2\/product\/120502","targetHints":{"allow":["GET"]}}],"collection":[{"href":"https:\/\/gpl-love.com\/fr\/wp-json\/wp\/v2\/product"}],"about":[{"href":"https:\/\/gpl-love.com\/fr\/wp-json\/wp\/v2\/types\/product"}],"replies":[{"embeddable":true,"href":"https:\/\/gpl-love.com\/fr\/wp-json\/wp\/v2\/comments?post=120502"}],"wp:featuredmedia":[{"embeddable":true,"href":"https:\/\/gpl-love.com\/fr\/wp-json\/wp\/v2\/media\/144005"}],"wp:attachment":[{"href":"https:\/\/gpl-love.com\/fr\/wp-json\/wp\/v2\/media?parent=120502"}],"wp:term":[{"taxonomy":"product_brand","embeddable":true,"href":"https:\/\/gpl-love.com\/fr\/wp-json\/wp\/v2\/product_brand?post=120502"},{"taxonomy":"product_cat","embeddable":true,"href":"https:\/\/gpl-love.com\/fr\/wp-json\/wp\/v2\/product_cat?post=120502"},{"taxonomy":"product_tag","embeddable":true,"href":"https:\/\/gpl-love.com\/fr\/wp-json\/wp\/v2\/product_tag?post=120502"}],"curies":[{"name":"wp","href":"https:\/\/api.w.org\/{rel}","templated":true}]}}