{"id":120500,"date":"2023-09-14T00:00:00","date_gmt":"2023-09-13T22:00:00","guid":{"rendered":"https:\/\/gpl-love.com\/fr\/produit\/givewp-google-analytics-donation-tracking\/"},"modified":"2026-03-20T23:16:47","modified_gmt":"2026-03-20T22:16:47","slug":"givewp-google-analytics-donation-tracking","status":"publish","type":"product","link":"https:\/\/gpl-love.com\/fr\/produit\/givewp-google-analytics-donation-tracking\/","title":{"rendered":"GiveWP Google Analytics Donation Tracking 3.0.1"},"content":{"rendered":"<h3>GiveWP Google Analytics Donation Tracking Traits<\/h3>\n<p>Le suivi des dons GiveWP Google Analytics est un outil incroyablement robuste et avanc\u00e9 m\u00e9ticuleusement con\u00e7u pour fournir une assistance in\u00e9gal\u00e9e aux organisations \u00e0 but non lucratif et \u00e0 leurs organismes de bienfaisance dans leurs efforts pour suivre et surveiller leurs dons et des campagnes de collecte de fonds avec la plus grande pr\u00e9cision et efficacit\u00e9. Gr\u00e2ce \u00e0 l&rsquo;utilisation de ce plugin exceptionnel, les organisations sont autoris\u00e9es \u00e0 int\u00e9grer de mani\u00e8re transparente leur compte Google Analytics \u00e0 GiveWP, leur permettant ainsi d&rsquo;acc\u00e9der et d&rsquo;exploiter des donn\u00e9es inestimables concernant le comportement des donateurs, les performances de leurs diff\u00e9rentes campagnes et une pl\u00e9thore d&rsquo;autres m\u00e9triques vitales. Cette richesse de donn\u00e9es peut ensuite \u00eatre utilis\u00e9e de mani\u00e8re experte pour optimiser et affiner les strat\u00e9gies de collecte de fonds, tout en identifiant et en capitalisant simultan\u00e9ment sur des opportunit\u00e9s prometteuses de croissance et de d\u00e9veloppement. En utilisant cet outil de pointe, les organisations sont en mesure de prendre des d\u00e9cisions \u00e9clair\u00e9es et ax\u00e9es sur les donn\u00e9es qui am\u00e9liorent finalement leur performance financi\u00e8re globale et de poursuivre leur mission d&rsquo;avoir un impact positif sur notre monde. Par cons\u00e9quent, que ce soit une organisation au stade naissant de sa croissance ou un organisme de bienfaisance bien \u00e9tabli et important, GiveWP Google Analytics Le suivi \u00e9merge sans aucun doute comme un atout indispensable qui rationalise consid\u00e9rablement et augmente les efforts de collecte de fonds, propulsant les organisations pour r\u00e9aliser leur maximum potentiel et cr\u00e9ation d&rsquo;un impact durable sur une \u00e9chelle mondiale.<\/p>\n<ul>\n<li>Suivi complet des dons faits via GiveWP, int\u00e9gr\u00e9s de mani\u00e8re transparente \u00e0 Google Analytics<\/li>\n<li>Suivi en temps r\u00e9el des \u00e9v\u00e9nements de dons, y compris les montants de dons, les informations sur les donateurs et le suivi des campagnes<\/li>\n<li>Identifiez les campagnes de don qui fonctionnent le mieux et optimisez vos efforts de collecte de fonds en cons\u00e9quence<\/li>\n<li>Gardez un aper\u00e7u du comportement de vos donateurs, y compris les pages qu&rsquo;ils visitent avant et apr\u00e8s avoir fait un don<\/li>\n<li>Cr\u00e9ez facilement des rapports et des tableaux de bord personnalis\u00e9s pour surveiller votre succ\u00e8s de collecte de fonds et suivre les progr\u00e8s vers vos objectifs<\/li>\n<li>Aucune expertise de codage ou technique requise, avec une interface intuitive facile \u00e0 utiliser pour les utilisateurs non techniques<\/li>\n<li>Options de suivi enti\u00e8rement personnalisables, vous pouvez donc suivre uniquement les donn\u00e9es qui vous importent le plus<\/li>\n<li>S\u00e9curis\u00e9 et conforme au RGPD, assurant la confidentialit\u00e9 et la s\u00e9curit\u00e9 des informations de vos donateurs<\/li>\n<li>Soutien expert de l&rsquo;\u00e9quipe GiveWP, avec une aide rapide et conviviale disponible chaque fois que vous en avez besoin.<\/li>\n<\/ul>\n","protected":false},"excerpt":{"rendered":"<p>Le plugin de suivi des dons GiveWP Google Analytics fournit une solution pratique et efficace pour suivre les dons au moyen de Google Analytics. En int\u00e9grant de mani\u00e8re transparente avec vos formulaires de don GiveWP, ce plugin transmet automatiquement toutes les donn\u00e9es de don pertinentes \u00e0 votre compte Google Analytics. Cette fonctionnalit\u00e9 vous permet de mieux comprendre le comportement de vos donateurs et l&rsquo;efficacit\u00e9 globale de vos campagnes de collecte de fonds. Arm\u00e9s de ces id\u00e9es pr\u00e9cieuses, vous pourrez prendre des d\u00e9cisions plus \u00e9clair\u00e9es qui ont le potentiel d&rsquo;optimiser vos formulaires de don et d&rsquo;am\u00e9liorer le succ\u00e8s global de vos efforts de collecte de fonds.<\/p>\n","protected":false},"featured_media":144004,"comment_status":"open","ping_status":"open","template":"","meta":[],"product_brand":[2561],"product_cat":[1207,1181,1186],"product_tag":[2282],"class_list":{"0":"post-120500","1":"product","2":"type-product","3":"status-publish","4":"has-post-thumbnail","6":"product_brand-givewp","7":"product_cat-commercialisation-wordpress-plugins","8":"product_cat-plugins","9":"product_cat-wordpress-plugins","10":"product_tag-givewp","11":"member-discount","12":"discount-restricted","14":"first","15":"instock","16":"sale","17":"downloadable","18":"virtual","19":"sold-individually","20":"purchasable","21":"product-type-simple"},"_links":{"self":[{"href":"https:\/\/gpl-love.com\/fr\/wp-json\/wp\/v2\/product\/120500","targetHints":{"allow":["GET"]}}],"collection":[{"href":"https:\/\/gpl-love.com\/fr\/wp-json\/wp\/v2\/product"}],"about":[{"href":"https:\/\/gpl-love.com\/fr\/wp-json\/wp\/v2\/types\/product"}],"replies":[{"embeddable":true,"href":"https:\/\/gpl-love.com\/fr\/wp-json\/wp\/v2\/comments?post=120500"}],"wp:featuredmedia":[{"embeddable":true,"href":"https:\/\/gpl-love.com\/fr\/wp-json\/wp\/v2\/media\/144004"}],"wp:attachment":[{"href":"https:\/\/gpl-love.com\/fr\/wp-json\/wp\/v2\/media?parent=120500"}],"wp:term":[{"taxonomy":"product_brand","embeddable":true,"href":"https:\/\/gpl-love.com\/fr\/wp-json\/wp\/v2\/product_brand?post=120500"},{"taxonomy":"product_cat","embeddable":true,"href":"https:\/\/gpl-love.com\/fr\/wp-json\/wp\/v2\/product_cat?post=120500"},{"taxonomy":"product_tag","embeddable":true,"href":"https:\/\/gpl-love.com\/fr\/wp-json\/wp\/v2\/product_tag?post=120500"}],"curies":[{"name":"wp","href":"https:\/\/api.w.org\/{rel}","templated":true}]}}