{"id":120498,"date":"2026-03-13T00:00:00","date_gmt":"2026-03-12T23:00:00","guid":{"rendered":"https:\/\/gpl-love.com\/fr\/produit\/givewp-gocardless-gateway\/"},"modified":"2026-03-20T23:16:45","modified_gmt":"2026-03-20T22:16:45","slug":"givewp-gocardless-gateway","status":"publish","type":"product","link":"https:\/\/gpl-love.com\/fr\/produit\/givewp-gocardless-gateway\/","title":{"rendered":"GiveWP GoCardless Gateway 2.0.2"},"content":{"rendered":"<h3>GiveWP GoCardless Gateway Traits<\/h3>\n<p>La passerelle GiveWP GoCardless, une passerelle de paiement robuste, offre aux entreprises la possibilit\u00e9 d&rsquo;accepter les paiements via GoCardless, une solution de d\u00e9bit directe estim\u00e9e. Cette passerelle s&rsquo;int\u00e8gre parfaitement \u00e0 la plate-forme de don GiveWP largement utilis\u00e9e, simplifiant la gestion des dons et des paiements pour les entreprises. Gr\u00e2ce \u00e0 la passerelle GiveWP GoCardless, les entreprises peuvent \u00e9tablir sans effort les paiements r\u00e9currents, surveiller les histoires de paiement et superviser les mandats de d\u00e9bit directs de leurs clients dans un seul endroit centralis\u00e9. Cette passerelle garantit la s\u00e9curit\u00e9 et la fiabilit\u00e9, garantissant que les entreprises peuvent g\u00e9rer les dons et les paiements avec une efficacit\u00e9 et z\u00e9ro complications. En substance, la passerelle GiveWP Gocardless est un outil indispensable pour toute entreprise qui cherche \u00e0 optimiser ses proc\u00e9dures de paiement et \u00e0 offrir une exp\u00e9rience de don transparente \u00e0 sa pr\u00e9cieuse client\u00e8le.<\/p>\n<ul>\n<li>Rationalisez vos paiements et dons en ligne avec la passerelle GiveWP GoCardless<\/li>\n<li>Int\u00e9grez facilement GoCardless en tant qu&rsquo;option de paiement sur votre site Web aliment\u00e9 par GiveWP<\/li>\n<li>Profitez des avantages des paiements de d\u00e9bit directs, y compris des frais de transaction plus bas et des conversions plus \u00e9lev\u00e9es<\/li>\n<li>Des options personnalisables vous permettent d&rsquo;adapter le processus de paiement \u00e0 vos besoins sp\u00e9cifiques et \u00e0 votre marque<\/li>\n<li>Les mises \u00e0 jour automatiques garantissent que la passerelle est toujours \u00e0 jour et compatible avec les derni\u00e8res versions de GiveWP et WordPress<\/li>\n<li>Des mesures de s\u00e9curit\u00e9 robustes garantissent que les informations sensibles de vos donateurs sont toujours prot\u00e9g\u00e9es<\/li>\n<li>Le processus de configuration facile signifie que vous pouvez commencer \u00e0 accepter les paiements de d\u00e9bit directs en un rien de temps<\/li>\n<li>Le support client n&rsquo;est qu&rsquo;un clic si vous avez besoin d&rsquo;aide pour tout aspect de la passerelle<\/li>\n<\/ul>\n","protected":false},"excerpt":{"rendered":"<p>La passerelle GiveWP GoCardless est une passerelle de paiement exemplaire qui pr\u00e9sente aux organisations \u00e0 but non lucratif avec l&rsquo;occasion inestimable d&rsquo;accepter sans effort les dons via un d\u00e9bit direct gr\u00e2ce \u00e0 l&rsquo;utilisation de Gocardless. En se lan\u00e7ant dans cette int\u00e9gration, les donateurs sont \u00e9quip\u00e9s de la capacit\u00e9 pratique \u00e0 \u00e9tablir des dons r\u00e9currents sans obstacle, tout en permettant simultan\u00e9ment aux organisations de rationaliser leurs proc\u00e9dures de paiement et de simplifier leurs efforts de gestion financi\u00e8re. Gr\u00e2ce \u00e0 la fourniture d&rsquo;une interface conviviale, des alternatives de paiement avanc\u00e9es et des m\u00e9canismes de traitement des paiements imp\u00e9n\u00e9trables, cette passerelle offre une exp\u00e9rience de don in\u00e9gal\u00e9e et sans stress. Avec l&rsquo;inclusion de la passerelle GiveWP Gocardless dans votre r\u00e9pertoire, vous catapulderez efficacement vos initiatives de collecte de fonds \u00e0 des hauteurs sans pr\u00e9c\u00e9dent, tout en garantissant le plus grand titre et la fiabilit\u00e9 de vos transactions de paiement.<\/p>\n","protected":false},"featured_media":144003,"comment_status":"open","ping_status":"open","template":"","meta":[],"product_brand":[2561],"product_cat":[1253,1181,1186],"product_tag":[2282],"class_list":{"0":"post-120498","1":"product","2":"type-product","3":"status-publish","4":"has-post-thumbnail","6":"product_brand-givewp","7":"product_cat-paiement","8":"product_cat-plugins","9":"product_cat-wordpress-plugins","10":"product_tag-givewp","11":"member-discount","12":"discount-restricted","14":"first","15":"instock","16":"sale","17":"downloadable","18":"virtual","19":"sold-individually","20":"purchasable","21":"product-type-simple"},"_links":{"self":[{"href":"https:\/\/gpl-love.com\/fr\/wp-json\/wp\/v2\/product\/120498","targetHints":{"allow":["GET"]}}],"collection":[{"href":"https:\/\/gpl-love.com\/fr\/wp-json\/wp\/v2\/product"}],"about":[{"href":"https:\/\/gpl-love.com\/fr\/wp-json\/wp\/v2\/types\/product"}],"replies":[{"embeddable":true,"href":"https:\/\/gpl-love.com\/fr\/wp-json\/wp\/v2\/comments?post=120498"}],"wp:featuredmedia":[{"embeddable":true,"href":"https:\/\/gpl-love.com\/fr\/wp-json\/wp\/v2\/media\/144003"}],"wp:attachment":[{"href":"https:\/\/gpl-love.com\/fr\/wp-json\/wp\/v2\/media?parent=120498"}],"wp:term":[{"taxonomy":"product_brand","embeddable":true,"href":"https:\/\/gpl-love.com\/fr\/wp-json\/wp\/v2\/product_brand?post=120498"},{"taxonomy":"product_cat","embeddable":true,"href":"https:\/\/gpl-love.com\/fr\/wp-json\/wp\/v2\/product_cat?post=120498"},{"taxonomy":"product_tag","embeddable":true,"href":"https:\/\/gpl-love.com\/fr\/wp-json\/wp\/v2\/product_tag?post=120498"}],"curies":[{"name":"wp","href":"https:\/\/api.w.org\/{rel}","templated":true}]}}