{"id":120496,"date":"2021-12-12T00:00:00","date_gmt":"2021-12-11T23:00:00","guid":{"rendered":"https:\/\/gpl-love.com\/fr\/produit\/givewp-email-reports\/"},"modified":"2026-03-20T23:16:42","modified_gmt":"2026-03-20T22:16:42","slug":"givewp-email-reports","status":"publish","type":"product","link":"https:\/\/gpl-love.com\/fr\/produit\/givewp-email-reports\/","title":{"rendered":"GiveWP Email Reports 1.1.4"},"content":{"rendered":"<h3>GiveWP Email Reports Traits<\/h3>\n<p>L&rsquo;outil GiveWP Email Reports offre aux organisations \u00e0 but non lucratif une capacit\u00e9 puissante pour g\u00e9n\u00e9rer des rapports de messagerie automatis\u00e9s concernant leur activit\u00e9 de don, leur fournissant ainsi des informations pr\u00e9cieuses concernant leurs performances de collecte de fonds. Gr\u00e2ce \u00e0 l&rsquo;utilisation de cet outil, les utilisateurs ont la possibilit\u00e9 de planifier sans effort des rapports hebdomadaires ou mensuels, de les adapter \u00e0 leurs exigences sp\u00e9cifiques de marque et de messagerie, et de les transmettre \u00e0 des parties prenantes vitales telles que les membres du conseil d&rsquo;administration, les donateurs et le personnel. Ces rapports fournissent des donn\u00e9es compl\u00e8tes comprenant des montants de dons, des donn\u00e9es d\u00e9mographiques des donateurs et des d\u00e9tails de transaction, permettant ainsi aux organisations de surveiller efficacement leurs progr\u00e8s vers les objectifs de collecte de fonds et de rendre les d\u00e9cisions \u00e9clair\u00e9es concernant la strat\u00e9gie et les efforts de sensibilisation. En utilisant des rapports de messagerie GiveWP, les organisations \u00e0 but non lucratif sont en mesure de rationaliser leur processus de d\u00e9claration, d&rsquo;\u00e9conomiser du temps et des ressources et de g\u00e9rer efficacement leurs efforts de collecte de fonds.<\/p>\n<ul>\n<li>Rapports mensuels d\u00e9taill\u00e9s sur les campagnes par e-mail envoy\u00e9es via givewp<\/li>\n<li>Des r\u00e9sum\u00e9s faciles \u00e0 lire des mesures cl\u00e9s telles que les taux d&rsquo;ouverture, les taux de clics et les montants de don<\/li>\n<li>Comparaison des performances actuelles aux donn\u00e9es historiques<\/li>\n<li>Param\u00e8tres de rapport personnalisables pour r\u00e9pondre aux besoins des organisations individuelles<\/li>\n<li>Capacit\u00e9 \u00e0 identifier rapidement les tendances et \u00e0 prendre des d\u00e9cisions bas\u00e9es sur les donn\u00e9es pour les efforts de collecte de fonds futurs<\/li>\n<li>Automatisation de la g\u00e9n\u00e9ration de rapports et de livraison de rapport<\/li>\n<li>Int\u00e9gration avec d&rsquo;autres outils tels que Google Analytics pour une vue plus compl\u00e8te des performances de la campagne<\/li>\n<li>Assistance d\u00e9di\u00e9e \u00e0 toute question ou probl\u00e8mes techniques<\/li>\n<\/ul>\n","protected":false},"excerpt":{"rendered":"<p>Vous avez maintenant la possibilit\u00e9 de recevoir des rapports de messagerie complets qui fournissent des informations d\u00e9taill\u00e9es sur l&rsquo;activit\u00e9 de don sur votre site Web GiveWP via la fonctionnalit\u00e9 innovante connue sous le nom de rapports de messagerie GiveWP. En vous profitant de cet outil, vous obtiendrez des informations pr\u00e9cieuses sur divers aspects, tels que l&rsquo;identit\u00e9 de nouveaux donateurs, les montants exacts de leurs dons, la popularit\u00e9 des diff\u00e9rentes campagnes et bien plus encore, tous livr\u00e9s directement directement dans votre bo\u00eete de r\u00e9ception. De plus, vous avez la flexibilit\u00e9 de choisir la fr\u00e9quence de ces rapports, que vous pr\u00e9f\u00e9riez les recevoir sur une base quotidienne, hebdomadaire ou mensuelle. Avec cette ressource inestimable \u00e0 votre disposition, vous pouvez surveiller sans effort les progr\u00e8s de vos efforts de collecte de fonds et, arm\u00e9 de connaissances adoss\u00e9es aux donn\u00e9es, prendre des d\u00e9cisions \u00e9clair\u00e9es visant \u00e0 am\u00e9liorer vos taux de r\u00e9tention de donneurs et \u00e0 optimiser leur engagement global.<\/p>\n","protected":false},"featured_media":143999,"comment_status":"open","ping_status":"open","template":"","meta":[],"product_brand":[2561],"product_cat":[1187,1181,1186],"product_tag":[2282],"class_list":{"0":"post-120496","1":"product","2":"type-product","3":"status-publish","4":"has-post-thumbnail","6":"product_brand-givewp","7":"product_cat-administration-wordpress-plugins","8":"product_cat-plugins","9":"product_cat-wordpress-plugins","10":"product_tag-givewp","11":"member-discount","12":"discount-restricted","14":"first","15":"instock","16":"sale","17":"downloadable","18":"virtual","19":"sold-individually","20":"purchasable","21":"product-type-simple"},"_links":{"self":[{"href":"https:\/\/gpl-love.com\/fr\/wp-json\/wp\/v2\/product\/120496","targetHints":{"allow":["GET"]}}],"collection":[{"href":"https:\/\/gpl-love.com\/fr\/wp-json\/wp\/v2\/product"}],"about":[{"href":"https:\/\/gpl-love.com\/fr\/wp-json\/wp\/v2\/types\/product"}],"replies":[{"embeddable":true,"href":"https:\/\/gpl-love.com\/fr\/wp-json\/wp\/v2\/comments?post=120496"}],"wp:featuredmedia":[{"embeddable":true,"href":"https:\/\/gpl-love.com\/fr\/wp-json\/wp\/v2\/media\/143999"}],"wp:attachment":[{"href":"https:\/\/gpl-love.com\/fr\/wp-json\/wp\/v2\/media?parent=120496"}],"wp:term":[{"taxonomy":"product_brand","embeddable":true,"href":"https:\/\/gpl-love.com\/fr\/wp-json\/wp\/v2\/product_brand?post=120496"},{"taxonomy":"product_cat","embeddable":true,"href":"https:\/\/gpl-love.com\/fr\/wp-json\/wp\/v2\/product_cat?post=120496"},{"taxonomy":"product_tag","embeddable":true,"href":"https:\/\/gpl-love.com\/fr\/wp-json\/wp\/v2\/product_tag?post=120496"}],"curies":[{"name":"wp","href":"https:\/\/api.w.org\/{rel}","templated":true}]}}