{"id":120494,"date":"2021-12-12T00:00:00","date_gmt":"2021-12-11T23:00:00","guid":{"rendered":"https:\/\/gpl-love.com\/fr\/produit\/givewp-dwolla-gateway\/"},"modified":"2026-03-20T23:16:41","modified_gmt":"2026-03-20T22:16:41","slug":"givewp-dwolla-gateway","status":"publish","type":"product","link":"https:\/\/gpl-love.com\/fr\/produit\/givewp-dwolla-gateway\/","title":{"rendered":"GiveWP Dwolla Gateway 1.1.2"},"content":{"rendered":"<h3>GiveWP Dwolla Gateway Traits<\/h3>\n<p>La passerelle GiveWP Dwolla est un outil puissant qui vous permet d&rsquo;accepter facilement les dons en ligne via la plate-forme de paiement populaire Dwolla. Avec cette int\u00e9gration, vous pouvez collecter en toute s\u00e9curit\u00e9 les fonds de vos donateurs et g\u00e9rer sans effort les finances de votre organisation.<\/p>\n<p>Cette passerelle s&rsquo;int\u00e8gre parfaitement \u00e0 vos formulaires de don GiveWP, offrant une exp\u00e9rience de don sans couture et conviviale pour vos supporters. Vous pouvez facilement personnaliser vos formulaires de don pour correspondre \u00e0 votre marque et cr\u00e9er une exp\u00e9rience coh\u00e9rente en ligne.<\/p>\n<p>La passerelle GiveWP Dwolla propose une gamme de fonctionnalit\u00e9s pour am\u00e9liorer votre processus de don. Vous pouvez configurer des dons r\u00e9currents, permettant \u00e0 vos supporters de faire r\u00e9guli\u00e8rement des contributions automatiques. Cette fonctionnalit\u00e9 est id\u00e9ale pour les organisations qui s&rsquo;appuient sur le soutien continu de leurs donateurs.<\/p>\n<p>Avec la passerelle Dwolla, vous pouvez \u00e9galement g\u00e9rer facilement vos donateurs et leurs contributions. Vous pouvez g\u00e9n\u00e9rer des rapports d\u00e9taill\u00e9s pour suivre vos progr\u00e8s de collecte de fonds et analyser les tendances des donateurs. Cela vous permet de prendre des d\u00e9cisions \u00e9clair\u00e9es et d&rsquo;optimiser vos strat\u00e9gies de collecte de fonds.<\/p>\n<p>La s\u00e9curit\u00e9 est une priorit\u00e9 absolue avec la passerelle Dwolla BidWP. Dwolla utilise des mesures de chiffrement et de s\u00e9curit\u00e9 de pointe de l&rsquo;industrie pour garantir que les informations de vos donateurs sont prot\u00e9g\u00e9es \u00e0 tout moment. Votre organisation peut avoir une tranquillit\u00e9 d&rsquo;esprit en sachant que les donn\u00e9es sensibles de vos donateurs sont s\u00e9curis\u00e9es.<\/p>\n<p>La configuration de la passerelle Dwolla GiveWP est rapide et simple. Avec seulement quelques \u00e9tapes simples, vous pouvez commencer \u00e0 accepter des dons via Dwolla et offrir \u00e0 vos donateurs une exp\u00e9rience de dons pratiques et s\u00fbres.<\/p>\n<p>Que vous soyez une organisation \u00e0 but non lucratif, un organisme de bienfaisance ou un groupe communautaire, la passerelle GiveWP Dwolla est la solution parfaite pour rationaliser vos efforts de collecte de fonds en ligne. Commencez \u00e0 accepter les dons facilement et en toute s\u00e9curit\u00e9 avec cette puissante int\u00e9gration.<\/p>\n<ul>\n<li>Acceptez de mani\u00e8re transparente les dons et les paiements \u00e0 l&rsquo;aide de Dwolla avec GiveWP Dwolla Gateway<\/li>\n<li>Int\u00e9grez facilement GiveWP et Dwolla pour commencer \u00e0 accepter les paiements des donateurs et des clients<\/li>\n<li>Profitez d&rsquo;une solution de traitement des paiements \u00e0 faible co\u00fbt sans sacrifier la s\u00e9curit\u00e9 et la fiabilit\u00e9<\/li>\n<li>Soutien pour les paiements ACH (Clearing House), effectuant des transactions plus rapides et plus rentables<\/li>\n<li>Pas de frais cach\u00e9s, assurer la transparence et la pr\u00e9visibilit\u00e9 de vos frais de traitement des paiements<\/li>\n<li>S\u00e9c\u00e9der les transactions car Dwolla est r\u00e9glement\u00e9e par le r\u00e9seau d&rsquo;application des d\u00e9lits financiers du Tr\u00e9sor am\u00e9ricain (FINCEN)<\/li>\n<li>Am\u00e9liorer les conversions des donateurs et r\u00e9duire les co\u00fbts op\u00e9rationnels avec le traitement des paiements rationalis\u00e9s<\/li>\n<li>Interface facile \u00e0 utiliser pour les administrateurs et les donateurs \/ clients, avec des formulaires de paiement personnalisables et des pages de dons<\/li>\n<li>R\u00e9conciliation de paiement sans tracas avec des enregistrements de transaction enti\u00e8rement d\u00e9taill\u00e9s<\/li>\n<li>Obtenez un support rapide et fiable de GiveWP et des \u00e9quipes de support client de Dwolla.<\/li>\n<\/ul>\n","protected":false},"excerpt":{"rendered":"<p>La passerelle GiveWP Dwolla est une solution de paiement tr\u00e8s recherch\u00e9e pour le domaine des dons en ligne, offrant une multitude d&rsquo;avantages et d&rsquo;avantages. Ce plugin remarquable est sp\u00e9cifiquement con\u00e7u pour r\u00e9pondre aux organisations et organismes de bienfaisance \u00e0 but non lucratif, en les permettant d&rsquo;accepter sans effort et en toute s\u00e9curit\u00e9 les dons de leurs passionn\u00e9s par l&rsquo;utilisation de Dwolla, une plate-forme de paiement num\u00e9rique stellaire qui a obtenu une \u00e9norme reconnaissance pour ses frais de transaction incroyablement bas et Lightning. &#8211; Temps de traitement rapide. En int\u00e9grant la passerelle Dwolla GiveWP dans leurs op\u00e9rations, les organisations \u00e0 but non lucratif peuvent rationaliser efficacement leurs proc\u00e9dures de traitement des paiements, offrant ainsi des adieux aux complexit\u00e9s et aux maux de t\u00eate qui accompagnent souvent cet aspect vital de leur travail. Au lieu de cela, ils sont capables d&rsquo;adopter un nouveau sentiment de facilit\u00e9 et de simplicit\u00e9 lorsqu&rsquo;il s&rsquo;agit de recevoir et de g\u00e9rer des dons, tout cela gr\u00e2ce \u00e0 l&rsquo;int\u00e9gration transparente offerte par cette solution innovante.<\/p>\n","protected":false},"featured_media":143998,"comment_status":"open","ping_status":"open","template":"","meta":[],"product_brand":[2561],"product_cat":[1253,1181,1186],"product_tag":[2282],"class_list":{"0":"post-120494","1":"product","2":"type-product","3":"status-publish","4":"has-post-thumbnail","6":"product_brand-givewp","7":"product_cat-paiement","8":"product_cat-plugins","9":"product_cat-wordpress-plugins","10":"product_tag-givewp","11":"member-discount","12":"discount-restricted","14":"first","15":"instock","16":"sale","17":"downloadable","18":"virtual","19":"sold-individually","20":"purchasable","21":"product-type-simple"},"_links":{"self":[{"href":"https:\/\/gpl-love.com\/fr\/wp-json\/wp\/v2\/product\/120494","targetHints":{"allow":["GET"]}}],"collection":[{"href":"https:\/\/gpl-love.com\/fr\/wp-json\/wp\/v2\/product"}],"about":[{"href":"https:\/\/gpl-love.com\/fr\/wp-json\/wp\/v2\/types\/product"}],"replies":[{"embeddable":true,"href":"https:\/\/gpl-love.com\/fr\/wp-json\/wp\/v2\/comments?post=120494"}],"wp:featuredmedia":[{"embeddable":true,"href":"https:\/\/gpl-love.com\/fr\/wp-json\/wp\/v2\/media\/143998"}],"wp:attachment":[{"href":"https:\/\/gpl-love.com\/fr\/wp-json\/wp\/v2\/media?parent=120494"}],"wp:term":[{"taxonomy":"product_brand","embeddable":true,"href":"https:\/\/gpl-love.com\/fr\/wp-json\/wp\/v2\/product_brand?post=120494"},{"taxonomy":"product_cat","embeddable":true,"href":"https:\/\/gpl-love.com\/fr\/wp-json\/wp\/v2\/product_cat?post=120494"},{"taxonomy":"product_tag","embeddable":true,"href":"https:\/\/gpl-love.com\/fr\/wp-json\/wp\/v2\/product_tag?post=120494"}],"curies":[{"name":"wp","href":"https:\/\/api.w.org\/{rel}","templated":true}]}}