{"id":120488,"date":"2025-12-11T00:00:00","date_gmt":"2025-12-10T23:00:00","guid":{"rendered":"https:\/\/gpl-love.com\/fr\/produit\/wpforms-user-registration\/"},"modified":"2026-03-20T23:51:42","modified_gmt":"2026-03-20T22:51:42","slug":"wpforms-user-registration","status":"publish","type":"product","link":"https:\/\/gpl-love.com\/fr\/produit\/wpforms-user-registration\/","title":{"rendered":"WPForms User Registration 2.8.1"},"content":{"rendered":"<h3>WPForms User Registration Traits<\/h3>\n<p>L&rsquo;enregistrement des utilisateurs WPForms est un plugin incroyablement robuste et remarquablement convivial qui permet aux administrateurs de sites Web de g\u00e9n\u00e9rer sans effort des formulaires d&rsquo;inscription personnalis\u00e9s pour leurs utilisateurs estim\u00e9s. This awe-inspiring plugin boasts a multitude of extraordinary features, which encompass an ingeniously designed drag-and-drop form builder, the ability to fully customize fields according to specific requirements, automated email notifications, and an ingenious spam protection mechanism that effectively safeguards against Intrusions malveillantes. La puissance et la polyvalence de ce plugin permettent aux sites Web d&rsquo;amasser sans effort des informations utilisateur compl\u00e8tes tout en offrant simultan\u00e9ment une exp\u00e9rience d&rsquo;enregistrement utilisateur sans couture et sans pr\u00e9c\u00e9dent. Peu importe que ses aspirations r\u00e9sident dans la cr\u00e9ation d&rsquo;un site d&rsquo;adh\u00e9sion captivant, d&rsquo;une boutique en ligne florissante ou de tout autre effort en ligne obligeant l&rsquo;inscription des utilisateurs, la WPFORMs l&rsquo;enregistrement des utilisateurs est incontestablement comme le choix consomm\u00e9 de garantir l&rsquo;enregistrement \u00e0 la fois facile et imp\u00e9n\u00e9trable pour ses utilisateurs estim\u00e9s.<\/p>\n<ul>\n<li>L&rsquo;enregistrement des utilisateurs WPForms est un puissant plugin WordPress con\u00e7u pour faciliter les visiteurs de votre site Web de s&rsquo;inscrire et de cr\u00e9er des comptes sur votre site.<\/li>\n<li>Avec l&rsquo;enregistrement des utilisateurs WPFORMS, vous pouvez personnaliser votre formulaire d&rsquo;enregistrement pour collecter les informations sp\u00e9cifiques dont vous avez besoin de vos utilisateurs, y compris le nom, l&rsquo;e-mail, le mot de passe, etc.<\/li>\n<li>Le plugin s&rsquo;int\u00e8gre parfaitement \u00e0 d&rsquo;autres plugins populaires comme WooCommerce, vous permettant de cr\u00e9er un processus complet d&rsquo;enregistrement et de d\u00e9part des utilisateurs.<\/li>\n<li>L&rsquo;enregistrement de l&rsquo;utilisateur WPFORMS est livr\u00e9 avec des mod\u00e8les de formulaire d&rsquo;enregistrement pr\u00e9-con\u00e7us, vous n&rsquo;avez donc pas \u00e0 recommencer \u00e0 z\u00e9ro.<\/li>\n<li>Le plugin dispose d&rsquo;un constructeur de glisser-d\u00e9poser intuitif, ce qui facilite la cr\u00e9ation de formulaires d&rsquo;enregistrement magnifiquement con\u00e7us sans aucune connaissance de codage.<\/li>\n<li>Vous pouvez rapidement afficher et g\u00e9rer les enregistrements d&rsquo;utilisateurs de votre tableau de bord WordPress et m\u00eame envoyer des e-mails de notification automatis\u00e9s \u00e0 vos utilisateurs.<\/li>\n<li>L&rsquo;enregistrement des utilisateurs WPForms est enti\u00e8rement r\u00e9actif, garantissant que vos formulaires d&rsquo;enregistrement sont superbes sur n&rsquo;importe quel appareil.<\/li>\n<li>Le plugin prend en charge plusieurs r\u00f4les utilisateur, vous permettant de d\u00e9finir diff\u00e9rents niveaux d&rsquo;acc\u00e8s pour diff\u00e9rents types d&rsquo;utilisateurs.<\/li>\n<li>Avec des fonctionnalit\u00e9s telles que la logique conditionnelle et les int\u00e9grations de paiement, l&rsquo;enregistrement des utilisateurs WPForms est un outil polyvalent qui peut vous aider \u00e0 rationaliser le processus d&rsquo;enregistrement de votre site Web.<\/li>\n<\/ul>\n","protected":false},"excerpt":{"rendered":"<p>L&rsquo;enregistrement des utilisateurs WPForms offre une solution id\u00e9ale aux personnes cherchant \u00e0 \u00e9tablir un processus d&rsquo;enregistrement sur leur site Web WordPress qui est \u00e0 la fois fluide et simple. Ce produit exceptionnel vous permet de g\u00e9n\u00e9rer sans effort des formulaires d&rsquo;inscription personnalis\u00e9s et de les int\u00e9grer n&rsquo;importe o\u00f9 sur votre site, facilitant ainsi une inscription rapide et sans tracas pour les utilisateurs. De plus, l&rsquo;enregistrement des utilisateurs WPForms s&rsquo;int\u00e8gre de mani\u00e8re transparente \u00e0 des services de marketing par e-mail largement utilis\u00e9s, vous permettant ainsi de s&rsquo;engager et de garder vos utilisateurs bien inform\u00e9s apr\u00e8s leur enregistrement. Initiez votre parcours avec l&rsquo;enregistrement des utilisateurs WPFORMS aujourd&rsquo;hui et accordez aux visiteurs les visiteurs de votre site Web une exp\u00e9rience d&rsquo;enregistrement in\u00e9gal\u00e9e de la plus grande qualit\u00e9.<\/p>\n","protected":false},"featured_media":146278,"comment_status":"open","ping_status":"open","template":"","meta":[],"product_brand":[2724],"product_cat":[1191,1181,1186],"product_tag":[1415],"class_list":{"0":"post-120488","1":"product","2":"type-product","3":"status-publish","4":"has-post-thumbnail","6":"product_brand-wp-forms","7":"product_cat-formes","8":"product_cat-plugins","9":"product_cat-wordpress-plugins","10":"product_tag-wp-forms","11":"member-discount","12":"discount-restricted","14":"first","15":"instock","16":"sale","17":"downloadable","18":"virtual","19":"sold-individually","20":"purchasable","21":"product-type-simple"},"_links":{"self":[{"href":"https:\/\/gpl-love.com\/fr\/wp-json\/wp\/v2\/product\/120488","targetHints":{"allow":["GET"]}}],"collection":[{"href":"https:\/\/gpl-love.com\/fr\/wp-json\/wp\/v2\/product"}],"about":[{"href":"https:\/\/gpl-love.com\/fr\/wp-json\/wp\/v2\/types\/product"}],"replies":[{"embeddable":true,"href":"https:\/\/gpl-love.com\/fr\/wp-json\/wp\/v2\/comments?post=120488"}],"wp:featuredmedia":[{"embeddable":true,"href":"https:\/\/gpl-love.com\/fr\/wp-json\/wp\/v2\/media\/146278"}],"wp:attachment":[{"href":"https:\/\/gpl-love.com\/fr\/wp-json\/wp\/v2\/media?parent=120488"}],"wp:term":[{"taxonomy":"product_brand","embeddable":true,"href":"https:\/\/gpl-love.com\/fr\/wp-json\/wp\/v2\/product_brand?post=120488"},{"taxonomy":"product_cat","embeddable":true,"href":"https:\/\/gpl-love.com\/fr\/wp-json\/wp\/v2\/product_cat?post=120488"},{"taxonomy":"product_tag","embeddable":true,"href":"https:\/\/gpl-love.com\/fr\/wp-json\/wp\/v2\/product_tag?post=120488"}],"curies":[{"name":"wp","href":"https:\/\/api.w.org\/{rel}","templated":true}]}}