{"id":120476,"date":"2025-07-23T00:00:00","date_gmt":"2025-07-22T22:00:00","guid":{"rendered":"https:\/\/gpl-love.com\/fr\/produit\/eventon-rss-feed\/"},"modified":"2026-03-20T23:04:58","modified_gmt":"2026-03-20T22:04:58","slug":"eventon-rss-feed","status":"publish","type":"product","link":"https:\/\/gpl-love.com\/fr\/produit\/eventon-rss-feed\/","title":{"rendered":"EventOn RSS Feed 1.2.1"},"content":{"rendered":"<h3>EventOn RSS Feed Traits<\/h3>\n<p>Le flux Eventon RSS sert d&rsquo;outil tr\u00e8s puissant, permettant aux utilisateurs d&rsquo;agr\u00e9ger et de pr\u00e9senter efficacement les donn\u00e9es d&rsquo;\u00e9v\u00e9nements provenant de diverses sources dans un emplacement centralis\u00e9. Son interface transparente et ses fonctionnalit\u00e9s conviviales contribuent \u00e0 son efficacit\u00e9, permettant la cr\u00e9ation de flux personnalis\u00e9s qui peuvent \u00eatre int\u00e9gr\u00e9s de mani\u00e8re transparente dans les sites Web, les newsletters et d&rsquo;autres plateformes num\u00e9riques. Ce produit s&rsquo;adresse \u00e0 un large \u00e9ventail d&rsquo;utilisateurs, accueillant les deux propri\u00e9taires de petites entreprises cherchant \u00e0 am\u00e9liorer la promotion des \u00e9v\u00e9nements et les grandes organisations visant \u00e0 rationaliser leurs processus de gestion d&rsquo;\u00e9v\u00e9nements. Avec ses options de filtrage sophistiqu\u00e9es, ses mises \u00e0 jour en temps r\u00e9el et ses capacit\u00e9s de rapports compl\u00e8tes, les garanties de flux RSS Eventon RSS pour r\u00e9pondre \u00e0 toutes les exigences de gestion des \u00e9v\u00e9nements. Alors pourquoi tarder? Commencez \u00e0 utiliser le flux Eventon RSS aujourd&rsquo;hui et \u00e9levez vos efforts de marketing d&rsquo;\u00e9v\u00e9nements \u00e0 des hauteurs sans pr\u00e9c\u00e9dent!<\/p>\n<ul>\n<li>Fournit un flux RSS personnalisable de vos \u00e9v\u00e9nements de calendrier Eventon<\/li>\n<li>Vous permet de partager facilement des \u00e9v\u00e9nements \u00e0 venir avec des clients ou des coll\u00e8gues<\/li>\n<li>Offre un moyen fiable et automatis\u00e9 de distribuer des informations sur l&rsquo;\u00e9v\u00e9nement<\/li>\n<li>Int\u00e9gration avec les lecteurs et plateformes RSS les plus populaires<\/li>\n<li>Mises \u00e0 jour automatiquement \u00e0 mesure que les \u00e9v\u00e9nements sont ajout\u00e9s ou mis \u00e0 jour dans votre calendrier<\/li>\n<li>Aucune comp\u00e9tence de codage requise pour configurer et utiliser<\/li>\n<li>Aide \u00e0 augmenter l&rsquo;engagement et la fr\u00e9quentation de vos \u00e9v\u00e9nements<\/li>\n<\/ul>\n","protected":false},"excerpt":{"rendered":"<p>Assurez-vous de rester bien inform\u00e9 des \u00e9v\u00e9nements les plus r\u00e9cents de votre communaut\u00e9 locale en utilisant le flux RSS Eventon tr\u00e8s efficace et pratique. En optant pour ce service d&rsquo;abonnement exceptionnel, vous recevrez une livraison rapide de toutes les mises \u00e0 jour et notifications li\u00e9es \u00e0 l&rsquo;\u00e9v\u00e9nement directement \u00e0 votre lecteur RSS d\u00e9sign\u00e9. Par cons\u00e9quent, vous serez toujours tenu au courant des concerts \u00e0 venir, des spectacles et une pl\u00e9thore d&rsquo;autres \u00e9v\u00e9nements captivants. Avec l&rsquo;accessibilit\u00e9 sans effort pour des d\u00e9tails complets d&rsquo;\u00e9v\u00e9nements et des horaires m\u00e9ticuleusement con\u00e7us, vous aurez la capacit\u00e9 inestimable \u00e0 planifier et \u00e0 organiser avec diligence votre calendrier, en vous assurant que vous ne rencontrerez plus jamais la situation d\u00e9courageante de manquer une exp\u00e9rience exceptionnelle et m\u00e9morable. Il est sans \u00e9quivoque conseill\u00e9 de souscrire rapidement au flux Eventon RSS aujourd&rsquo;hui, vous accordant ainsi l&rsquo;assurance absolue de rester parfaitement \u00e0 l&rsquo;\u00e9coute du rythme dynamique de la sc\u00e8ne sociale prosp\u00e8re de votre communaut\u00e9.<\/p>\n","protected":false},"featured_media":143808,"comment_status":"open","ping_status":"open","template":"","meta":[],"product_brand":[2540],"product_cat":[1189,1181,1186],"product_tag":[1267],"class_list":{"0":"post-120476","1":"product","2":"type-product","3":"status-publish","4":"has-post-thumbnail","6":"product_brand-eventon","7":"product_cat-personnalisation","8":"product_cat-plugins","9":"product_cat-wordpress-plugins","10":"product_tag-eventon","11":"member-discount","12":"discount-restricted","14":"first","15":"instock","16":"sale","17":"downloadable","18":"virtual","19":"sold-individually","20":"purchasable","21":"product-type-simple"},"_links":{"self":[{"href":"https:\/\/gpl-love.com\/fr\/wp-json\/wp\/v2\/product\/120476","targetHints":{"allow":["GET"]}}],"collection":[{"href":"https:\/\/gpl-love.com\/fr\/wp-json\/wp\/v2\/product"}],"about":[{"href":"https:\/\/gpl-love.com\/fr\/wp-json\/wp\/v2\/types\/product"}],"replies":[{"embeddable":true,"href":"https:\/\/gpl-love.com\/fr\/wp-json\/wp\/v2\/comments?post=120476"}],"wp:featuredmedia":[{"embeddable":true,"href":"https:\/\/gpl-love.com\/fr\/wp-json\/wp\/v2\/media\/143808"}],"wp:attachment":[{"href":"https:\/\/gpl-love.com\/fr\/wp-json\/wp\/v2\/media?parent=120476"}],"wp:term":[{"taxonomy":"product_brand","embeddable":true,"href":"https:\/\/gpl-love.com\/fr\/wp-json\/wp\/v2\/product_brand?post=120476"},{"taxonomy":"product_cat","embeddable":true,"href":"https:\/\/gpl-love.com\/fr\/wp-json\/wp\/v2\/product_cat?post=120476"},{"taxonomy":"product_tag","embeddable":true,"href":"https:\/\/gpl-love.com\/fr\/wp-json\/wp\/v2\/product_tag?post=120476"}],"curies":[{"name":"wp","href":"https:\/\/api.w.org\/{rel}","templated":true}]}}