{"id":120474,"date":"2025-03-02T00:00:00","date_gmt":"2025-03-01T23:00:00","guid":{"rendered":"https:\/\/gpl-love.com\/fr\/produit\/eventon-wishlist\/"},"modified":"2026-03-20T23:05:08","modified_gmt":"2026-03-20T22:05:08","slug":"eventon-wishlist","status":"publish","type":"product","link":"https:\/\/gpl-love.com\/fr\/produit\/eventon-wishlist\/","title":{"rendered":"EventOn Wishlist 1.2.1"},"content":{"rendered":"<h3>EventOn Wishlist Traits<\/h3>\n<p>La liste de souhaits Eventon est un outil incroyablement robuste et remarquablement pratique qui permet aux utilisateurs de g\u00e9n\u00e9rer sans effort une liste d&rsquo;\u00e9v\u00e9nements personnalis\u00e9e. Cette liste d&rsquo;\u00e9v\u00e9nements remarquable peut \u00eatre effectivement utilis\u00e9e pour surveiller et g\u00e9rer m\u00e9ticuleusement les \u00e9v\u00e9nements \u00e0 venir, d\u00e9signer et mettre en \u00e9vidence m\u00e9ticuleusement les dates pivots, et m\u00eame \u00e9tablir des rappels habilement. Avec une interface exceptionnellement conviviale qui facilite la facilit\u00e9 d&rsquo;utilisation et une pl\u00e9thore d&rsquo;options personnalisables qui offrent aux utilisateurs la possibilit\u00e9 d&rsquo;adapter leur exp\u00e9rience \u00e0 leurs pr\u00e9f\u00e9rences et exigences uniques, la liste de souhaits Eventon est sans \u00e9quivoque pour les personnes qui s&rsquo;efforcent de maintenir un sens de l&rsquo;ordre et l&rsquo;efficacit\u00e9 dans leurs efforts de gestion des \u00e9v\u00e9nements. Que l&rsquo;on soit en train d&rsquo;orchestrer m\u00e9ticuleusement un mariage, de garder avec diligence la trace des anniversaires ou simplement de s&rsquo;efforcer de rester efficacement au courant de leur horaire charg\u00e9, cette application ph\u00e9nom\u00e9nale avantageuse est enti\u00e8rement \u00e9quip\u00e9e de toutes les caract\u00e9ristiques et fonctionnalit\u00e9s n\u00e9cessaires pour simplifier consid\u00e9rablement et rationaliser sa vie quotidienne. Par cons\u00e9quent, pourquoi retarder? Poser plus de temps et t\u00e9l\u00e9charger rapidement la liste de souhaits Eventon aujourd&rsquo;hui pour commencer le processus d&rsquo;organisation et de gestion efficacement de vos \u00e9v\u00e9nements avec la ma\u00eetrise et l&rsquo;aplomb!<\/p>\n<ul>\n<li>Simplifier la planification des \u00e9v\u00e9nements avec la liste de souhaits Eventon<\/li>\n<li>Cr\u00e9er et g\u00e9rer facilement les listes de souhaits d&rsquo;\u00e9v\u00e9nements<\/li>\n<li>Collaborer avec des amis et de la famille sur la cr\u00e9ation de listes de souhaits<\/li>\n<li>Options de liste de souhaits personnalisables, y compris les d\u00e9tails de l&rsquo;\u00e9v\u00e9nement et les id\u00e9es de cadeaux<\/li>\n<li>Surveillance en temps r\u00e9el des mises \u00e0 jour de la liste de souhaits et des contributions des invit\u00e9s<\/li>\n<li>Rationaliser les cadeaux avec le suivi des cadeaux automatis\u00e9s de Eventon Wishlist<\/li>\n<li>Interface intuitive con\u00e7ue pour une navigation et une utilisation faciles<\/li>\n<li>Accru la fr\u00e9quentation et l&rsquo;engagement des \u00e9v\u00e9nements gr\u00e2ce \u00e0 des listes de souhaits partag\u00e9es<\/li>\n<li>Plateforme s\u00e9curis\u00e9e et fiable pour la planification des \u00e9v\u00e9nements confidentiels.<\/li>\n<\/ul>\n","protected":false},"excerpt":{"rendered":"<p>Eventon WishList est une solution exceptionnelle et id\u00e9ale pour les personnes qui poss\u00e8dent une immense passion pour les \u00e9v\u00e9nements et souhaitent avec ferveur de garder un morceau m\u00e9ticuleux des \u00e9v\u00e9nements auxquels ils souhaitent ardemment assister. Cette application ph\u00e9nom\u00e9nale offre aux utilisateurs la capacit\u00e9 incroyable de g\u00e9rer et de compiler une liste uniquement personnalis\u00e9e comprenant leurs \u00e9v\u00e9nements les plus convoit\u00e9s, leur permettant ainsi d&rsquo;exercer un contr\u00f4le absolu sur leurs exp\u00e9riences d&rsquo;\u00e9v\u00e9nement. En outre, cette application extraordinaire permet aux utilisateurs de leur accorder l&rsquo;option pratique pour d\u00e9finir des rappels en temps opportun pour les \u00e9v\u00e9nements imminents, garantissant ainsi qu&rsquo;aucun \u00e9v\u00e9nement ne se glisse \u00e0 travers les mailles du filet de leurs horaires charg\u00e9s. En outre, Eventon WishList poss\u00e8de \u00e9galement une fonctionnalit\u00e9 de pointe qui informe sans effort et rapidement les utilisateurs chaque fois que les billets pour les \u00e9v\u00e9nements souhait\u00e9s deviennent facilement disponibles. Avec une plate-forme aussi innovante et compl\u00e8te \u00e0 leur disposition, les amateurs d&rsquo;\u00e9v\u00e9nements sont assur\u00e9s de ne jamais manquer leurs \u00e9v\u00e9nements passionn\u00e9ment recherch\u00e9s!<\/p>\n","protected":false},"featured_media":143819,"comment_status":"open","ping_status":"open","template":"","meta":[],"product_brand":[2540],"product_cat":[1189,1181,1186],"product_tag":[1267],"class_list":{"0":"post-120474","1":"product","2":"type-product","3":"status-publish","4":"has-post-thumbnail","6":"product_brand-eventon","7":"product_cat-personnalisation","8":"product_cat-plugins","9":"product_cat-wordpress-plugins","10":"product_tag-eventon","11":"member-discount","12":"discount-restricted","14":"first","15":"instock","16":"sale","17":"downloadable","18":"virtual","19":"sold-individually","20":"purchasable","21":"product-type-simple"},"_links":{"self":[{"href":"https:\/\/gpl-love.com\/fr\/wp-json\/wp\/v2\/product\/120474","targetHints":{"allow":["GET"]}}],"collection":[{"href":"https:\/\/gpl-love.com\/fr\/wp-json\/wp\/v2\/product"}],"about":[{"href":"https:\/\/gpl-love.com\/fr\/wp-json\/wp\/v2\/types\/product"}],"replies":[{"embeddable":true,"href":"https:\/\/gpl-love.com\/fr\/wp-json\/wp\/v2\/comments?post=120474"}],"wp:featuredmedia":[{"embeddable":true,"href":"https:\/\/gpl-love.com\/fr\/wp-json\/wp\/v2\/media\/143819"}],"wp:attachment":[{"href":"https:\/\/gpl-love.com\/fr\/wp-json\/wp\/v2\/media?parent=120474"}],"wp:term":[{"taxonomy":"product_brand","embeddable":true,"href":"https:\/\/gpl-love.com\/fr\/wp-json\/wp\/v2\/product_brand?post=120474"},{"taxonomy":"product_cat","embeddable":true,"href":"https:\/\/gpl-love.com\/fr\/wp-json\/wp\/v2\/product_cat?post=120474"},{"taxonomy":"product_tag","embeddable":true,"href":"https:\/\/gpl-love.com\/fr\/wp-json\/wp\/v2\/product_tag?post=120474"}],"curies":[{"name":"wp","href":"https:\/\/api.w.org\/{rel}","templated":true}]}}