{"id":120472,"date":"2025-01-16T00:00:00","date_gmt":"2025-01-15T23:00:00","guid":{"rendered":"https:\/\/gpl-love.com\/fr\/produit\/eventon-rsvp-events-invitees\/"},"modified":"2026-03-20T23:05:00","modified_gmt":"2026-03-20T22:05:00","slug":"eventon-rsvp-events-invitees","status":"publish","type":"product","link":"https:\/\/gpl-love.com\/fr\/produit\/eventon-rsvp-events-invitees\/","title":{"rendered":"EventOn RSVP Events Invitees 1.0.2"},"content":{"rendered":"<h3>EventOn RSVP Events Invitees Traits<\/h3>\n<p>Eventon RSVP Events Invit\u00e9s est un outil tr\u00e8s efficace et robuste qui offre une immense assistance aux organisateurs d&rsquo;\u00e9v\u00e9nements dans la gestion efficace de leur liste d&rsquo;invit\u00e9s. En utilisant ce logiciel avanc\u00e9, les organisateurs d&rsquo;\u00e9v\u00e9nements sont autoris\u00e9s \u00e0 cr\u00e9er et \u00e0 distribuer sans effort les invitations d&rsquo;\u00e9v\u00e9nements \u00e0 leurs invit\u00e9s estim\u00e9s, \u00e0 g\u00e9rer efficacement les RSVP et \u00e0 garder m\u00e9ticuleusement une trace des informations sur les participants. En outre, ce logiciel exceptionnel fournit \u00e9galement des mises \u00e0 jour en temps r\u00e9el sur les r\u00e9ponses des invit\u00e9s, permettant ainsi aux organisateurs d&rsquo;\u00e9v\u00e9nements de prendre des d\u00e9cisions bien inform\u00e9es et d&rsquo;orchestrer de mani\u00e8re transparente l&rsquo;\u00e9v\u00e9nement en fonction des pr\u00e9f\u00e9rences des participants. L&rsquo;interface intuitive et conviviale de ce logiciel garantit une exp\u00e9rience fluide et sans tracas, tandis que l&rsquo;option de personnalisation des invitations conform\u00e9ment \u00e0 l&rsquo;image de la marque ajoute une touche d&rsquo;\u00e9l\u00e9gance in\u00e9gal\u00e9e. De plus, ce logiciel est tout aussi habile \u00e0 r\u00e9pondre \u00e0 des \u00e9v\u00e9nements personnels et professionnels, ce qui en fait la solution tout-en-un ultime pour rationaliser le processus de planification des \u00e9v\u00e9nements et assurer le succ\u00e8s retentissant de chaque \u00e9v\u00e9nement organis\u00e9.<\/p>\n<ul>\n<li>Envoyez automatiquement les invitations RSVP aux invit\u00e9s pour vos \u00e9v\u00e9nements<\/li>\n<li>Gardez une trace des r\u00e9ponses RSVP et des listes d&rsquo;invit\u00e9s en temps r\u00e9el<\/li>\n<li>Personnalisez la conception et la messagerie d&rsquo;invitation pour s&rsquo;adapter \u00e0 votre th\u00e8me d&rsquo;\u00e9v\u00e9nement<\/li>\n<li>Capacit\u00e9 \u00e0 envoyer des notifications de rappel aux invit\u00e9s qui n&rsquo;ont pas encore r\u00e9pondu<\/li>\n<li>Les clients peuvent facilement RSVP et fournir des d\u00e9tails suppl\u00e9mentaires, tels que le nombre de participants de leur f\u00eate ou toute restriction alimentaire<\/li>\n<li>Exporter des listes d&rsquo;invit\u00e9s et des donn\u00e9es RSVP pour une gestion et une organisation faciles<\/li>\n<li>Int\u00e9gration avec des applications de calendrier et de planification populaires pour la planification des \u00e9v\u00e9nements sans couture<\/li>\n<li>Interface conviviale et navigation intuitive pour une configuration et une utilisation faciles<\/li>\n<li>Utilisation et compatibilit\u00e9 illimit\u00e9es avec Eventon Plugin pour les sites Web WordPress.<\/li>\n<\/ul>\n","protected":false},"excerpt":{"rendered":"<p>L&rsquo;outil Eventon RSVP Events Invit\u00e9s a \u00e9t\u00e9 m\u00e9ticuleusement con\u00e7u pour simplifier le processus complexe de planification des \u00e9v\u00e9nements, assurant une exp\u00e9rience fluide et sans effort. En offrant une pl\u00e9thore d&rsquo;options d&rsquo;entr\u00e9e simples, cet outil facilite la cr\u00e9ation rapide d&rsquo;une liste d&rsquo;invites tout compris sp\u00e9cialement adapt\u00e9e aux exigences de votre \u00e9v\u00e9nement. En outre, il g\u00e8re parfaitement la gestion des r\u00e9ponses RSVP, vous permettant de surveiller sans effort la fr\u00e9quentation, de r\u00e9pondre efficacement aux demandes des invit\u00e9s et, finalement, et finalement offrir une exp\u00e9rience d&rsquo;\u00e9v\u00e9nement in\u00e9gal\u00e9e pour vos participants estim\u00e9s. Offrez des adieux \u00e0 la t\u00e2che ardue de la planification des \u00e9v\u00e9nements et accueille gracieusement cette solution compl\u00e8te et rationalis\u00e9e de gestion d&rsquo;\u00e9v\u00e9nements qui r\u00e9volutionnera l&rsquo;ex\u00e9cution de votre \u00e9v\u00e9nement.<\/p>\n","protected":false},"featured_media":143810,"comment_status":"open","ping_status":"open","template":"","meta":[],"product_brand":[2540],"product_cat":[1189,1181,1186],"product_tag":[1267],"class_list":{"0":"post-120472","1":"product","2":"type-product","3":"status-publish","4":"has-post-thumbnail","6":"product_brand-eventon","7":"product_cat-personnalisation","8":"product_cat-plugins","9":"product_cat-wordpress-plugins","10":"product_tag-eventon","11":"member-discount","12":"discount-restricted","14":"first","15":"instock","16":"sale","17":"downloadable","18":"virtual","19":"sold-individually","20":"purchasable","21":"product-type-simple"},"_links":{"self":[{"href":"https:\/\/gpl-love.com\/fr\/wp-json\/wp\/v2\/product\/120472","targetHints":{"allow":["GET"]}}],"collection":[{"href":"https:\/\/gpl-love.com\/fr\/wp-json\/wp\/v2\/product"}],"about":[{"href":"https:\/\/gpl-love.com\/fr\/wp-json\/wp\/v2\/types\/product"}],"replies":[{"embeddable":true,"href":"https:\/\/gpl-love.com\/fr\/wp-json\/wp\/v2\/comments?post=120472"}],"wp:featuredmedia":[{"embeddable":true,"href":"https:\/\/gpl-love.com\/fr\/wp-json\/wp\/v2\/media\/143810"}],"wp:attachment":[{"href":"https:\/\/gpl-love.com\/fr\/wp-json\/wp\/v2\/media?parent=120472"}],"wp:term":[{"taxonomy":"product_brand","embeddable":true,"href":"https:\/\/gpl-love.com\/fr\/wp-json\/wp\/v2\/product_brand?post=120472"},{"taxonomy":"product_cat","embeddable":true,"href":"https:\/\/gpl-love.com\/fr\/wp-json\/wp\/v2\/product_cat?post=120472"},{"taxonomy":"product_tag","embeddable":true,"href":"https:\/\/gpl-love.com\/fr\/wp-json\/wp\/v2\/product_tag?post=120472"}],"curies":[{"name":"wp","href":"https:\/\/api.w.org\/{rel}","templated":true}]}}