{"id":120466,"date":"2025-11-26T00:00:00","date_gmt":"2025-11-25T23:00:00","guid":{"rendered":"https:\/\/gpl-love.com\/fr\/produit\/modern-events-calendar-advanced-map\/"},"modified":"2026-03-20T23:25:18","modified_gmt":"2026-03-20T22:25:18","slug":"modern-events-calendar-advanced-map","status":"publish","type":"product","link":"https:\/\/gpl-love.com\/fr\/produit\/modern-events-calendar-advanced-map\/","title":{"rendered":"Modern Events Calendar Advanced Map 1.2.0"},"content":{"rendered":"<h3>Modern Events Calendar Advanced Map Traits<\/h3>\n<p>La carte avanc\u00e9e du calendrier des \u00e9v\u00e9nements modernes est un outil hautement louable et remarquable qui accorde aux utilisateurs la possibilit\u00e9 de naviguer en douceur et sans effort sans effort au moyen d&rsquo;une carte interactive et conviviale. Gr\u00e2ce \u00e0 l&rsquo;utilisation de ce plugin, les utilisateurs re\u00e7oivent la puissance d&rsquo;incorporer plusieurs emplacements, de filtrer efficacement les \u00e9v\u00e9nements en fonction des cat\u00e9gories ou des balises, et d&rsquo;adapter de mani\u00e8re transparente la conception de la carte pour s&rsquo;aligner parfaitement sur la disposition de leur site Web. En outre, ce plugin exceptionnel englobe \u00e9galement la fourniture d&rsquo;informations compl\u00e8tes et \u00e9labor\u00e9es relatives \u00e0 l&#8217;emplacement pr\u00e9cis de chaque \u00e9v\u00e9nement, englobant des d\u00e9tails essentiels tels qu&rsquo;une adresse, un num\u00e9ro de contact et un lien de site Web. De plus, les utilisateurs ont la capacit\u00e9 d&rsquo;amalgame sans effort le plugin avec Google Maps, permettant ainsi la fourniture transparente de directions pr\u00e9cises et pr\u00e9cises vers l&#8217;emplacement sp\u00e9cifique de l&rsquo;\u00e9v\u00e9nement. Essentiellement, la carte avanc\u00e9e du calendrier des \u00e9v\u00e9nements modernes est un outil indispensable pour toute personne cherchant \u00e0 enrichir et \u00e0 enrichir la page d&rsquo;\u00e9v\u00e9nements de leur site Web avec une abondance d&rsquo;une exp\u00e9rience de cartographie sophistiqu\u00e9e et intuitive.<\/p>\n<ul>\n<li>Affiche l&#8217;emplacement des \u00e9v\u00e9nements sur une carte interactive<\/li>\n<li>Fournit un acc\u00e8s rapide aux d\u00e9tails de l&rsquo;\u00e9v\u00e9nement via les marqueurs de carte<\/li>\n<li>Offre des options d&rsquo;affichage de carte personnalisables<\/li>\n<li>S&rsquo;int\u00e8gre \u00e0 Google Maps pour des informations de localisation pr\u00e9cises<\/li>\n<li>Prend en charge plusieurs styles de carte, y compris les vues par satellite, sur terrain et hybrides<\/li>\n<li>Permet aux utilisateurs de filtrer les \u00e9v\u00e9nements par emplacement \u00e0 l&rsquo;aide de l&rsquo;interface de carte<\/li>\n<li>Compatible avec le plugin du calendrier des \u00e9v\u00e9nements modernes pour WordPress<\/li>\n<li>Aide \u00e0 am\u00e9liorer l&rsquo;engagement des utilisateurs et la fr\u00e9quentation des \u00e9v\u00e9nements gr\u00e2ce \u00e0 la repr\u00e9sentation de la carte visuelle<\/li>\n<li>Interface de carte conviviale et intuitive pour faciliter l&rsquo;utilisation<\/li>\n<li>Conception r\u00e9active pour une visualisation optimale sur les appareils mobiles.<\/li>\n<\/ul>\n","protected":false},"excerpt":{"rendered":"<p>La carte avanc\u00e9e des \u00e9v\u00e9nements modernes offre aux planificateurs d&rsquo;\u00e9v\u00e9nements une solution id\u00e9ale pour \u00e9laborer des cartes d&rsquo;\u00e9v\u00e9nements dynamiques et sur mesure qui poss\u00e8dent un flair distinct. \u00c9quip\u00e9 de capacit\u00e9s de pointe telles que des filtres de recherche bas\u00e9s sur la g\u00e9ographie et des options de style personnalisables, cet outil garantit que l&#8217;emplacement de votre \u00e9v\u00e9nement attirera sans aucun doute l&rsquo;attention. Non seulement vous pouvez int\u00e9grer sans effort les d\u00e9tails de l&#8217;emplacement pour chaque \u00e9v\u00e9nement, mais vous pouvez \u00e9galement personnaliser les marqueurs de carte pour s&rsquo;aligner parfaitement avec votre identit\u00e9 de marque. De plus, la pr\u00e9sentation de tous vos \u00e9v\u00e9nements sur une seule carte donne aux utilisateurs une exp\u00e9rience de navigation transparente. Ind\u00e9niablement, la carte avanc\u00e9e du calendrier des \u00e9v\u00e9nements modernes est un atout indispensable pour tout \u00e9v\u00e9nement professionnel cherchant \u00e0 \u00e9voquer des cartes d&rsquo;\u00e9v\u00e9nements impressionnantes.<\/p>\n","protected":false},"featured_media":144561,"comment_status":"open","ping_status":"open","template":"","meta":[],"product_brand":[2504],"product_cat":[1189,1181,1186],"product_tag":[1394],"class_list":{"0":"post-120466","1":"product","2":"type-product","3":"status-publish","4":"has-post-thumbnail","6":"product_brand-webnus","7":"product_cat-personnalisation","8":"product_cat-plugins","9":"product_cat-wordpress-plugins","10":"product_tag-webnus","11":"member-discount","12":"discount-restricted","14":"first","15":"instock","16":"sale","17":"downloadable","18":"virtual","19":"sold-individually","20":"purchasable","21":"product-type-simple"},"_links":{"self":[{"href":"https:\/\/gpl-love.com\/fr\/wp-json\/wp\/v2\/product\/120466","targetHints":{"allow":["GET"]}}],"collection":[{"href":"https:\/\/gpl-love.com\/fr\/wp-json\/wp\/v2\/product"}],"about":[{"href":"https:\/\/gpl-love.com\/fr\/wp-json\/wp\/v2\/types\/product"}],"replies":[{"embeddable":true,"href":"https:\/\/gpl-love.com\/fr\/wp-json\/wp\/v2\/comments?post=120466"}],"wp:featuredmedia":[{"embeddable":true,"href":"https:\/\/gpl-love.com\/fr\/wp-json\/wp\/v2\/media\/144561"}],"wp:attachment":[{"href":"https:\/\/gpl-love.com\/fr\/wp-json\/wp\/v2\/media?parent=120466"}],"wp:term":[{"taxonomy":"product_brand","embeddable":true,"href":"https:\/\/gpl-love.com\/fr\/wp-json\/wp\/v2\/product_brand?post=120466"},{"taxonomy":"product_cat","embeddable":true,"href":"https:\/\/gpl-love.com\/fr\/wp-json\/wp\/v2\/product_cat?post=120466"},{"taxonomy":"product_tag","embeddable":true,"href":"https:\/\/gpl-love.com\/fr\/wp-json\/wp\/v2\/product_tag?post=120466"}],"curies":[{"name":"wp","href":"https:\/\/api.w.org\/{rel}","templated":true}]}}