{"id":120464,"date":"2022-02-01T00:00:00","date_gmt":"2022-01-31T23:00:00","guid":{"rendered":"https:\/\/gpl-love.com\/fr\/produit\/profile-builder-multistep-forms-add-on\/"},"modified":"2026-04-10T18:37:06","modified_gmt":"2026-04-10T16:37:06","slug":"profile-builder-multistep-forms-add-on","status":"publish","type":"product","link":"https:\/\/gpl-love.com\/fr\/produit\/profile-builder-multistep-forms-add-on\/","title":{"rendered":"Profile Builder Multistep Forms Add-on 1.1.3"},"content":{"rendered":"<h3>Profile Builder Multistep Forms Add-on Traits<\/h3>\n<p>Profile Builder MultiStep Forms Le compl\u00e9ment est un outil incroyablement robuste et efficace qui simplifie et am\u00e9liore efficacement le processus d&rsquo;enregistrement de l&rsquo;utilisateur en le divisant en plusieurs \u00e9tapes. En utilisant ce module compl\u00e9mentaire remarquable, vous avez la capacit\u00e9 remarquable de personnaliser le formulaire d&rsquo;enregistrement pour s&rsquo;adapter \u00e0 vos pr\u00e9f\u00e9rences et de fabriquer une exp\u00e9rience utilisateur plus rationalis\u00e9e et plus agr\u00e9able, qui se termine finalement dans des taux de conversion notamment \u00e9lev\u00e9s. En exploitant son immense pouvoir, vous pouvez incorporer sans effort des champs personnalis\u00e9s et des r\u00e8gles de validation, vous permettant ainsi de collecter des informations tr\u00e8s sp\u00e9cifiques et pr\u00e9cises aupr\u00e8s des utilisateurs. De plus, ce module compl\u00e9mentaire extraordinaire poss\u00e8de \u00e9galement la capacit\u00e9 remarquable de soutenir la logique conditionnelle, vous accordant ainsi la flexibilit\u00e9 exceptionnelle pour pr\u00e9senter ou cacher certains champs en fonction des entr\u00e9es fournies par les utilisateurs. Notamment, le builder de glisser-d\u00e9poser extr\u00eamement convivial fait de la t\u00e2che de concevoir et de personnaliser chaque \u00e9tape individuelle du processus d&rsquo;enregistrement une entreprise remarquablement sans effort et gratifiant. Avec les capacit\u00e9s impressionnantes du compl\u00e9ment de formulaires multi-\u00e9tapes \u00e0 votre disposition, vous poss\u00e9dez la capacit\u00e9 unique de fa\u00e7onner une exp\u00e9rience d&rsquo;enregistrement des utilisateurs impeccablement transparente qui est experte personnalis\u00e9e pour r\u00e9pondre \u00e0 vos exigences distinctes et uniques.<\/p>\n<ul>\n<li>Permet la cr\u00e9ation de formulaires \u00e0 plusieurs \u00e9tapes pour les profils utilisateur<\/li>\n<li>Am\u00e9liore l&rsquo;exp\u00e9rience utilisateur en divisant de longues formes en sections plus petites<\/li>\n<li>Comprend le g\u00e9n\u00e9rateur de formulaire de glisser-d\u00e9poser pour une personnalisation facile<\/li>\n<li>Offre une logique conditionnelle pour afficher \/ masquer les champs de formulaire en fonction de la saisie de l&rsquo;utilisateur<\/li>\n<li>Compatible avec les plugins de profil utilisateur WordPress populaires<\/li>\n<li>Fournit une validation de formulaire en temps r\u00e9el et des messages d&rsquo;erreur personnalis\u00e9s<\/li>\n<li>Permet l&rsquo;int\u00e9gration avec les services de marketing par e-mail pour la g\u00e9n\u00e9ration de leads<\/li>\n<li>Offre des options de style personnalisables pour correspondre \u00e0 la marque du site Web<\/li>\n<li>Fournit une prise en charge multilingue pour les publics mondiaux<\/li>\n<li>Comprend un support d\u00e9di\u00e9 et des mises \u00e0 jour r\u00e9guli\u00e8res pour des performances optimales.<\/li>\n<\/ul>\n","protected":false},"excerpt":{"rendered":"<p>Profile Builder MultiStep Forms Add-On est un outil incroyablement robuste et tr\u00e8s efficace qui vous accorde la capacit\u00e9 remarquable \u00e0 g\u00e9n\u00e9rer sans effort des formes multiples personnalis\u00e9es pour votre site Web WordPress estim\u00e9. Cet add-on impressionnant facilite commod\u00e9ment l&rsquo;acquisition transparente des informations critiques des utilisateurs, l&rsquo;organiser m\u00e9ticuleusement dans un format lucide et navigable sans effort. Une utilisation efficace de ce module compl\u00e9mentaire exceptionnel entra\u00eenera sans aucun doute une am\u00e9lioration transformatrice de l&rsquo;exp\u00e9rience utilisateur, tout en vous offrant simultan\u00e9ment l&rsquo;occasion inestimable d&rsquo;amasser sans effort les donn\u00e9es vitales dont vous avez d\u00e9sesp\u00e9r\u00e9ment besoin. En exploitant les capacit\u00e9s remarquables de Profile Builder MultiStep Forms Add-on, vous pourrez adapter parfaitement vos formulaires pour s&rsquo;aligner parfaitement avec votre marque estim\u00e9e, assurant ainsi une pr\u00e9sence en ligne coh\u00e9sive et harmonieuse. De plus, ce compl\u00e9ment extraordinaire vous permet de la possibilit\u00e9 d&#8217;employer astucieusement une logique conditionnelle, manipulant ainsi habilement la visibilit\u00e9 de certains champs bas\u00e9s uniquement sur les r\u00e9ponses de l&rsquo;utilisateur. De plus, Profile Builder MultiStep Forms Add-On s&rsquo;int\u00e8gre de mani\u00e8re transparente avec une myriade d&rsquo;outils de marketing par e-mail et de CRM populaires, augmentant ainsi magnifiquement son utilit\u00e9 globale et sa polyvalence. Par cons\u00e9quent, cet ing\u00e9nieux module add-on rationalisera et optimisera tout votre processus de collecte de donn\u00e9es utilisateur, tout en augmentant avec diligence l&rsquo;exp\u00e9rience utilisateur de votre site Web \u00e0 des hauteurs sans pr\u00e9c\u00e9dent.<\/p>\n","protected":false},"featured_media":145027,"comment_status":"open","ping_status":"open","template":"","meta":[],"product_brand":[2635],"product_cat":[1191,1181,1186],"product_tag":[1332],"class_list":{"0":"post-120464","1":"product","2":"type-product","3":"status-publish","4":"has-post-thumbnail","6":"product_brand-profile-builder","7":"product_cat-formes","8":"product_cat-plugins","9":"product_cat-wordpress-plugins","10":"product_tag-profile-builder","11":"member-discount","12":"discount-restricted","14":"first","15":"instock","16":"sale","17":"downloadable","18":"virtual","19":"sold-individually","20":"purchasable","21":"product-type-simple"},"_links":{"self":[{"href":"https:\/\/gpl-love.com\/fr\/wp-json\/wp\/v2\/product\/120464","targetHints":{"allow":["GET"]}}],"collection":[{"href":"https:\/\/gpl-love.com\/fr\/wp-json\/wp\/v2\/product"}],"about":[{"href":"https:\/\/gpl-love.com\/fr\/wp-json\/wp\/v2\/types\/product"}],"replies":[{"embeddable":true,"href":"https:\/\/gpl-love.com\/fr\/wp-json\/wp\/v2\/comments?post=120464"}],"wp:featuredmedia":[{"embeddable":true,"href":"https:\/\/gpl-love.com\/fr\/wp-json\/wp\/v2\/media\/145027"}],"wp:attachment":[{"href":"https:\/\/gpl-love.com\/fr\/wp-json\/wp\/v2\/media?parent=120464"}],"wp:term":[{"taxonomy":"product_brand","embeddable":true,"href":"https:\/\/gpl-love.com\/fr\/wp-json\/wp\/v2\/product_brand?post=120464"},{"taxonomy":"product_cat","embeddable":true,"href":"https:\/\/gpl-love.com\/fr\/wp-json\/wp\/v2\/product_cat?post=120464"},{"taxonomy":"product_tag","embeddable":true,"href":"https:\/\/gpl-love.com\/fr\/wp-json\/wp\/v2\/product_tag?post=120464"}],"curies":[{"name":"wp","href":"https:\/\/api.w.org\/{rel}","templated":true}]}}