{"id":120462,"date":"2025-01-26T00:00:00","date_gmt":"2025-01-25T23:00:00","guid":{"rendered":"https:\/\/gpl-love.com\/fr\/produit\/ht-banner-pour-elementor\/"},"modified":"2026-03-20T23:19:53","modified_gmt":"2026-03-20T22:19:53","slug":"ht-banner-pour-elementor","status":"publish","type":"product","link":"https:\/\/gpl-love.com\/fr\/produit\/ht-banner-pour-elementor\/","title":{"rendered":"HT Banner pour Elementor 1.0.5"},"content":{"rendered":"<h3>HT Banner pour Elementor Traits<\/h3>\n<p>HT Banner for Elementor est un plugin incroyablement polyvalent et convivial qui offre une multitude de fonctionnalit\u00e9s, ce qui en fait un choix de haut niveau pour cr\u00e9er des banni\u00e8res accrocheuses pour votre site Web sans effort. Ce plugin offre une vaste gamme d&rsquo;options de personnalisation, vous permettant de modifier facilement les dimensions, la mise en page, la typographie et le sch\u00e9ma de couleurs de la banni\u00e8re pour s&rsquo;aligner parfaitement avec vos exigences sp\u00e9cifiques. Ce qui distingue HT Banner pour Elementor \u00e0 part, c&rsquo;est son interface utilisateur tr\u00e8s intuitive, con\u00e7ue pour r\u00e9pondre aux utilisateurs de tous les niveaux de comp\u00e9tence, y compris les d\u00e9butants. De plus, ce plugin poss\u00e8de une vaste collection de mod\u00e8les pr\u00e9-con\u00e7us, m\u00e9ticuleusement con\u00e7us pour produire des banni\u00e8res exceptionnelles en quelques minutes, projetant une aura professionnelle. Que votre objectif soit de promouvoir une vente, de pr\u00e9senter un nouveau produit ou simplement d&rsquo;am\u00e9liorer l&rsquo;attrait visuel de votre site Web, HT Banner for Elementor englobe tous les outils essentiels n\u00e9cessaires pour ex\u00e9cuter une campagne de banni\u00e8re r\u00e9ussie. Ne perdez plus de temps \u00e0 r\u00e9fl\u00e9chir, \u00e0 saisir l&rsquo;opportunit\u00e9 de t\u00e9l\u00e9charger HT Banner pour Elementor aujourd&rsquo;hui et de se lancer dans le voyage de cr\u00e9ation de banni\u00e8res captivantes qui aideront sans aucun doute \u00e0 atteindre vos objectifs de marketing en ligne.<\/p>\n<ul>\n<li>Banners en t\u00eate et pied de page personnalisables pour votre site Web Elementor<\/li>\n<li>Compatible avec n&rsquo;importe quel th\u00e8me Elementor<\/li>\n<li>Choisissez parmi une vari\u00e9t\u00e9 de mod\u00e8les de conception ou cr\u00e9ez le v\u00f4tre \u00e0 partir de z\u00e9ro<\/li>\n<li>Interface facile \u00e0 utiliser pour ajouter du texte, des images et d&rsquo;autres \u00e9l\u00e9ments<\/li>\n<li>Options pour ajouter des animations, des arri\u00e8re-plans et des effets pour faire ressortir votre banni\u00e8re<\/li>\n<li>La conception r\u00e9active mobile garantit que votre banni\u00e8re a fi\u00e8re allure sur n&rsquo;importe quel appareil<\/li>\n<li>L&rsquo;interface utilisateur intuitive et la documentation d\u00e9taill\u00e9e permettent aux d\u00e9butants de commencer facilement<\/li>\n<li>Les mises \u00e0 jour et le soutien r\u00e9guliers garantissent que votre banni\u00e8re reste \u00e0 jour et fonctionnelle<\/li>\n<li>La solution parfaite pour les entreprises, les blogueurs et toute personne cherche \u00e0 ajouter une touche professionnelle \u00e0 leur site Elementor.<\/li>\n<\/ul>\n","protected":false},"excerpt":{"rendered":"<p>HT Banner for Elementor est un plugin de banni\u00e8re remarquablement robuste et hautement personnalisable qui vous accorde la capacit\u00e9 remarquable de fa\u00e7onner des banni\u00e8res absolument \u00e0 couper le souffle pour votre site WordPress construit par Elementor. La puissance pure inh\u00e9rente \u00e0 HT Banner vous permet d&rsquo;incorporer sans effort des banni\u00e8res visuellement captivantes sur votre page d&rsquo;accueil ou toute autre pages souhait\u00e9es, capturant ainsi efficacement l&rsquo;attention des visiteurs de votre site et soumettant cette attention sur vos produits ou services exemplaires, pendant tout ce temps promouvant de toute promotion de tout Des offres sp\u00e9ciales que vous pouvez avoir, en obtenant un afflux amplifi\u00e9 d&rsquo;abonn\u00e9s et en pr\u00e9sentant de mani\u00e8re experte tout message que vous d\u00e9sirez. Avec l&rsquo;interface remarquablement conviviale de HT Banner, il suffit d&rsquo;un simple mouvement de glisser-d\u00e9brasse gamme d&rsquo;options \u00e0 choisir. De plus, HT Banner vous accorde la capacit\u00e9 unique de personnaliser les couleurs, les polices, les animations et de nombreux autres aspects, vous permettant d&rsquo;adapter chaque banni\u00e8re \u00e0 la perfection conform\u00e9ment \u00e0 votre vision artistique. B\u00e9n\u00e9ficiant d&rsquo;une interface intuitive et d&rsquo;une conception de mani\u00e8re impressionnante, HT Banner r\u00e9pond sans effort \u00e0 tous vos besoins en ce qui concerne les exigences promotionnelles de votre site Web, offrant un \u00e9ventail apparemment illimit\u00e9 de possibilit\u00e9s qui augmenteront sans aucun doute votre pr\u00e9sence en ligne \u00e0 des hauteurs sans pr\u00e9c\u00e9dent.<\/p>\n","protected":false},"featured_media":144202,"comment_status":"open","ping_status":"open","template":"","meta":[],"product_brand":[2435],"product_cat":[1189,1181,1186],"product_tag":[1231],"class_list":{"0":"post-120462","1":"product","2":"type-product","3":"status-publish","4":"has-post-thumbnail","6":"product_brand-codecanyon","7":"product_cat-personnalisation","8":"product_cat-plugins","9":"product_cat-wordpress-plugins","10":"product_tag-codecanyon","11":"member-discount","12":"discount-restricted","14":"first","15":"instock","16":"sale","17":"downloadable","18":"virtual","19":"sold-individually","20":"purchasable","21":"product-type-simple"},"_links":{"self":[{"href":"https:\/\/gpl-love.com\/fr\/wp-json\/wp\/v2\/product\/120462","targetHints":{"allow":["GET"]}}],"collection":[{"href":"https:\/\/gpl-love.com\/fr\/wp-json\/wp\/v2\/product"}],"about":[{"href":"https:\/\/gpl-love.com\/fr\/wp-json\/wp\/v2\/types\/product"}],"replies":[{"embeddable":true,"href":"https:\/\/gpl-love.com\/fr\/wp-json\/wp\/v2\/comments?post=120462"}],"wp:featuredmedia":[{"embeddable":true,"href":"https:\/\/gpl-love.com\/fr\/wp-json\/wp\/v2\/media\/144202"}],"wp:attachment":[{"href":"https:\/\/gpl-love.com\/fr\/wp-json\/wp\/v2\/media?parent=120462"}],"wp:term":[{"taxonomy":"product_brand","embeddable":true,"href":"https:\/\/gpl-love.com\/fr\/wp-json\/wp\/v2\/product_brand?post=120462"},{"taxonomy":"product_cat","embeddable":true,"href":"https:\/\/gpl-love.com\/fr\/wp-json\/wp\/v2\/product_cat?post=120462"},{"taxonomy":"product_tag","embeddable":true,"href":"https:\/\/gpl-love.com\/fr\/wp-json\/wp\/v2\/product_tag?post=120462"}],"curies":[{"name":"wp","href":"https:\/\/api.w.org\/{rel}","templated":true}]}}