{"id":120460,"date":"2023-10-09T00:00:00","date_gmt":"2023-10-08T22:00:00","guid":{"rendered":"https:\/\/gpl-love.com\/fr\/produit\/amp-pop-up\/"},"modified":"2026-03-20T22:54:34","modified_gmt":"2026-03-20T21:54:34","slug":"amp-pop-up","status":"publish","type":"product","link":"https:\/\/gpl-love.com\/fr\/produit\/amp-pop-up\/","title":{"rendered":"AMP Pop Up 1.5.26"},"content":{"rendered":"<h3>AMP Pop Up Traits<\/h3>\n<p>L&rsquo;AMP Pop Up est un outil extr\u00eamement polyvalent et remarquablement innovant qui vous permet de r\u00e9aliser des fen\u00eatres contextuelles captivantes et interactives sur votre site Web. Ses attributs conviviaux et ses mod\u00e8les personnalisables vous offrent la possibilit\u00e9 de fabriquer des fen\u00eatres contextuelles qui saisissent efficacement l&rsquo;attention de votre public, \u00e9largissent votre liste de diffusion, annoncent des promotions exclusives et entreprennent de nombreuses autres efforts b\u00e9n\u00e9fiques. L&rsquo;AMP Pop Up a \u00e9t\u00e9 m\u00e9ticuleusement con\u00e7u pour s&rsquo;int\u00e9grer parfaitement \u00e0 votre site Web, garantissant une exp\u00e9rience utilisateur transparente d\u00e9pourvue de tout impact pr\u00e9judiciable sur la vitesse de chargement de votre site. Que votre objectif principal tourne autour de l&rsquo;augmentation des conversions, du renforcement de l&rsquo;engagement ou de l&rsquo;\u00e9l\u00e9vation simplement de la fonctionnalit\u00e9 globale de votre site Web, soyez assur\u00e9 que l&rsquo;ampli appara\u00eet est sans \u00e9quivoque l&rsquo;outil id\u00e9al pour r\u00e9aliser vos aspirations.<\/p>\n<ul>\n<li>Petit design compact qui ne prendra pas trop de place sur votre bureau ou votre poste de travail<\/li>\n<li>Facile \u00e0 installer et \u00e0 configurer, aucune expertise technique requise<\/li>\n<li>Vous permet de basculer entre plusieurs sources audio rapidement et facilement<\/li>\n<li>Fournit une sortie audio de haute qualit\u00e9 pour une exp\u00e9rience d&rsquo;\u00e9coute plus immersive<\/li>\n<li>Compatible avec un large \u00e9ventail d&rsquo;appareils, y compris les ordinateurs portables, les ordinateurs de bureau, les consoles de jeu, et plus<\/li>\n<li>Les performances \u00e0 faible latence garantissent la lecture audio sans couture et r\u00e9duisent le d\u00e9calage ou les retards<\/li>\n<li>L\u00e9ger et portable, ce qui en fait une excellente option pour voyager ou utiliser en d\u00e9placement<\/li>\n<li>Comprend une gamme de ports d&rsquo;entr\u00e9e et de sortie, tels que USB, RCA et AUX, pour une flexibilit\u00e9 maximale<\/li>\n<li>Peut \u00eatre personnalis\u00e9 \u00e0 l&rsquo;aide de fonctionnalit\u00e9s avanc\u00e9es et de param\u00e8tres pour une exp\u00e9rience d&rsquo;\u00e9coute plus personnalis\u00e9e.<\/li>\n<\/ul>\n","protected":false},"excerpt":{"rendered":"<p>D\u00e9couvrez la plate-forme interactive et engageante ultime, AMP appara\u00eet. Cette plate-forme innovante offre un m\u00e9lange unique de technologie, de cr\u00e9ativit\u00e9 et d&rsquo;engagement des utilisateurs. L&rsquo;AMP Pop up s&rsquo;int\u00e8gre parfaitement \u00e0 votre appareil, vous permettant d&rsquo;acc\u00e9der sans effort \u00e0 un riche \u00e9ventail de contenu interactif. Maintenant, vous pouvez profiter de graphiques et d&rsquo;effets sonores de haute qualit\u00e9 qui garantissent une exp\u00e9rience immersive. Con\u00e7u avec la commodit\u00e9 des utilisateurs \u00e0 l&rsquo;esprit, la plate-forme est facile \u00e0 naviguer, ce qui le rend parfait pour les utilisateurs et les d\u00e9butants avertis en technologie. La plate-forme pop-up AMP n&rsquo;est pas seulement une question de divertissement; C&rsquo;est un outil pour amplifier votre productivit\u00e9 et votre efficacit\u00e9. Ses fonctionnalit\u00e9s avanc\u00e9es vous permettent de g\u00e9rer vos t\u00e2ches, de prendre des rendez-vous et de rester organis\u00e9. La plate-forme est \u00e9galement une plaque tournante pour l&rsquo;\u00e9ducation; Il offre une vaste collection de ressources pour l&rsquo;apprentissage et le d\u00e9veloppement. D\u00e9couvrez l&rsquo;avenir des plates-formes interactives avec une pop-up AMP.<\/p>\n","protected":false},"featured_media":143126,"comment_status":"open","ping_status":"open","template":"","meta":[],"product_brand":[2447],"product_cat":[1189,1181,1186],"product_tag":[2279],"class_list":{"0":"post-120460","1":"product","2":"type-product","3":"status-publish","4":"has-post-thumbnail","6":"product_brand-amp-wp","7":"product_cat-personnalisation","8":"product_cat-plugins","9":"product_cat-wordpress-plugins","10":"product_tag-amp-wp","11":"member-discount","12":"discount-restricted","14":"first","15":"instock","16":"sale","17":"downloadable","18":"virtual","19":"sold-individually","20":"purchasable","21":"product-type-simple"},"_links":{"self":[{"href":"https:\/\/gpl-love.com\/fr\/wp-json\/wp\/v2\/product\/120460","targetHints":{"allow":["GET"]}}],"collection":[{"href":"https:\/\/gpl-love.com\/fr\/wp-json\/wp\/v2\/product"}],"about":[{"href":"https:\/\/gpl-love.com\/fr\/wp-json\/wp\/v2\/types\/product"}],"replies":[{"embeddable":true,"href":"https:\/\/gpl-love.com\/fr\/wp-json\/wp\/v2\/comments?post=120460"}],"wp:featuredmedia":[{"embeddable":true,"href":"https:\/\/gpl-love.com\/fr\/wp-json\/wp\/v2\/media\/143126"}],"wp:attachment":[{"href":"https:\/\/gpl-love.com\/fr\/wp-json\/wp\/v2\/media?parent=120460"}],"wp:term":[{"taxonomy":"product_brand","embeddable":true,"href":"https:\/\/gpl-love.com\/fr\/wp-json\/wp\/v2\/product_brand?post=120460"},{"taxonomy":"product_cat","embeddable":true,"href":"https:\/\/gpl-love.com\/fr\/wp-json\/wp\/v2\/product_cat?post=120460"},{"taxonomy":"product_tag","embeddable":true,"href":"https:\/\/gpl-love.com\/fr\/wp-json\/wp\/v2\/product_tag?post=120460"}],"curies":[{"name":"wp","href":"https:\/\/api.w.org\/{rel}","templated":true}]}}