{"id":120456,"date":"2026-04-16T00:00:00","date_gmt":"2026-04-15T22:00:00","guid":{"rendered":"https:\/\/gpl-love.com\/fr\/produit\/modern-events-calendar-elementor-form-builder-add-on\/"},"modified":"2026-04-17T00:30:51","modified_gmt":"2026-04-16T22:30:51","slug":"modern-events-calendar-elementor-form-builder-add-on","status":"publish","type":"product","link":"https:\/\/gpl-love.com\/fr\/produit\/modern-events-calendar-elementor-form-builder-add-on\/","title":{"rendered":"Modern Events Calendar Elementor Form Builder Addon 1.7.0"},"content":{"rendered":"<h3>Modern Events Calendar Elementor Form Builder Addon Traits<\/h3>\n<p>Le Builder Addon de Formor de Calendar Elementor Events est un outil logiciel de pointe m\u00e9ticuleusement con\u00e7u pour am\u00e9liorer la convivialit\u00e9 et les fonctionnalit\u00e9s du plugin Calendrier des \u00e9v\u00e9nements modernes tr\u00e8s acclam\u00e9s. En int\u00e9grant cet addon remarquable, les utilisateurs peuvent fabriquer sans effort des formulaires personnalis\u00e9s en utilisant le constructeur de pages Elementor extr\u00eamement populaire. Par cons\u00e9quent, cette int\u00e9gration facilite la gestion rationalis\u00e9e de l&rsquo;enregistrement des \u00e9v\u00e9nements et des proc\u00e9dures de billetterie. Ind\u00e9niablement, cet addon est un atout indispensable pour les personnes cherchant \u00e0 fa\u00e7onner des sites Web d&rsquo;\u00e9v\u00e9nements impressionnants qui m\u00e9langent de mani\u00e8re transparente les fonctionnalit\u00e9s et l&rsquo;attrait visuel. Bless\u00e9e d&rsquo;une interface intuitive et conviviale, cet addon sert de solution paragon aux planificateurs d&rsquo;\u00e9v\u00e9nements, aux sp\u00e9cialistes du marketing et aux propri\u00e9taires d&rsquo;entreprise aspirant \u00e0 optimiser leurs flux de travail de gestion d&rsquo;\u00e9v\u00e9nements tout en cr\u00e9ant simultan\u00e9ment une exp\u00e9rience captivante et immersive pour leurs participants estim\u00e9s.<\/p>\n<ul>\n<li>S&rsquo;int\u00e8gre de mani\u00e8re transparente au plugin de g\u00e9n\u00e9rateur de formulaire Elementor.<\/li>\n<li>Permet une cr\u00e9ation facile de formulaires d&rsquo;enregistrement d&rsquo;\u00e9v\u00e9nements personnalis\u00e9s.<\/li>\n<li>Fournit une vari\u00e9t\u00e9 de mod\u00e8les de formulaires pr\u00e9d\u00e9finis.<\/li>\n<li>Options de personnalisation de formulaire flexible disponibles.<\/li>\n<li>Interface de glisser-d\u00e9poser intuitive.<\/li>\n<li>La conception hautement r\u00e9active assure la compatibilit\u00e9 sur une gamme d&rsquo;appareils.<\/li>\n<li>Capture et suit instantan\u00e9ment les donn\u00e9es des utilisateurs, rendant l&rsquo;organisation des \u00e9v\u00e9nements plus efficace.<\/li>\n<li>Fournit de puissants outils d&rsquo;analyse pour suivre et mesurer les performances des \u00e9v\u00e9nements.<\/li>\n<li>Prend en charge plusieurs passerelles de paiement pour le traitement transparent des paiements.<\/li>\n<li>Hosier-s\u00e9curis\u00e9 et conforme au RGPD, assurant la protection des donn\u00e9es des utilisateurs.<\/li>\n<\/ul>\n","protected":false},"excerpt":{"rendered":"<p>L&rsquo;incorporation de l&rsquo;addon de cr\u00e9ateur de formateurs d&rsquo;\u00e9l\u00e9ment des \u00e9v\u00e9nements modernes dans le r\u00e9pertoire des planificateurs d&rsquo;\u00e9v\u00e9nements et des organisateurs est cruciale. Ce plugin tr\u00e8s puissant offre la commodit\u00e9 de g\u00e9n\u00e9rer des formulaires d&rsquo;enregistrement d&rsquo;\u00e9v\u00e9nements personnalis\u00e9s sans effort directement dans l&rsquo;interface conviviale du constructeur de page Elementor. En utilisant la pl\u00e9thore des mod\u00e8les de formulaires pr\u00e9-con\u00e7us et des choix de conception \u00e0 votre disposition, vous pouvez produire rapidement des formes polies professionnellement qui capturent de mani\u00e8re transparente les enregistrements d&rsquo;\u00e9v\u00e9nements et englober un vaste \u00e9ventail d&rsquo;informations des participants. La nature intuitive des \u00e9v\u00e9nements modernes Calendar Elementor Formor Form Builder&rsquo;s Interface&rsquo;s Interface rationalise en outre les processus de configuration et de personnalisation pour tous les aspects de vos formulaires, facilitant la livraison d&rsquo;une exp\u00e9rience utilisateur in\u00e9gal\u00e9e \u00e0 vos participants \u00e0 l&rsquo;\u00e9v\u00e9nement.<\/p>\n","protected":false},"featured_media":144565,"comment_status":"open","ping_status":"open","template":"","meta":[],"product_brand":[2504],"product_cat":[1191,1181,1186],"product_tag":[1394],"class_list":{"0":"post-120456","1":"product","2":"type-product","3":"status-publish","4":"has-post-thumbnail","6":"product_brand-webnus","7":"product_cat-formes","8":"product_cat-plugins","9":"product_cat-wordpress-plugins","10":"product_tag-webnus","11":"member-discount","12":"discount-restricted","14":"first","15":"instock","16":"sale","17":"downloadable","18":"virtual","19":"sold-individually","20":"purchasable","21":"product-type-simple"},"_links":{"self":[{"href":"https:\/\/gpl-love.com\/fr\/wp-json\/wp\/v2\/product\/120456","targetHints":{"allow":["GET"]}}],"collection":[{"href":"https:\/\/gpl-love.com\/fr\/wp-json\/wp\/v2\/product"}],"about":[{"href":"https:\/\/gpl-love.com\/fr\/wp-json\/wp\/v2\/types\/product"}],"replies":[{"embeddable":true,"href":"https:\/\/gpl-love.com\/fr\/wp-json\/wp\/v2\/comments?post=120456"}],"wp:featuredmedia":[{"embeddable":true,"href":"https:\/\/gpl-love.com\/fr\/wp-json\/wp\/v2\/media\/144565"}],"wp:attachment":[{"href":"https:\/\/gpl-love.com\/fr\/wp-json\/wp\/v2\/media?parent=120456"}],"wp:term":[{"taxonomy":"product_brand","embeddable":true,"href":"https:\/\/gpl-love.com\/fr\/wp-json\/wp\/v2\/product_brand?post=120456"},{"taxonomy":"product_cat","embeddable":true,"href":"https:\/\/gpl-love.com\/fr\/wp-json\/wp\/v2\/product_cat?post=120456"},{"taxonomy":"product_tag","embeddable":true,"href":"https:\/\/gpl-love.com\/fr\/wp-json\/wp\/v2\/product_tag?post=120456"}],"curies":[{"name":"wp","href":"https:\/\/api.w.org\/{rel}","templated":true}]}}