{"id":120453,"date":"2021-12-06T00:00:00","date_gmt":"2021-12-05T23:00:00","guid":{"rendered":"https:\/\/gpl-love.com\/fr\/produit\/live-chat-facebook-wordpress-plugin\/"},"modified":"2026-03-20T23:22:40","modified_gmt":"2026-03-20T22:22:40","slug":"live-chat-facebook-wordpress-plugin","status":"publish","type":"product","link":"https:\/\/gpl-love.com\/fr\/produit\/live-chat-facebook-wordpress-plugin\/","title":{"rendered":"Live Chat Facebook WordPress Plugin 1.0.1"},"content":{"rendered":"<h3>Live Chat Facebook WordPress Plugin Traits<\/h3>\n<p>Le plugin WordPress Facebook en direct, qui est un outil remarquablement puissant, offre aux entreprises la possibilit\u00e9 de s&rsquo;engager dans une communication en temps r\u00e9el avec leurs clients estim\u00e9s. En int\u00e9grant Facebook Messenger \u00e0 leur site Web WordPress, les entreprises peuvent sans effort faciliter les chats directs avec leurs clients. Le plugin poss\u00e8de une interface qui est extr\u00eamement conviviale, accordant aux entreprises un acc\u00e8s transparent aux conversations de chat et permettant des r\u00e9ponses rapides aux demandes des clients, augmentant ainsi l&rsquo;exp\u00e9rience globale du service client. Le plugin WordPress Facebook en direct sert de catalyseur pour l&rsquo;engagement des clients augment\u00e9s, l&rsquo;\u00e9tablissement de la confiance et l&rsquo;am\u00e9lioration de la r\u00e9putation. Il n&rsquo;est pas surprenant que ce plugin soit consid\u00e9r\u00e9 comme un actif indispensable pour toute entreprise qui cherche \u00e0 fournir un service client in\u00e9gal\u00e9 et \u00e0 renforcer la satisfaction du client.<\/p>\n<ul>\n<li>Engagez-vous avec les visiteurs de votre site Web en temps r\u00e9el gr\u00e2ce \u00e0 l&rsquo;utilisation de l&rsquo;int\u00e9gration de chat en direct Facebook<\/li>\n<li>Int\u00e9grez de mani\u00e8re transparente la fonction de chat Facebook Live dans votre site Web WordPress en quelques clics<\/li>\n<li>Offrez une exp\u00e9rience personnalis\u00e9e et interactive \u00e0 vos visiteurs qui encourage l&rsquo;engagement et peut entra\u00eener une augmentation des ventes<\/li>\n<li>Personnalisez la fonctionnalit\u00e9 de chat Facebook en direct pour correspondre \u00e0 la marque et au style de votre site Web pour une apparence coh\u00e9rente<\/li>\n<li>G\u00e9rer et r\u00e9pondre facilement aux messages de chat en direct Facebook dans la plate-forme WordPress sans avoir besoin de logiciels ou d&rsquo;outils suppl\u00e9mentaires<\/li>\n<li>Gardez des informations pr\u00e9cieuses sur les pr\u00e9f\u00e9rences et les besoins de vos visiteurs gr\u00e2ce aux donn\u00e9es collect\u00e9es \u00e0 partir de la fonction de chat Facebook en direct<\/li>\n<li>Soutenez le succ\u00e8s de votre entreprise en tirant parti de la puissance des m\u00e9dias sociaux et du support de chat en direct via le plugin WordPress Facebook en direct.<\/li>\n<\/ul>\n","protected":false},"excerpt":{"rendered":"<p>Notre plugin WordPress Facebook en direct propose une solution compl\u00e8te pour am\u00e9liorer le calibre du support client sur votre site Web WordPress gr\u00e2ce \u00e0 l&rsquo;int\u00e9gration transparente de Facebook Messenger, en facilitant la communication en temps r\u00e9el avec les visiteurs du site Web et en permettant des r\u00e9ponses rapides et imm\u00e9diates \u00e0 leurs demandes. L&rsquo;installation et l&rsquo;utilisation de ce plugin sont sans effort, garantissant une augmentation des taux de satisfaction et de r\u00e9tention des clients. Pr\u00e9parez-vous \u00e0 fournir un soutien efficace et personnalis\u00e9 \u00e0 votre client\u00e8le estim\u00e9e en utilisant notre plugin WordPress Facebook de chat en direct!<\/p>\n","protected":false},"featured_media":144389,"comment_status":"open","ping_status":"open","template":"","meta":[],"product_brand":[2435],"product_cat":[1189,1181,1186],"product_tag":[1231],"class_list":{"0":"post-120453","1":"product","2":"type-product","3":"status-publish","4":"has-post-thumbnail","6":"product_brand-codecanyon","7":"product_cat-personnalisation","8":"product_cat-plugins","9":"product_cat-wordpress-plugins","10":"product_tag-codecanyon","11":"member-discount","12":"discount-restricted","14":"first","15":"instock","16":"sale","17":"downloadable","18":"virtual","19":"sold-individually","20":"purchasable","21":"product-type-simple"},"_links":{"self":[{"href":"https:\/\/gpl-love.com\/fr\/wp-json\/wp\/v2\/product\/120453","targetHints":{"allow":["GET"]}}],"collection":[{"href":"https:\/\/gpl-love.com\/fr\/wp-json\/wp\/v2\/product"}],"about":[{"href":"https:\/\/gpl-love.com\/fr\/wp-json\/wp\/v2\/types\/product"}],"replies":[{"embeddable":true,"href":"https:\/\/gpl-love.com\/fr\/wp-json\/wp\/v2\/comments?post=120453"}],"wp:featuredmedia":[{"embeddable":true,"href":"https:\/\/gpl-love.com\/fr\/wp-json\/wp\/v2\/media\/144389"}],"wp:attachment":[{"href":"https:\/\/gpl-love.com\/fr\/wp-json\/wp\/v2\/media?parent=120453"}],"wp:term":[{"taxonomy":"product_brand","embeddable":true,"href":"https:\/\/gpl-love.com\/fr\/wp-json\/wp\/v2\/product_brand?post=120453"},{"taxonomy":"product_cat","embeddable":true,"href":"https:\/\/gpl-love.com\/fr\/wp-json\/wp\/v2\/product_cat?post=120453"},{"taxonomy":"product_tag","embeddable":true,"href":"https:\/\/gpl-love.com\/fr\/wp-json\/wp\/v2\/product_tag?post=120453"}],"curies":[{"name":"wp","href":"https:\/\/api.w.org\/{rel}","templated":true}]}}