{"id":120451,"date":"2022-04-15T00:00:00","date_gmt":"2022-04-14T22:00:00","guid":{"rendered":"https:\/\/gpl-love.com\/fr\/produit\/heilz-digital-downloads-et-marketplace-wordpress-theme\/"},"modified":"2026-03-20T23:19:26","modified_gmt":"2026-03-20T22:19:26","slug":"heilz-digital-downloads-et-marketplace-wordpress-theme","status":"publish","type":"product","link":"https:\/\/gpl-love.com\/fr\/produit\/heilz-digital-downloads-et-marketplace-wordpress-theme\/","title":{"rendered":"Heilz Digital Downloads et Marketplace WordPress Theme 1.0.0.7.3"},"content":{"rendered":"<h3>Heilz Digital Downloads et Marketplace WordPress Theme Traits<\/h3>\n<p>Le th\u00e8me des t\u00e9l\u00e9chargements num\u00e9riques Heilz et WordPress Marketplace est un th\u00e8me de mani\u00e8re d\u00e9licieusement con\u00e7ue et contemporain sp\u00e9cifiquement adapt\u00e9 aux individus et aux entreprises aspirant \u00e0 \u00e9tablir un march\u00e9 virtuel pour l&rsquo;\u00e9change de produits num\u00e9riques. B\u00e9n\u00e9ficiant d&rsquo;une disposition immacul\u00e9e et adaptable, ce th\u00e8me est la quintessence de l&rsquo;excellence lorsqu&rsquo;il s&rsquo;agit de pr\u00e9senter une vari\u00e9t\u00e9 de produits num\u00e9riques comme des livres \u00e9lectroniques, des logiciels, des m\u00e9lodies m\u00e9lodieuses et bien plus encore. Il est \u00e9quip\u00e9 d&rsquo;une gamme de fonctionnalit\u00e9s louables qui visent \u00e0 faciliter la gestion transparente de votre march\u00e9 en ligne, englobant un m\u00e9canisme de recherche remarquablement puissant, une vaste s\u00e9lection de passerelles de paiement et un tableau de bord du fournisseur navigable sans effort. En outre, ce th\u00e8me vante sa personnalisation in\u00e9gal\u00e9e, le rendant compatible avec divers langages, devises et taux d&rsquo;imposition. Tout bien consid\u00e9r\u00e9, les t\u00e9l\u00e9chargements num\u00e9riques Heilz et le th\u00e8me WordPress du march\u00e9 appara\u00eet comme une option vraiment exceptionnelle pour tout individu ou entit\u00e9 s&rsquo;effor\u00e7ant de construire un march\u00e9 en ligne florissant et prosp\u00e8re.<\/p>\n<ul>\n<li>Un th\u00e8me WordPress polyvalent et convivial con\u00e7u pour le t\u00e9l\u00e9chargement num\u00e9rique et les sites de march\u00e9<\/li>\n<li>Enti\u00e8rement r\u00e9actif et optimis\u00e9 pour divers appareils, assurant une exp\u00e9rience utilisateur transparente<\/li>\n<li>Livr\u00e9 avec des mod\u00e8les pr\u00e9fabriqu\u00e9s et des options personnalisables pour faciliter la construction de sites<\/li>\n<li>Syst\u00e8me de paiement et de paiement int\u00e9gr\u00e9 pour les transactions s\u00e9curis\u00e9es et pratiques<\/li>\n<li>Int\u00e9grations de passerelle de paiement multiples, y compris PayPal et Stripe<\/li>\n<li>Fournit des options de recherche et de filtrage avanc\u00e9es pour aider les clients \u00e0 trouver ce qu&rsquo;ils recherchent<\/li>\n<li>Offre un syst\u00e8me d&rsquo;examen et de notation pour que les acheteurs fournissent des commentaires et augmentent la cr\u00e9dibilit\u00e9 aux vendeurs<\/li>\n<li>\u00c9quip\u00e9 d&rsquo;une int\u00e9gration des m\u00e9dias sociaux pour une port\u00e9e d&rsquo;audience plus large et un engagement des utilisateurs<\/li>\n<li>Fournit une documentation compl\u00e8te et un support client gratuit pour une configuration et une maintenance faciles.<\/li>\n<\/ul>\n","protected":false},"excerpt":{"rendered":"<p>Nous sommes ravis de vous pr\u00e9senter les t\u00e9l\u00e9chargements num\u00e9riques Heilz et le th\u00e8me WordPress de Marketplace, qui sert de solution ultime pour ceux qui cherchent \u00e0 vendre des produits num\u00e9riques et \u00e0 \u00e9tablir un march\u00e9 en ligne florissant. B\u00e9n\u00e9ficiant d&rsquo;une conception esth\u00e9tique et contemporaine, ainsi que la fourniture d&rsquo;options de mise en page personnalisables, l&rsquo;int\u00e9gration transparente avec les plugins de commerce \u00e9lectronique et la gestion simplifi\u00e9e des utilisateurs, ce th\u00e8me rationalise le processus de t\u00e9l\u00e9chargement, d&rsquo;organisation et de vente de produits num\u00e9riques. Ind\u00e9pendamment de savoir si votre Forte r\u00e9side dans la vente de livres \u00e9lectroniques, de logiciels, de musique ou de toute autre forme de contenu num\u00e9rique, le th\u00e8me Heilz englobe toutes les fonctionnalit\u00e9s n\u00e9cessaires pour pr\u00e9senter efficacement vos produits et \u00e9tendre vos entreprises commerciales num\u00e9riques. Ne perdez pas de temps et lancez ce voyage passionnant aujourd&rsquo;hui, propulsant votre march\u00e9 num\u00e9rique \u00e0 des hauteurs sans pr\u00e9c\u00e9dent!<\/p>\n","protected":false},"featured_media":144172,"comment_status":"open","ping_status":"open","template":"","meta":[],"product_brand":[2433],"product_cat":[1238,1851,1212],"product_tag":[1366],"class_list":{"0":"post-120451","1":"product","2":"type-product","3":"status-publish","4":"has-post-thumbnail","6":"product_brand-themeforest","7":"product_cat-commerce-electronique-themes","8":"product_cat-entreprise-commerce-electronique-themes","9":"product_cat-themes","10":"product_tag-themeforest","11":"member-discount","12":"discount-restricted","14":"first","15":"instock","16":"sale","17":"downloadable","18":"virtual","19":"sold-individually","20":"purchasable","21":"product-type-simple"},"_links":{"self":[{"href":"https:\/\/gpl-love.com\/fr\/wp-json\/wp\/v2\/product\/120451","targetHints":{"allow":["GET"]}}],"collection":[{"href":"https:\/\/gpl-love.com\/fr\/wp-json\/wp\/v2\/product"}],"about":[{"href":"https:\/\/gpl-love.com\/fr\/wp-json\/wp\/v2\/types\/product"}],"replies":[{"embeddable":true,"href":"https:\/\/gpl-love.com\/fr\/wp-json\/wp\/v2\/comments?post=120451"}],"wp:featuredmedia":[{"embeddable":true,"href":"https:\/\/gpl-love.com\/fr\/wp-json\/wp\/v2\/media\/144172"}],"wp:attachment":[{"href":"https:\/\/gpl-love.com\/fr\/wp-json\/wp\/v2\/media?parent=120451"}],"wp:term":[{"taxonomy":"product_brand","embeddable":true,"href":"https:\/\/gpl-love.com\/fr\/wp-json\/wp\/v2\/product_brand?post=120451"},{"taxonomy":"product_cat","embeddable":true,"href":"https:\/\/gpl-love.com\/fr\/wp-json\/wp\/v2\/product_cat?post=120451"},{"taxonomy":"product_tag","embeddable":true,"href":"https:\/\/gpl-love.com\/fr\/wp-json\/wp\/v2\/product_tag?post=120451"}],"curies":[{"name":"wp","href":"https:\/\/api.w.org\/{rel}","templated":true}]}}