{"id":120449,"date":"2025-08-25T00:00:00","date_gmt":"2025-08-24T22:00:00","guid":{"rendered":"https:\/\/gpl-love.com\/fr\/produit\/geeks-online-learning-marketplace-wordpress-theme\/"},"modified":"2026-03-20T23:16:02","modified_gmt":"2026-03-20T22:16:02","slug":"geeks-online-learning-marketplace-wordpress-theme","status":"publish","type":"product","link":"https:\/\/gpl-love.com\/fr\/produit\/geeks-online-learning-marketplace-wordpress-theme\/","title":{"rendered":"Geeks Online Learning Marketplace WordPress Theme 1.2.36"},"content":{"rendered":"<h3>Geeks Online Learning Marketplace WordPress Theme Traits<\/h3>\n<p>Le th\u00e8me WordPress du march\u00e9 des geeks en ligne est un outil incroyablement polyvalent et remarquablement puissant qui permet aux entrepreneurs, aux \u00e9ducateurs et aux propri\u00e9taires d&rsquo;entreprise d&rsquo;\u00e9tablir et de cultiver sans effort une plate-forme d&rsquo;apprentissage en ligne dynamique florissante. Ce th\u00e8me d\u00e9licieusement fabriqu\u00e9 a \u00e9t\u00e9 soigneusement con\u00e7u pour r\u00e9pondre aux besoins uniques et divers des personnes qui aspirent \u00e0 vendre ou \u00e0 diffuser une vaste gamme de cours en ligne, de tutoriels ou de contenu p\u00e9dagogique pour les apprenants impatients dispers\u00e9s dans tout le globe. B\u00e9n\u00e9ficiant d&rsquo;une interface incroyablement conviviale et d&rsquo;une impressionnante gamme de fonctionnalit\u00e9s remplies de fonctionnalit\u00e9s, ce th\u00e8me offre \u00e0 ses utilisateurs des options de personnalisation in\u00e9gal\u00e9es, leur permettant de fa\u00e7onner une plate-forme vraiment unique et totalement personnalis\u00e9e qui se distingue sans effort de la chose comp\u00e9tition saturant. Sans aucun doute, le th\u00e8me des geeks en ligne sur l&rsquo;apprentissage en ligne repr\u00e9sente la quintessence d&rsquo;une solution id\u00e9ale pour quiconque cherche avec ferveur \u00e0 \u00e9tablir un march\u00e9 d&rsquo;apprentissage en ligne complexe, incontestablement professionnel et ind\u00e9niablement contemporain qui non seulement \u00e9blouit avec son esth\u00e9tique impeccable, mais assure \u00e9galement la facilit\u00e9 de navigation, de propulser, de propulser, de se propager, mais aussi Votre entreprise \u00e0 de nouveaux sommets et vous permettant de r\u00e9volutionner le domaine de l&rsquo;\u00e9ducation en ligne tel que vous le savez.<\/p>\n<ul>\n<li>Th\u00e8me WordPress enti\u00e8rement personnalisable et convivial con\u00e7u pour cr\u00e9er des march\u00e9s d&rsquo;apprentissage en ligne<\/li>\n<li>Comprend des fonctionnalit\u00e9s int\u00e9gr\u00e9es pour la gestion des cours, les profils d&rsquo;utilisateurs et le traitement des paiements<\/li>\n<li>Prend en charge plusieurs passerelles de paiement, notamment PayPal, Stripe et Authorize.net<\/li>\n<li>Int\u00e9gr\u00e9 avec des plugins LMS populaires comme LearnDash, Le lifterlms et les didacticiels WP<\/li>\n<li>Livr\u00e9 avec 5+ mises en page pr\u00e9-con\u00e7ues et options de couleurs illimit\u00e9es<\/li>\n<li>Propose une conception r\u00e9active optimis\u00e9e pour les appareils mobiles<\/li>\n<li>Compatible avec les plugins WordPress premium populaires comme Yoast SEO, les formulaires de gravit\u00e9 et les WPFORM<\/li>\n<li>Facile \u00e0 installer et \u00e0 configurer avec une fonction d&rsquo;importation de d\u00e9monstration en un clic<\/li>\n<li>Comprend une documentation d\u00e9taill\u00e9e et des mises \u00e0 jour gratuites et une prise en charge<\/li>\n<li>Vous permet de mon\u00e9tiser votre march\u00e9 d&rsquo;apprentissage en ligne en facturant des frais de commission pour les ventes de cours.<\/li>\n<\/ul>\n","protected":false},"excerpt":{"rendered":"<p>Le th\u00e8me WordPress du march\u00e9 d&rsquo;apprentissage en ligne Geeks se pr\u00e9sente comme la r\u00e9solution id\u00e9ale pour les personnes cherchant \u00e0 \u00e9tablir une plate-forme d&rsquo;apprentissage en ligne compl\u00e8te. Ce th\u00e8me exceptionnellement adaptable offre une cr\u00e9ation et une administration sans effort de cours, une exploration et des inscriptions transparentes dans diverses classes, ainsi qu&rsquo;une interaction transparente avec d&rsquo;autres apprenants et instructeurs. De plus, le th\u00e8me peut \u00eatre adapt\u00e9 sans effort pour s&rsquo;aligner sur votre marque unique et compl\u00e9t\u00e9 avec votre propre contenu personnalis\u00e9. En outre, gr\u00e2ce \u00e0 ses options de mon\u00e9tisation int\u00e9gr\u00e9es, le th\u00e8me permet la vente de cours, les abonnements \u00e0 l&rsquo;adh\u00e9sion et un \u00e9ventail d&rsquo;autres sources de revenus potentiels. Essentiellement, le th\u00e8me WordPress du march\u00e9 d&rsquo;apprentissage en ligne GEEKS est l&rsquo;instrument consomm\u00e9 pour ceux qui aspirent \u00e0 avoir un impact profond dans le domaine de l&rsquo;\u00e9ducation en ligne.<\/p>\n","protected":false},"featured_media":143954,"comment_status":"open","ping_status":"open","template":"","meta":[],"product_brand":[2433],"product_cat":[1242,1212,1213],"product_tag":[1366],"class_list":{"0":"post-120449","1":"product","2":"type-product","3":"status-publish","4":"has-post-thumbnail","6":"product_brand-themeforest","7":"product_cat-creatif","8":"product_cat-themes","9":"product_cat-wordpress-themes","10":"product_tag-themeforest","11":"member-discount","12":"discount-restricted","14":"first","15":"instock","16":"sale","17":"downloadable","18":"virtual","19":"sold-individually","20":"purchasable","21":"product-type-simple"},"_links":{"self":[{"href":"https:\/\/gpl-love.com\/fr\/wp-json\/wp\/v2\/product\/120449","targetHints":{"allow":["GET"]}}],"collection":[{"href":"https:\/\/gpl-love.com\/fr\/wp-json\/wp\/v2\/product"}],"about":[{"href":"https:\/\/gpl-love.com\/fr\/wp-json\/wp\/v2\/types\/product"}],"replies":[{"embeddable":true,"href":"https:\/\/gpl-love.com\/fr\/wp-json\/wp\/v2\/comments?post=120449"}],"wp:featuredmedia":[{"embeddable":true,"href":"https:\/\/gpl-love.com\/fr\/wp-json\/wp\/v2\/media\/143954"}],"wp:attachment":[{"href":"https:\/\/gpl-love.com\/fr\/wp-json\/wp\/v2\/media?parent=120449"}],"wp:term":[{"taxonomy":"product_brand","embeddable":true,"href":"https:\/\/gpl-love.com\/fr\/wp-json\/wp\/v2\/product_brand?post=120449"},{"taxonomy":"product_cat","embeddable":true,"href":"https:\/\/gpl-love.com\/fr\/wp-json\/wp\/v2\/product_cat?post=120449"},{"taxonomy":"product_tag","embeddable":true,"href":"https:\/\/gpl-love.com\/fr\/wp-json\/wp\/v2\/product_tag?post=120449"}],"curies":[{"name":"wp","href":"https:\/\/api.w.org\/{rel}","templated":true}]}}