{"id":120445,"date":"2025-08-17T00:00:00","date_gmt":"2025-08-16T22:00:00","guid":{"rendered":"https:\/\/gpl-love.com\/fr\/produit\/miraculous-online-music-store-wordpress-theme\/"},"modified":"2026-04-10T18:31:38","modified_gmt":"2026-04-10T16:31:38","slug":"miraculous-online-music-store-wordpress-theme","status":"publish","type":"product","link":"https:\/\/gpl-love.com\/fr\/produit\/miraculous-online-music-store-wordpress-theme\/","title":{"rendered":"Miraculous Online Music Store WordPress Theme 2.0.9"},"content":{"rendered":"<h3>Miraculous Online Music Store WordPress Theme Traits<\/h3>\n<p>Le th\u00e8me Miraculous Online Music Store WordPress est un th\u00e8me incroyablement robuste et plein de fonctionnalit\u00e9s qui a \u00e9t\u00e9 m\u00e9ticuleusement con\u00e7u dans le seul but de r\u00e9pondre aux besoins uniques des magasins de musique en ligne. Ce th\u00e8me poss\u00e8de un design tr\u00e8s r\u00e9actif, garantissant que votre site Web sera absolument \u00e9tonnant sur un large \u00e9ventail d&rsquo;appareils, quelle que soit leur taille d&rsquo;\u00e9cran ou leur r\u00e9solution. L&rsquo;interface conviviale de ce th\u00e8me vous permet de cr\u00e9er sans effort des sites Web de magasins de musique captivants visuellement en quelques clics simples, en vous \u00e9pargnant la n\u00e9cessit\u00e9 de poss\u00e9der une expertise technique ou des connaissances en conception Web. En outre, les vastes options de personnalisation que ce th\u00e8me offre vous accordent la libert\u00e9 d&rsquo;adapter m\u00e9ticuleusement tous les aspects de votre site Web pour s&rsquo;aligner parfaitement avec vos pr\u00e9f\u00e9rences et exigences individuelles. Gr\u00e2ce \u00e0 l&rsquo;inclusion d&rsquo;une fonction de recherche avanc\u00e9e, vos pr\u00e9cieux clients pourront naviguer sans effort dans votre vaste collection de musique, localiser rapidement les pistes souhait\u00e9es et am\u00e9liorer leur exp\u00e9rience d&rsquo;achat globale. De plus, le lecteur int\u00e9gr\u00e9 que ce th\u00e8me fournit permet \u00e0 vos clients estim\u00e9s de pr\u00e9visualiser les pistes avant de faire un achat, leur permettant de prendre des d\u00e9cisions \u00e9clair\u00e9es et de leur fournir un sentiment de satisfaction accru. De plus, la compatibilit\u00e9 transparente de ce th\u00e8me avec le plugin WooCommerce extr\u00eamement populaire vous permet de vendre sans effort votre musique et vos marchandises directement de votre site Web, \u00e9liminant le besoin de plateformes ou interm\u00e9diaires tiers. Que vous soyez un artiste de musique talentueux, une \u00e9tiquette de musique renomm\u00e9e ou un propri\u00e9taire de magasin de musique visionnaire, le th\u00e8me Miraculous Online Music Store WordPress est la solution par excellence, vous \u00e9quipant sans effort de tous les outils et ressources n\u00e9cessaires pour \u00e9tablir un Pr\u00e9sence en ligne hautement professionnelle et visuellement captivante qui r\u00e9sonnera \u00e0 coup s\u00fbr avec votre public cible et renforcez consid\u00e9rablement votre succ\u00e8s global.<\/p>\n<ul>\n<li>Th\u00e8me WordPress hautement personnalisable pour les magasins de musique en ligne<\/li>\n<li>Offre un design \u00e9l\u00e9gant et moderne qui est visuellement attrayant pour les clients<\/li>\n<li>Compatible avec tous les principaux navigateurs Web et r\u00e9actifs sur les appareils mobiles<\/li>\n<li>Comprend un puissant lecteur de musique qui permet aux clients d&rsquo;\u00e9couter des morceaux avant d&rsquo;acheter<\/li>\n<li>Optimis\u00e9 pour les moteurs de recherche pour aider \u00e0 attirer de nouveaux clients<\/li>\n<li>Int\u00e9gration transparente avec WooCommerce pour des transactions en ligne faciles<\/li>\n<li>Livr\u00e9 avec une vari\u00e9t\u00e9 de mod\u00e8les pr\u00e9d\u00e9finis pour les pages de produits, les pages d&rsquo;accueil et plus<\/li>\n<li>Plusieurs sch\u00e9mas de couleurs \u00e0 choisir pour une personnalisation ultime<\/li>\n<li>Options de partage des m\u00e9dias sociaux int\u00e9gr\u00e9s pour vous aider \u00e0 promouvoir votre contenu<\/li>\n<li>Prise en charge et mises \u00e0 jour illimit\u00e9es incluses avec l&rsquo;achat.<\/li>\n<\/ul>\n","protected":false},"excerpt":{"rendered":"<p>Permettez-nous de vous pr\u00e9senter le th\u00e8me WordPress extraordinaire et impressionnant Miraculous en ligne Miraculous, une solution impeccable et in\u00e9gal\u00e9e sp\u00e9cifiquement organis\u00e9e et adapt\u00e9e aux propri\u00e9taires de magasins de musique qui aspirent \u00e0 \u00e9tablir et \u00e0 solidifier leur pr\u00e9sence en ligne remarquable et remarquable. Ce th\u00e8me exceptionnellement avanc\u00e9 et multiforme vous accorde une gamme abondante de possibilit\u00e9s de personnalisation illimit\u00e9es, allant d&rsquo;un assortiment de sch\u00e9mas de couleurs divers et vari\u00e9s \u00e0 une myriade d&rsquo;options de mise en page. De plus, ce th\u00e8me est ing\u00e9nieusement con\u00e7u pour \u00eatre pleinement r\u00e9actif, garantissant que votre site Web m\u00e9ticuleusement con\u00e7u rayonnera une pure impie et une perfection absolue sur une vaste gamme d&rsquo;appareils.<\/p>\n","protected":false},"featured_media":144550,"comment_status":"open","ping_status":"open","template":"","meta":[],"product_brand":[2433],"product_cat":[1242,1212,1213],"product_tag":[1366],"class_list":{"0":"post-120445","1":"product","2":"type-product","3":"status-publish","4":"has-post-thumbnail","6":"product_brand-themeforest","7":"product_cat-creatif","8":"product_cat-themes","9":"product_cat-wordpress-themes","10":"product_tag-themeforest","11":"member-discount","12":"discount-restricted","14":"first","15":"instock","16":"sale","17":"downloadable","18":"virtual","19":"sold-individually","20":"purchasable","21":"product-type-simple"},"_links":{"self":[{"href":"https:\/\/gpl-love.com\/fr\/wp-json\/wp\/v2\/product\/120445","targetHints":{"allow":["GET"]}}],"collection":[{"href":"https:\/\/gpl-love.com\/fr\/wp-json\/wp\/v2\/product"}],"about":[{"href":"https:\/\/gpl-love.com\/fr\/wp-json\/wp\/v2\/types\/product"}],"replies":[{"embeddable":true,"href":"https:\/\/gpl-love.com\/fr\/wp-json\/wp\/v2\/comments?post=120445"}],"wp:featuredmedia":[{"embeddable":true,"href":"https:\/\/gpl-love.com\/fr\/wp-json\/wp\/v2\/media\/144550"}],"wp:attachment":[{"href":"https:\/\/gpl-love.com\/fr\/wp-json\/wp\/v2\/media?parent=120445"}],"wp:term":[{"taxonomy":"product_brand","embeddable":true,"href":"https:\/\/gpl-love.com\/fr\/wp-json\/wp\/v2\/product_brand?post=120445"},{"taxonomy":"product_cat","embeddable":true,"href":"https:\/\/gpl-love.com\/fr\/wp-json\/wp\/v2\/product_cat?post=120445"},{"taxonomy":"product_tag","embeddable":true,"href":"https:\/\/gpl-love.com\/fr\/wp-json\/wp\/v2\/product_tag?post=120445"}],"curies":[{"name":"wp","href":"https:\/\/api.w.org\/{rel}","templated":true}]}}