{"id":120443,"date":"2022-02-08T00:00:00","date_gmt":"2022-02-07T23:00:00","guid":{"rendered":"https:\/\/gpl-love.com\/fr\/produit\/autusin-auto-partsand-car-accessories-shop-elementor-woocommerce-wordpress-theme\/"},"modified":"2026-03-20T22:55:42","modified_gmt":"2026-03-20T21:55:42","slug":"autusin-auto-partsand-car-accessories-shop-elementor-woocommerce-wordpress-theme","status":"publish","type":"product","link":"https:\/\/gpl-love.com\/fr\/produit\/autusin-auto-partsand-car-accessories-shop-elementor-woocommerce-wordpress-theme\/","title":{"rendered":"Autusin Auto Partsand Car Accessories Shop Elementor WooCommerce WordPress Theme 2.3.2"},"content":{"rendered":"<h3>Autusin Auto Partsand Car Accessories Shop Elementor WooCommerce WordPress Theme Traits<\/h3>\n<p>Le th\u00e8me WOOCOMMERCE WOOCOMMERCE WORDPRESS AUTUSIN AUTO AUTO AUTO AUTO est un th\u00e8me exceptionnellement puissant et \u00e9l\u00e9gant qui a \u00e9t\u00e9 magistralement con\u00e7u exclusivement pour l&rsquo;industrie automobile. Ce th\u00e8me poss\u00e8de une conception remarquablement r\u00e9active, ce qui lui permet de s&rsquo;adapter de mani\u00e8re transparente \u00e0 diverses tailles d&rsquo;\u00e9cran, et il offre \u00e9galement une vaste gamme d&rsquo;options personnalisables via le constructeur de page d&rsquo;\u00e9l\u00e9ment incroyablement polyvalent. En exploitant la puissance de ce th\u00e8me, les magasins de pi\u00e8ces et d&rsquo;accessoires automobiles peuvent pr\u00e9senter efficacement leur large gamme de produits et services d&rsquo;une mani\u00e8re incroyablement contemporaine et ind\u00e9niablement professionnelle.<\/p>\n<p>En outre, l&rsquo;int\u00e9gration de WooCommerce dans ce th\u00e8me permet aux clients la commodit\u00e9 des achats en ligne sans effort et une vaste s\u00e9lection d&rsquo;options de paiement s\u00e9curis\u00e9es. Comme si cela n&rsquo;\u00e9tait pas assez impressionnant, le th\u00e8me WOOCOMMERCE WORDPRESS AUTUSIN AUTO AUTO AUTO ET ACCESSOIRES WOOCOMMERCE EXCELISE \u00e9galement en termes de capacit\u00e9s d&rsquo;optimisation SEO sup\u00e9rieures. Cette fonctionnalit\u00e9 inestimable garantit que votre site Web obtiendra une visibilit\u00e9 optimale sur divers moteurs de recherche, maximisant ainsi sa port\u00e9e et attirant un afflux substantiel de trafic organique.<\/p>\n<p>Ce qui distingue vraiment ce th\u00e8me exceptionnel de ses concurrents, c&rsquo;est son interface remarquablement conviviale et son assortiment solide de fonctionnalit\u00e9s. Avec le th\u00e8me WOOCOMMERCE WORDPRESS AUTO AUTO AUTO AUTO AUTO ENTRA, toute entreprise automobile, quelle que soit sa taille ou sa nature, peut \u00e9tablir sans effort une pr\u00e9sence en ligne dominante. Donc, que vous exploitiez un petit magasin de pi\u00e8ces automobiles ou une boutique d&rsquo;accessoires de voiture tentaculaire, ce th\u00e8me est incontestablement le choix ultime pour catapulter votre entreprise vers un succ\u00e8s in\u00e9gal\u00e9 dans le domaine num\u00e9rique.<\/p>\n<ul>\n<li>Conception professionnelle et \u00e9l\u00e9gante pour une boutique d&rsquo;accessoires de pi\u00e8ces et de voitures automobiles<\/li>\n<li>Construit avec Elementor Page Builder pour une personnalisation facile et des fonctionnalit\u00e9s de glisser-d\u00e9poser<\/li>\n<li>Enti\u00e8rement compatible avec WooCommerce pour la vente en ligne sans couture<\/li>\n<li>Conception r\u00e9active pour une visualisation optimale sur le bureau et les appareils mobiles<\/li>\n<li>Options avanc\u00e9es de filtrage des produits pour aider les clients \u00e0 trouver exactement ce qu&rsquo;ils recherchent<\/li>\n<li>Fonctionnalit\u00e9 de blogs int\u00e9gr\u00e9s pour aider \u00e0 g\u00e9n\u00e9rer un trafic organique vers votre site Web<\/li>\n<li>Options d&rsquo;en-t\u00eate et de pied de page \u00e0 choisir pour un look et une sensation personnalis\u00e9s<\/li>\n<li>Pages de produits personnalisables avec plusieurs options de disposition, y compris une vue rapide et des produits connexes<\/li>\n<li>Documentation compl\u00e8te et \u00e9quipe de support d\u00e9di\u00e9e pour aider \u00e0 tout probl\u00e8me technique.<\/li>\n<\/ul>\n","protected":false},"excerpt":{"rendered":"<p>La boutique d&rsquo;accessoires AUTUSIN AUTO AUTO PARTS ET CAR est un th\u00e8me WOOCOMMERCE WORDPRESS, parfait pour votre boutique en ligne. Ce th\u00e8me combine une conception robuste et flexible avec des fonctionnalit\u00e9s avanc\u00e9es, ce qui le rend id\u00e9al pour vendre des pi\u00e8ces automobiles et des accessoires de voiture. Construit avec Elementor, il offre une exp\u00e9rience d&rsquo;\u00e9dition transparente, vous permettant de personnaliser facilement votre site Web en fonction de votre marque. De plus, il est enti\u00e8rement int\u00e9gr\u00e9 \u00e0 WooCommerce, vous offrant un large \u00e9ventail de fonctionnalit\u00e9s de commerce \u00e9lectronique. Avec Autusin, vous pouvez facilement g\u00e9rer votre inventaire, suivre les commandes et offrir des options de paiement s\u00e9curis\u00e9es \u00e0 vos clients. De plus, ce th\u00e8me WordPress est tr\u00e8s r\u00e9actif, garantissant que votre boutique en ligne est magnifique et fonctionne en douceur sur n&rsquo;importe quel appareil. \u00c9levez votre magasin de pi\u00e8ces automobiles et d&rsquo;accessoires automobiles en ligne avec le th\u00e8me WordPress WooCommerce AudUsin Elementor.<\/p>\n","protected":false},"featured_media":143203,"comment_status":"open","ping_status":"open","template":"","meta":[],"product_brand":[2433],"product_cat":[1238,1851,1212],"product_tag":[1366],"class_list":{"0":"post-120443","1":"product","2":"type-product","3":"status-publish","4":"has-post-thumbnail","6":"product_brand-themeforest","7":"product_cat-commerce-electronique-themes","8":"product_cat-entreprise-commerce-electronique-themes","9":"product_cat-themes","10":"product_tag-themeforest","11":"member-discount","12":"discount-restricted","14":"first","15":"instock","16":"sale","17":"downloadable","18":"virtual","19":"sold-individually","20":"purchasable","21":"product-type-simple"},"_links":{"self":[{"href":"https:\/\/gpl-love.com\/fr\/wp-json\/wp\/v2\/product\/120443","targetHints":{"allow":["GET"]}}],"collection":[{"href":"https:\/\/gpl-love.com\/fr\/wp-json\/wp\/v2\/product"}],"about":[{"href":"https:\/\/gpl-love.com\/fr\/wp-json\/wp\/v2\/types\/product"}],"replies":[{"embeddable":true,"href":"https:\/\/gpl-love.com\/fr\/wp-json\/wp\/v2\/comments?post=120443"}],"wp:featuredmedia":[{"embeddable":true,"href":"https:\/\/gpl-love.com\/fr\/wp-json\/wp\/v2\/media\/143203"}],"wp:attachment":[{"href":"https:\/\/gpl-love.com\/fr\/wp-json\/wp\/v2\/media?parent=120443"}],"wp:term":[{"taxonomy":"product_brand","embeddable":true,"href":"https:\/\/gpl-love.com\/fr\/wp-json\/wp\/v2\/product_brand?post=120443"},{"taxonomy":"product_cat","embeddable":true,"href":"https:\/\/gpl-love.com\/fr\/wp-json\/wp\/v2\/product_cat?post=120443"},{"taxonomy":"product_tag","embeddable":true,"href":"https:\/\/gpl-love.com\/fr\/wp-json\/wp\/v2\/product_tag?post=120443"}],"curies":[{"name":"wp","href":"https:\/\/api.w.org\/{rel}","templated":true}]}}