{"id":120441,"date":"2022-03-06T00:00:00","date_gmt":"2022-03-05T23:00:00","guid":{"rendered":"https:\/\/gpl-love.com\/fr\/produit\/boxshop-responsive-woocommerce-wordpress-theme\/"},"modified":"2026-03-20T22:57:20","modified_gmt":"2026-03-20T21:57:20","slug":"boxshop-responsive-woocommerce-wordpress-theme","status":"publish","type":"product","link":"https:\/\/gpl-love.com\/fr\/produit\/boxshop-responsive-woocommerce-wordpress-theme\/","title":{"rendered":"BoxShop Responsive WooCommerce WordPress Theme 1.6.0"},"content":{"rendered":"<h3>BoxShop Responsive WooCommerce WordPress Theme Traits<\/h3>\n<p>Boxshop est un th\u00e8me WooCommerce WOOCommerce extr\u00eamement polyvalent et enti\u00e8rement r\u00e9actif qui offre un niveau de personnalisation in\u00e9gal\u00e9, ce qui en fait la solution ultime pour toute boutique en ligne. B\u00e9n\u00e9ficiant d&rsquo;un design \u00e9l\u00e9gant et contemporain, ce th\u00e8me vous permet de pr\u00e9senter vos produits de mani\u00e8re visuellement captivante, captivant l&rsquo;attention de votre public sans effort. De plus, le th\u00e8me offre une s\u00e9lection approfondie de dispositions de page d&rsquo;accueil pr\u00e9-con\u00e7ues qui peuvent \u00eatre adapt\u00e9es pour s&rsquo;aligner parfaitement avec votre image de marque. De plus, la myriade de fonctionnalit\u00e9s propos\u00e9es, y compris le produit rapide de produit, le filtrage de l&rsquo;Ajax et la liste de souhaits de produits, entre autres, renforcent l&rsquo;exp\u00e9rience utilisateur et amplifient la fonctionnalit\u00e9 de votre boutique en ligne. De plus, Boxshop a \u00e9t\u00e9 m\u00e9ticuleusement optimis\u00e9 pour la vitesse et le r\u00e9f\u00e9rencement, garantissant que votre site Web se charge rapidement et atteint des classements \u00e9lev\u00e9s sur divers moteurs de recherche. Que vous exploitez une petite boutique ou une boutique en ligne importante, Boxshop est sans \u00e9quivoque le th\u00e8me parfait pour propulser votre entreprise \u00e0 de nouveaux sommets.<\/p>\n<ul>\n<li>Un design moderne et \u00e9l\u00e9gant parfait pour toute boutique en ligne<\/li>\n<li>Enti\u00e8rement r\u00e9actif et convivial, assurant une navigation transparente sur n&rsquo;importe quel appareil<\/li>\n<li>La compatibilit\u00e9 WooCommerce int\u00e9gr\u00e9e permet une configuration et une gestion faciles de votre boutique en ligne<\/li>\n<li>Large gamme d&rsquo;options de personnalisation, y compris plusieurs options de disposition de page d&rsquo;accueil et des sch\u00e9mas de couleurs personnalisables<\/li>\n<li>Int\u00e9gration facile avec des plugins populaires tels que Revolution Slider et Yith Wishlist<\/li>\n<li>Vitesses de chargement rapide pour une exp\u00e9rience utilisateur fluide<\/li>\n<li>Optimisation du r\u00e9f\u00e9rencement pour am\u00e9liorer le classement des moteurs de recherche et g\u00e9n\u00e9rer plus de trafic vers votre site<\/li>\n<li>Documentation approfondie et support client d\u00e9di\u00e9 \u00e0 tous vos besoins<\/li>\n<\/ul>\n","protected":false},"excerpt":{"rendered":"<p>Pr\u00e9sentation de Boxshop, un th\u00e8me WooCommerce WOOCommerce tr\u00e8s flexible et r\u00e9actif con\u00e7u pour \u00e9lever votre boutique en ligne. Ce th\u00e8me riche en fonctionnalit\u00e9s est enti\u00e8rement personnalisable pour r\u00e9pondre \u00e0 vos besoins commerciaux uniques. Avec son int\u00e9gration transparente avec WooCommerce, vous pouvez configurer et g\u00e9rer sans effort votre boutique en ligne. La r\u00e9activit\u00e9 de Boxshop garantit que votre site Web est superbe sur tous les appareils, offrant une exp\u00e9rience de visualisation optimale \u00e0 vos clients. Son design propre et professionnel est parfait pour un large \u00e9ventail d&rsquo;entreprises, de la mode \u00e0 l&rsquo;\u00e9lectronique, des meubles et plus encore. Boxshop est \u00e9galement livr\u00e9 avec une pl\u00e9thore de dispositions pr\u00e9-faites, ce qui facilite la conception de votre site Web \u00e0 votre guise. Avec ses fonctionnalit\u00e9s robustes et son esth\u00e9tique \u00e9l\u00e9gante, Boxshop est un excellent choix pour tout d\u00e9taillant en ligne qui cherche \u00e0 am\u00e9liorer sa pr\u00e9sence num\u00e9rique. Ce th\u00e8me WordPress n&rsquo;est pas seulement un outil, mais une solution \u00e0 part enti\u00e8re pour faire passer votre entreprise de commerce \u00e9lectronique au niveau sup\u00e9rieur.<\/p>\n","protected":false},"featured_media":143310,"comment_status":"open","ping_status":"open","template":"","meta":[],"product_brand":[2433],"product_cat":[1238,1851,1212],"product_tag":[1366],"class_list":{"0":"post-120441","1":"product","2":"type-product","3":"status-publish","4":"has-post-thumbnail","6":"product_brand-themeforest","7":"product_cat-commerce-electronique-themes","8":"product_cat-entreprise-commerce-electronique-themes","9":"product_cat-themes","10":"product_tag-themeforest","11":"member-discount","12":"discount-restricted","14":"first","15":"instock","16":"sale","17":"downloadable","18":"virtual","19":"sold-individually","20":"purchasable","21":"product-type-simple"},"_links":{"self":[{"href":"https:\/\/gpl-love.com\/fr\/wp-json\/wp\/v2\/product\/120441","targetHints":{"allow":["GET"]}}],"collection":[{"href":"https:\/\/gpl-love.com\/fr\/wp-json\/wp\/v2\/product"}],"about":[{"href":"https:\/\/gpl-love.com\/fr\/wp-json\/wp\/v2\/types\/product"}],"replies":[{"embeddable":true,"href":"https:\/\/gpl-love.com\/fr\/wp-json\/wp\/v2\/comments?post=120441"}],"wp:featuredmedia":[{"embeddable":true,"href":"https:\/\/gpl-love.com\/fr\/wp-json\/wp\/v2\/media\/143310"}],"wp:attachment":[{"href":"https:\/\/gpl-love.com\/fr\/wp-json\/wp\/v2\/media?parent=120441"}],"wp:term":[{"taxonomy":"product_brand","embeddable":true,"href":"https:\/\/gpl-love.com\/fr\/wp-json\/wp\/v2\/product_brand?post=120441"},{"taxonomy":"product_cat","embeddable":true,"href":"https:\/\/gpl-love.com\/fr\/wp-json\/wp\/v2\/product_cat?post=120441"},{"taxonomy":"product_tag","embeddable":true,"href":"https:\/\/gpl-love.com\/fr\/wp-json\/wp\/v2\/product_tag?post=120441"}],"curies":[{"name":"wp","href":"https:\/\/api.w.org\/{rel}","templated":true}]}}