{"id":120439,"date":"2023-12-05T00:00:00","date_gmt":"2023-12-04T23:00:00","guid":{"rendered":"https:\/\/gpl-love.com\/fr\/produit\/acf-export-add-on-pro\/"},"modified":"2026-03-20T22:52:51","modified_gmt":"2026-03-20T21:52:51","slug":"acf-export-add-on-pro","status":"publish","type":"product","link":"https:\/\/gpl-love.com\/fr\/produit\/acf-export-add-on-pro\/","title":{"rendered":"WP All Export ACF Addon 1.0.6"},"content":{"rendered":"<h3>WP All Export ACF Addon Traits<\/h3>\n<p>WP All Export ACF Addon est un outil incroyablement robuste et avanc\u00e9 qui donne aux utilisateurs la possibilit\u00e9 d&rsquo;exporter des champs personnalis\u00e9s et sans effort sans effort directement \u00e0 partir de leur plate-forme WordPress. Cet addon remarquable s&rsquo;int\u00e8gre parfaitement \u00e0 WP toutes les exportations et pr\u00e9sente un large \u00e9ventail de fonctionnalit\u00e9s exceptionnelles qui facilitent l&rsquo;exportation des donn\u00e9es ACF d&rsquo;une mani\u00e8re extr\u00eamement sans probl\u00e8me. En utilisant cet outil extraordinaire, les individus sont autoris\u00e9s \u00e0 exporter leurs donn\u00e9es ACF dans une multitude de formats, y compris, mais sans s&rsquo;y limiter, CSV, XML et Excel. En outre, il offre \u00e9galement aux utilisateurs la possibilit\u00e9 de cartographier m\u00e9ticuleusement des champs ACF sp\u00e9cifiques \u00e0 leur format d&rsquo;exportation pr\u00e9f\u00e9r\u00e9, garantissant que les donn\u00e9es export\u00e9es r\u00e9sultant sont impeccablement pr\u00e9cises, pertinentes et tr\u00e8s applicables. En r\u00e9sum\u00e9, WP All Export ACF Addon est un outil absolument indispensable qui est absolument imp\u00e9ratif pour les d\u00e9veloppeurs, les administrateurs et les cr\u00e9ateurs de contenu WordPress qui cherchent s\u00e9rieusement \u00e0 optimiser et \u00e0 acc\u00e9l\u00e9rer leur processus d&rsquo;exportation global de donn\u00e9es.<\/p>\n<ul>\n<li>Le WP All Export ACF Addon est un outil puissant et utile con\u00e7u pour aider les utilisateurs \u00e0 exporter des champs personnalis\u00e9s avanc\u00e9s (ACFS) dans WordPress vers CSV, Excel, XML ou JSON.<\/li>\n<li>Avec cet addon, vous pouvez g\u00e9n\u00e9rer des mod\u00e8les d&rsquo;exportation personnalis\u00e9s pour les donn\u00e9es ACF qui incluent des champs, des groupes de terrain et des taxonomies pour r\u00e9pondre aux besoins sp\u00e9cifiques.<\/li>\n<li>Le plugin est facile \u00e0 installer et ne n\u00e9cessite aucune comp\u00e9tence de codage. Il est tr\u00e8s convivial et fournit une interface de glisser-d\u00e9poser simple pour cr\u00e9er des mod\u00e8les d&rsquo;exportation personnalis\u00e9s.<\/li>\n<li>L&rsquo;addon est \u00e9galement livr\u00e9 avec un syst\u00e8me de filtrage puissant qui vous permet d&rsquo;exporter uniquement les donn\u00e9es dont vous avez besoin, en fonction de crit\u00e8res sp\u00e9cifiques. Cela peut vous faire gagner du temps et \u00e9liminer les tracas de la recherche via des donn\u00e9es ind\u00e9sirables lors de l&rsquo;exportation.<\/li>\n<li>Les donn\u00e9es export\u00e9es peuvent \u00eatre utilis\u00e9es \u00e0 diverses fins, de la cr\u00e9ation de rapports \u00e0 l&rsquo;archivage des donn\u00e9es dans diff\u00e9rents formats. Cela offre une flexibilit\u00e9 et une commodit\u00e9 aux utilisateurs qui ont besoin de donn\u00e9es dans plusieurs formats.<\/li>\n<li>Le plugin est enti\u00e8rement compatible avec la version WP All Export Pro et s&rsquo;int\u00e8gre parfaitement \u00e0 lui pour une exp\u00e9rience d&rsquo;exportation compl\u00e8te.<\/li>\n<li>Le WP All Export ACF Addon est soutenu par un excellent support client et des mises \u00e0 jour r\u00e9guli\u00e8res pour s&rsquo;assurer qu&rsquo;elle reste pertinente et \u00e0 jour avec de nouvelles progr\u00e8s dans la technologie WordPress et ACF.<\/li>\n<\/ul>\n","protected":false},"excerpt":{"rendered":"<p>Le WP All Export ACF Addon, un outil WordPress tr\u00e8s efficace, est une aubaine pour les propri\u00e9taires de sites Web qui s&rsquo;appuient sur des champs personnalis\u00e9s avanc\u00e9s pour l&rsquo;extraction personnalis\u00e9e de champs. Cet addon WordPress polyvalent propose des processus d&rsquo;exportation de donn\u00e9es rationalis\u00e9s et un achat efficace de donn\u00e9es ACF, transformant les donn\u00e9es ACF en plusieurs formats tels que Excel, CSV et XML.<\/p>\n<p>L&rsquo;un des principaux avantages de WP ACF ACF est sa capacit\u00e9 \u00e0 simplifier l&rsquo;extraction de donn\u00e9es de champs personnalis\u00e9s avanc\u00e9s. Ce module compl\u00e9mentaire est particuli\u00e8rement utile pour la gestion des donn\u00e9es du site Web permettant de gagner du temps. Il permet aux utilisateurs d&rsquo;exporter facilement les donn\u00e9es ACF et fournit un module compl\u00e9mentaire optimal de gestion de contenu pour WordPress.<\/p>\n<p>Non seulement c&rsquo;est un outil WordPress tr\u00e8s efficace, mais il est \u00e9galement un choix de haut niveau pour les solutions de gestion des donn\u00e9es ACF. Les utilisateurs peuvent se procurer des donn\u00e9es ACF enti\u00e8re via quelques clics, ce qui en fait un outil d&rsquo;exportation de donn\u00e9es ACF sans tracas.<\/p>\n<p>Dans le domaine des outils de gestion de contenu WordPress, le WP All Export ACF Addon est une vedette, offrant ACF sans effort<\/p>\n","protected":false},"featured_media":143013,"comment_status":"open","ping_status":"open","template":"","meta":[],"product_brand":[2436],"product_cat":[1187,1181,1186],"product_tag":[1411],"class_list":{"0":"post-120439","1":"product","2":"type-product","3":"status-publish","4":"has-post-thumbnail","6":"product_brand-wp-all-import","7":"product_cat-administration-wordpress-plugins","8":"product_cat-plugins","9":"product_cat-wordpress-plugins","10":"product_tag-wp-all-import","11":"member-discount","12":"discount-restricted","14":"first","15":"instock","16":"sale","17":"downloadable","18":"virtual","19":"sold-individually","20":"purchasable","21":"product-type-simple"},"_links":{"self":[{"href":"https:\/\/gpl-love.com\/fr\/wp-json\/wp\/v2\/product\/120439","targetHints":{"allow":["GET"]}}],"collection":[{"href":"https:\/\/gpl-love.com\/fr\/wp-json\/wp\/v2\/product"}],"about":[{"href":"https:\/\/gpl-love.com\/fr\/wp-json\/wp\/v2\/types\/product"}],"replies":[{"embeddable":true,"href":"https:\/\/gpl-love.com\/fr\/wp-json\/wp\/v2\/comments?post=120439"}],"wp:featuredmedia":[{"embeddable":true,"href":"https:\/\/gpl-love.com\/fr\/wp-json\/wp\/v2\/media\/143013"}],"wp:attachment":[{"href":"https:\/\/gpl-love.com\/fr\/wp-json\/wp\/v2\/media?parent=120439"}],"wp:term":[{"taxonomy":"product_brand","embeddable":true,"href":"https:\/\/gpl-love.com\/fr\/wp-json\/wp\/v2\/product_brand?post=120439"},{"taxonomy":"product_cat","embeddable":true,"href":"https:\/\/gpl-love.com\/fr\/wp-json\/wp\/v2\/product_cat?post=120439"},{"taxonomy":"product_tag","embeddable":true,"href":"https:\/\/gpl-love.com\/fr\/wp-json\/wp\/v2\/product_tag?post=120439"}],"curies":[{"name":"wp","href":"https:\/\/api.w.org\/{rel}","templated":true}]}}