{"id":120437,"date":"2025-10-02T00:00:00","date_gmt":"2025-10-01T22:00:00","guid":{"rendered":"https:\/\/gpl-love.com\/fr\/produit\/affiliatewp-portal\/"},"modified":"2026-03-20T22:53:56","modified_gmt":"2026-03-20T21:53:56","slug":"affiliate-portal","status":"publish","type":"product","link":"https:\/\/gpl-love.com\/fr\/produit\/affiliate-portal\/","title":{"rendered":"AffiliateWP Affiliate Portal 1.3.11"},"content":{"rendered":"<h3>AffiliateWP Affiliate Portal Traits<\/h3>\n<p>Le portail Affiliatewp, un outil exceptionnel pour les entreprises visant \u00e0 \u00e9tablir et \u00e0 superviser leurs propres programmes de marketing d&rsquo;affiliation, offre une gamme de capacit\u00e9s impressionnantes. Son interface conviviale associ\u00e9e \u00e0 ses fonctionnalit\u00e9s \u00e9tendues simplifie non seulement le processus de recrutement et de gestion des affili\u00e9s, mais facilite \u00e9galement la surveillance des ventes et des performances. De plus, ce portail permet aux entreprises d&rsquo;adapter les structures de commission \u00e0 leurs besoins sp\u00e9cifiques, d&rsquo;\u00e9tablir des niveaux d&rsquo;affiliation et de concevoir des documents promotionnels qui contribuent au succ\u00e8s de leurs affili\u00e9s. En plus de ces avantages, le portail Affiliatewp poss\u00e8de une gamme compl\u00e8te d&rsquo;outils de reporting et d&rsquo;analyse, permettant aux entreprises de prendre des d\u00e9cisions \u00e9clair\u00e9es tir\u00e9es par les donn\u00e9es et d&rsquo;optimiser leurs programmes d&rsquo;affiliation pour une efficacit\u00e9 maximale. Compte tenu de son interface intuitive et de ses fonctionnalit\u00e9s robustes, le portail AffiliateWP est un atout vital pour toute entreprise visant \u00e0 augmenter ses ventes et ses revenus gr\u00e2ce \u00e0 la mise en \u0153uvre de strat\u00e9gies de marketing d&rsquo;affiliation.<\/p>\n<ul>\n<li>Int\u00e9gration facile de l&rsquo;affiliatewp avec votre site Web<\/li>\n<li>Gestion rationalis\u00e9e des comptes et paiements d&rsquo;affiliation<\/li>\n<li>Formulaire d&rsquo;enregistrement des affili\u00e9s personnalisable pour recueillir les informations n\u00e9cessaires<\/li>\n<li>Capacit\u00e9 \u00e0 suivre les performances des affili\u00e9s et les commissions en temps r\u00e9el<\/li>\n<li>Outils de reporting et d&rsquo;analyse int\u00e9gr\u00e9s pour aider \u00e0 \u00e9valuer le succ\u00e8s<\/li>\n<li>Automatise les paiements aux affili\u00e9s, y compris le support PayPal<\/li>\n<li>Authentification et protection des utilisateurs s\u00e9curis\u00e9s des donn\u00e9es sensibles<\/li>\n<li>Structures de commission flexibles bas\u00e9es sur le trafic de r\u00e9f\u00e9rence ou les revenus globaux g\u00e9n\u00e9r\u00e9s<\/li>\n<li>Acc\u00e8s \u00e0 l&rsquo;API pour que les d\u00e9veloppeurs pour personnaliser et \u00e9tendre davantage les fonctionnalit\u00e9s.<\/li>\n<\/ul>\n","protected":false},"excerpt":{"rendered":"<p>Le portail AffiliateWP, rempli de fonctionnalit\u00e9s robustes, est la solution ultime pour g\u00e9rer efficacement votre programme d&rsquo;affiliation. Cette plate-forme a un large \u00e9ventail de capacit\u00e9s et de fonctionnalit\u00e9s, ce qui rend plus simple \u00e0 surveiller vos affili\u00e9s sur AffiliateWP. Gr\u00e2ce \u00e0 son interface conviviale, vous pouvez facilement analyser les rapports et fixer les taux de commission, tout en garantissant une initiation transparente de votre programme.<\/p>\n<p>Les fonctionnalit\u00e9s du portail Affiliatewp sont con\u00e7ues pour optimiser votre programme d&rsquo;affiliation, que vous soyez tout simplement d\u00e9but\u00e9 ou que vous vous efforciez de l&rsquo;\u00e9lever \u00e0 de nouveaux sommets. Ses fonctionnalit\u00e9s facilitent la gestion de votre programme, tandis que ses capacit\u00e9s permettent des informations et un contr\u00f4le d\u00e9taill\u00e9s. Avec le portail Affiliatewp, la fixation des taux de commission sur AffiliateWP devient un processus sans tracas, et l&rsquo;analyse des rapports est aussi simple que possible.<\/p>\n<p>Le portail Affiliatewp est l&rsquo;outil id\u00e9al pour les entreprises \u00e0 la recherche d&rsquo;une solution compl\u00e8te \u00e0 tous leurs besoins de gestion d&rsquo;affiliation. Son interface conviviale assure une exp\u00e9rience utilisateur fluide, tandis que les fonctionnalit\u00e9s robustes de la plate-forme garantissent la gestion la plus efficace de votre programme d&rsquo;affiliation. Si vous \u00eates juste<\/p>\n","protected":false},"featured_media":143084,"comment_status":"open","ping_status":"closed","template":"","meta":[],"product_brand":[2453],"product_cat":[1200,1182,1181],"product_tag":[1202],"class_list":{"0":"post-120437","1":"product","2":"type-product","3":"status-publish","4":"has-post-thumbnail","6":"product_brand-affiliate-wp","7":"product_cat-commercialisation","8":"product_cat-commerce-electronique-plugins","9":"product_cat-plugins","10":"product_tag-affiliate-wp","11":"member-discount","12":"discount-restricted","14":"first","15":"instock","16":"sale","17":"downloadable","18":"virtual","19":"sold-individually","20":"purchasable","21":"product-type-simple"},"_links":{"self":[{"href":"https:\/\/gpl-love.com\/fr\/wp-json\/wp\/v2\/product\/120437","targetHints":{"allow":["GET"]}}],"collection":[{"href":"https:\/\/gpl-love.com\/fr\/wp-json\/wp\/v2\/product"}],"about":[{"href":"https:\/\/gpl-love.com\/fr\/wp-json\/wp\/v2\/types\/product"}],"replies":[{"embeddable":true,"href":"https:\/\/gpl-love.com\/fr\/wp-json\/wp\/v2\/comments?post=120437"}],"wp:featuredmedia":[{"embeddable":true,"href":"https:\/\/gpl-love.com\/fr\/wp-json\/wp\/v2\/media\/143084"}],"wp:attachment":[{"href":"https:\/\/gpl-love.com\/fr\/wp-json\/wp\/v2\/media?parent=120437"}],"wp:term":[{"taxonomy":"product_brand","embeddable":true,"href":"https:\/\/gpl-love.com\/fr\/wp-json\/wp\/v2\/product_brand?post=120437"},{"taxonomy":"product_cat","embeddable":true,"href":"https:\/\/gpl-love.com\/fr\/wp-json\/wp\/v2\/product_cat?post=120437"},{"taxonomy":"product_tag","embeddable":true,"href":"https:\/\/gpl-love.com\/fr\/wp-json\/wp\/v2\/product_tag?post=120437"}],"curies":[{"name":"wp","href":"https:\/\/api.w.org\/{rel}","templated":true}]}}