{"id":120433,"date":"2025-09-09T00:00:00","date_gmt":"2025-09-08T22:00:00","guid":{"rendered":"https:\/\/gpl-love.com\/fr\/produit\/shipping-details-plugin-pour-woocommerce\/"},"modified":"2026-04-10T18:39:25","modified_gmt":"2026-04-10T16:39:25","slug":"shipping-details-plugin-pour-woocommerce","status":"publish","type":"product","link":"https:\/\/gpl-love.com\/fr\/produit\/shipping-details-plugin-pour-woocommerce\/","title":{"rendered":"Shipping Details Plugin pour WooCommerce 1.8.0.8"},"content":{"rendered":"<h3>Shipping Details Plugin pour WooCommerce Traits<\/h3>\n<p>Le plugin de d\u00e9tails d&rsquo;exp\u00e9dition pour WooCommerce est fortement recommand\u00e9 pour les personnes qui poss\u00e8dent des magasins en ligne et souhaitent un processus d&rsquo;exp\u00e9dition plus rationalis\u00e9. En utilisant ce plugin, les clients sont autoris\u00e9s \u00e0 saisir facilement leurs d\u00e9tails d&rsquo;exp\u00e9dition, \u00e0 englober leur adresse et leur m\u00e9thode d&rsquo;exp\u00e9dition pr\u00e9f\u00e9r\u00e9e, directement via la page de paiement. Par la suite, le plugin effectue un calcul habilement pour d\u00e9terminer les taux d&rsquo;exp\u00e9dition, les taxes et les d\u00e9lais de livraison, tous subordonn\u00e9s aux informations fournies. Gr\u00e2ce \u00e0 l&#8217;emploi de ce plugin, la gestion et le suivi des commandes d&rsquo;exp\u00e9dition deviennent sans effort, ce qui permet d&rsquo;\u00e9conomiser un temps et une \u00e9nergie pr\u00e9cieux. De plus, il sert \u00e0 diminuer les erreurs et \u00e0 garantir une pr\u00e9cision dans la livraison des produits. Poss\u00e9dant une interface conviviale, le plugin de d\u00e9tails d&rsquo;exp\u00e9dition pour WooCommerce peut \u00eatre rapidement install\u00e9 et utilis\u00e9, ce qui en fait un investissement exceptionnel pour toute entreprise en ligne cherchant \u00e0 am\u00e9liorer ses proc\u00e9dures d&rsquo;exp\u00e9dition.<\/p>\n<ul>\n<li>Personnaliser les options d&rsquo;exp\u00e9dition pour votre boutique WooCommerce<\/li>\n<li>D\u00e9finir les tarifs d&rsquo;exp\u00e9dition en fonction du poids, du taux forfaitaire ou de l&#8217;emplacement du client<\/li>\n<li>Choisissez parmi divers transporteurs tels que USPS, UPS et FedEx<\/li>\n<li>Int\u00e9grez facilement \u00e0 votre processus de paiement WooCommerce existant<\/li>\n<li>Calculer automatiquement les frais d&rsquo;exp\u00e9dition pour les clients lors du paiement<\/li>\n<li>Offrez des options de livraison gratuites pour les produits s\u00e9lectionn\u00e9s ou pour les commandes sur un certain montant<\/li>\n<li>Fournir des informations de suivi en temps r\u00e9el pour les exp\u00e9ditions<\/li>\n<li>\u00c9conomisez du temps et de l&rsquo;argent en rationalisant vos processus d&rsquo;exp\u00e9dition<\/li>\n<li>Am\u00e9liorer la satisfaction du client en fournissant des informations d&rsquo;exp\u00e9dition pr\u00e9cises et fiables<\/li>\n<\/ul>\n","protected":false},"excerpt":{"rendered":"<p>Le plugin de d\u00e9tails d&rsquo;exp\u00e9dition pour WooCommerce, un outil indispensable pour les propri\u00e9taires de magasins en ligne qui cherche \u00e0 rationaliser leur processus d&rsquo;exp\u00e9dition, offre une myriade d&rsquo;avantages. En incorporant ce plugin dans votre site Web, les clients auront la commodit\u00e9 de saisir sans effort leurs d\u00e9tails d&rsquo;exp\u00e9dition pendant le processus de paiement, en veillant \u00e0 ce que leurs commandes soient livr\u00e9es \u00e0 la bonne destination. En outre, ce plugin offre aux propri\u00e9taires de magasins la possibilit\u00e9 d&rsquo;adapter les options d&rsquo;exp\u00e9dition pour s&rsquo;aligner sur leurs exigences commerciales uniques, leur accordant la flexibilit\u00e9 d&rsquo;\u00e9tablir des r\u00e8gles d&rsquo;exp\u00e9dition en fonction de facteurs tels que le poids, la destination et les autres variables pertinentes. De plus, l&rsquo;int\u00e9gration des tarifs d&rsquo;exp\u00e9dition en temps r\u00e9el vous permet de pr\u00e9senter vos clients des frais d&rsquo;exp\u00e9dition pr\u00e9cis, ce qui entra\u00eene une exp\u00e9rience de paiement transparente et efficace. Ne manquez pas l&rsquo;opportunit\u00e9 de simplifier l&rsquo;exp\u00e9dition pour vous-m\u00eame et vos clients &#8211; acqu\u00e9rez le plugin de d\u00e9tails d&rsquo;exp\u00e9dition pour WooCommerce aujourd&rsquo;hui.<\/p>\n","protected":false},"featured_media":145231,"comment_status":"open","ping_status":"open","template":"","meta":[],"product_brand":[2655],"product_cat":[1182,1223,1181],"product_tag":[2288],"class_list":{"0":"post-120433","1":"product","2":"type-product","3":"status-publish","4":"has-post-thumbnail","6":"product_brand-woobewoo","7":"product_cat-commerce-electronique-plugins","8":"product_cat-personnalisation-commerce-electronique-plugins","9":"product_cat-plugins","10":"product_tag-woobewoo","11":"member-discount","12":"discount-restricted","14":"first","15":"instock","16":"sale","17":"downloadable","18":"virtual","19":"sold-individually","20":"purchasable","21":"product-type-simple"},"_links":{"self":[{"href":"https:\/\/gpl-love.com\/fr\/wp-json\/wp\/v2\/product\/120433","targetHints":{"allow":["GET"]}}],"collection":[{"href":"https:\/\/gpl-love.com\/fr\/wp-json\/wp\/v2\/product"}],"about":[{"href":"https:\/\/gpl-love.com\/fr\/wp-json\/wp\/v2\/types\/product"}],"replies":[{"embeddable":true,"href":"https:\/\/gpl-love.com\/fr\/wp-json\/wp\/v2\/comments?post=120433"}],"wp:featuredmedia":[{"embeddable":true,"href":"https:\/\/gpl-love.com\/fr\/wp-json\/wp\/v2\/media\/145231"}],"wp:attachment":[{"href":"https:\/\/gpl-love.com\/fr\/wp-json\/wp\/v2\/media?parent=120433"}],"wp:term":[{"taxonomy":"product_brand","embeddable":true,"href":"https:\/\/gpl-love.com\/fr\/wp-json\/wp\/v2\/product_brand?post=120433"},{"taxonomy":"product_cat","embeddable":true,"href":"https:\/\/gpl-love.com\/fr\/wp-json\/wp\/v2\/product_cat?post=120433"},{"taxonomy":"product_tag","embeddable":true,"href":"https:\/\/gpl-love.com\/fr\/wp-json\/wp\/v2\/product_tag?post=120433"}],"curies":[{"name":"wp","href":"https:\/\/api.w.org\/{rel}","templated":true}]}}